{"id":79,"date":"2025-05-22T13:34:35","date_gmt":"2025-05-22T13:34:35","guid":{"rendered":"https:\/\/www.ccj.ufpb.br\/santarita\/?page_id=79"},"modified":"2025-05-29T16:35:26","modified_gmt":"2025-05-29T16:35:26","slug":"links-uteis","status":"publish","type":"page","link":"https:\/\/www.ccj.ufpb.br\/santarita\/links-uteis\/","title":{"rendered":"Links \u00dateis"},"content":{"rendered":"\n<p><a href=\"https:\/\/instagram.com\/direitosantarita\" target=\"_blank\" rel=\"noreferrer noopener\">PERFIL NO INSTAGRAM DA COORDENA\u00c7\u00c3O DE CURSO<\/a><\/p>\n\n\n\n<p><strong><a href=\"https:\/\/sigaa.ufpb.br\/sigaa\/public\/autenticidade\/tipo_documento.jsf\" target=\"_blank\" rel=\"noreferrer noopener\">AUTENTICA\u00c7\u00c3O DE DOCUMENTOS EMITIDOS PELO SIGAA<\/a><\/strong><\/p>\n\n\n\n<p><strong><a href=\"https:\/\/www.ufpb.br\/aci\" target=\"_blank\" rel=\"noreferrer noopener\">AGENCIA UFPB DE COOPERA\u00c7\u00c3O INTERNACIONAL &#8211; (ACI &#8211; UFPB)<\/a><\/strong><\/p>\n\n\n\n<p><a href=\"http:\/\/www.ccj.ufpb.br\/\" target=\"_blank\" rel=\"noreferrer noopener\">CENTRO DE CI\u00caNCIAS JUR\u00cdDICAS &#8211; CCJ\/UFPB<\/a><\/p>\n\n\n\n<p><a href=\"http:\/\/www.prg.ufpb.br\/prg\/codesc\/menu\/mobilidade-academica\" target=\"_blank\" rel=\"noreferrer noopener\">MOBILIDADE ESTUDANTIL&nbsp;<\/a><\/p>\n\n\n\n<p><a href=\"http:\/\/www.prg.ufpb.br\/\" target=\"_blank\" rel=\"noreferrer noopener\">PR\u00d3-REITORIA DE GRADUA\u00c7\u00c3O &#8211; PRG<\/a><\/p>\n\n\n\n<p><a href=\"http:\/\/www.ufpb.br\/prape\" target=\"_blank\" rel=\"noreferrer noopener\">PR\u00d3-REITORIA DE ASSIST\u00caNCIA E PROMO\u00c7\u00c3O AO ESTUDANTE&nbsp;\u2013&nbsp;PRAPE<\/a><\/p>\n","protected":false},"excerpt":{"rendered":"<p>PERFIL NO INSTAGRAM DA COORDENA\u00c7\u00c3O DE CURSO AUTENTICA\u00c7\u00c3O DE DOCUMENTOS EMITIDOS PELO SIGAA AGENCIA UFPB [&hellip;]<\/p>\n","protected":false},"author":54,"featured_media":0,"parent":0,"menu_order":0,"comment_status":"closed","ping_status":"closed","template":"","meta":{"footnotes":""},"class_list":["post-79","page","type-page","status-publish","hentry"],"_links":{"self":[{"href":"https:\/\/www.ccj.ufpb.br\/santarita\/wp-json\/wp\/v2\/pages\/79","targetHints":{"allow":["GET"]}}],"collection":[{"href":"https:\/\/www.ccj.ufpb.br\/santarita\/wp-json\/wp\/v2\/pages"}],"about":[{"href":"https:\/\/www.ccj.ufpb.br\/santarita\/wp-json\/wp\/v2\/types\/page"}],"author":[{"embeddable":true,"href":"https:\/\/www.ccj.ufpb.br\/santarita\/wp-json\/wp\/v2\/users\/54"}],"replies":[{"embeddable":true,"href":"https:\/\/www.ccj.ufpb.br\/santarita\/wp-json\/wp\/v2\/comments?post=79"}],"version-history":[{"count":2,"href":"https:\/\/www.ccj.ufpb.br\/santarita\/wp-json\/wp\/v2\/pages\/79\/revisions"}],"predecessor-version":[{"id":148,"href":"https:\/\/www.ccj.ufpb.br\/santarita\/wp-json\/wp\/v2\/pages\/79\/revisions\/148"}],"wp:attachment":[{"href":"https:\/\/www.ccj.ufpb.br\/santarita\/wp-json\/wp\/v2\/media?parent=79"}],"curies":[{"name":"wp","href":"https:\/\/api.w.org\/{rel}","templated":true}]}}