{"id":66,"date":"2025-05-21T18:35:09","date_gmt":"2025-05-21T18:35:09","guid":{"rendered":"https:\/\/www.ccj.ufpb.br\/santarita\/?page_id=66"},"modified":"2025-05-23T19:48:57","modified_gmt":"2025-05-23T19:48:57","slug":"atas","status":"publish","type":"page","link":"https:\/\/www.ccj.ufpb.br\/santarita\/atas\/","title":{"rendered":"Atas"},"content":{"rendered":"\n<p><strong>Atas de reuni\u00f5es departamentais<\/strong><\/p>\n\n\n\n<h3 class=\"wp-block-heading\">As reuni\u00f5es departamentais ocorrem todos os meses do ano e as atas destas reuni\u00f5es est\u00e3o dispon\u00edveis em:<\/h3>\n\n\n\n<h2 class=\"wp-block-heading\"><div class=\"linha-header\"><strong><a href=\"https:\/\/sipac.ufpb.br\/\" target=\"_blank\" rel=\"noreferrer noopener\">https:\/\/sipac.ufpb.br\/<\/a><\/strong><\/div><\/h2>\n","protected":false},"excerpt":{"rendered":"<p>Atas de reuni\u00f5es departamentais As reuni\u00f5es departamentais ocorrem todos os meses do ano e as [&hellip;]<\/p>\n","protected":false},"author":54,"featured_media":0,"parent":0,"menu_order":0,"comment_status":"closed","ping_status":"closed","template":"","meta":{"footnotes":""},"class_list":["post-66","page","type-page","status-publish","hentry"],"_links":{"self":[{"href":"https:\/\/www.ccj.ufpb.br\/santarita\/wp-json\/wp\/v2\/pages\/66","targetHints":{"allow":["GET"]}}],"collection":[{"href":"https:\/\/www.ccj.ufpb.br\/santarita\/wp-json\/wp\/v2\/pages"}],"about":[{"href":"https:\/\/www.ccj.ufpb.br\/santarita\/wp-json\/wp\/v2\/types\/page"}],"author":[{"embeddable":true,"href":"https:\/\/www.ccj.ufpb.br\/santarita\/wp-json\/wp\/v2\/users\/54"}],"replies":[{"embeddable":true,"href":"https:\/\/www.ccj.ufpb.br\/santarita\/wp-json\/wp\/v2\/comments?post=66"}],"version-history":[{"count":2,"href":"https:\/\/www.ccj.ufpb.br\/santarita\/wp-json\/wp\/v2\/pages\/66\/revisions"}],"predecessor-version":[{"id":96,"href":"https:\/\/www.ccj.ufpb.br\/santarita\/wp-json\/wp\/v2\/pages\/66\/revisions\/96"}],"wp:attachment":[{"href":"https:\/\/www.ccj.ufpb.br\/santarita\/wp-json\/wp\/v2\/media?parent=66"}],"curies":[{"name":"wp","href":"https:\/\/api.w.org\/{rel}","templated":true}]}}