{"id":64,"date":"2025-05-21T18:34:50","date_gmt":"2025-05-21T18:34:50","guid":{"rendered":"https:\/\/www.ccj.ufpb.br\/santarita\/?page_id=64"},"modified":"2025-06-26T12:07:43","modified_gmt":"2025-06-26T12:07:43","slug":"catalogo-de-servicos","status":"publish","type":"page","link":"https:\/\/www.ccj.ufpb.br\/santarita\/catalogo-de-servicos\/","title":{"rendered":"Servi\u00e7os"},"content":{"rendered":"\n<figure class=\"wp-block-image size-full is-resized\"><img loading=\"lazy\" decoding=\"async\" width=\"768\" height=\"432\" src=\"http:\/\/www.ccj.ufpb.br\/santarita\/wp-content\/uploads\/sites\/106\/sites\/306\/2025\/05\/imageCCJ_SR.jpeg\" alt=\"\" class=\"wp-image-87\" style=\"width:494px;height:auto\" srcset=\"https:\/\/www.ccj.ufpb.br\/santarita\/wp-content\/uploads\/sites\/106\/sites\/306\/2025\/05\/imageCCJ_SR.jpeg 768w, https:\/\/www.ccj.ufpb.br\/santarita\/wp-content\/uploads\/sites\/106\/sites\/306\/2025\/05\/imageCCJ_SR-300x169.jpeg 300w\" sizes=\"auto, (max-width: 768px) 100vw, 768px\" \/><\/figure>\n\n\n\n<p><\/p>\n\n\n\n<div class=\"wp-block-file\"><a id=\"wp-block-file--media-794a3544-cc67-47f7-af44-71c7167aad13\" href=\"https:\/\/www.ccj.ufpb.br\/santarita\/wp-content\/uploads\/sites\/106\/sites\/306\/2025\/06\/guia-do-estudante-ccj_novo.pdf\">Guia do Estudante<\/a><a href=\"https:\/\/www.ccj.ufpb.br\/santarita\/wp-content\/uploads\/sites\/106\/sites\/306\/2025\/06\/guia-do-estudante-ccj_novo.pdf\" class=\"wp-block-file__button wp-element-button\" download aria-describedby=\"wp-block-file--media-794a3544-cc67-47f7-af44-71c7167aad13\">Baixar<\/a><\/div>\n\n\n\n<p><\/p>\n\n\n\n<p><a href=\"https:\/\/www.ccj.ufpb.br\/santarita\/servicos-e-formularios-2\/\" data-type=\"page\" data-id=\"155\">Servi\u00e7os e Formul\u00e1rios<\/a><\/p>\n\n\n\n<p><a href=\"https:\/\/www.ccj.ufpb.br\/santarita\/catalogo-de-servicos-2\/\" data-type=\"page\" data-id=\"402\">Cat\u00e1logo de Servi\u00e7os<\/a><\/p>\n\n\n\n<p><\/p>\n","protected":false},"excerpt":{"rendered":"<p>Servi\u00e7os e Formul\u00e1rios Cat\u00e1logo de Servi\u00e7os<\/p>\n","protected":false},"author":54,"featured_media":0,"parent":0,"menu_order":0,"comment_status":"closed","ping_status":"closed","template":"","meta":{"footnotes":""},"class_list":["post-64","page","type-page","status-publish","hentry"],"_links":{"self":[{"href":"https:\/\/www.ccj.ufpb.br\/santarita\/wp-json\/wp\/v2\/pages\/64","targetHints":{"allow":["GET"]}}],"collection":[{"href":"https:\/\/www.ccj.ufpb.br\/santarita\/wp-json\/wp\/v2\/pages"}],"about":[{"href":"https:\/\/www.ccj.ufpb.br\/santarita\/wp-json\/wp\/v2\/types\/page"}],"author":[{"embeddable":true,"href":"https:\/\/www.ccj.ufpb.br\/santarita\/wp-json\/wp\/v2\/users\/54"}],"replies":[{"embeddable":true,"href":"https:\/\/www.ccj.ufpb.br\/santarita\/wp-json\/wp\/v2\/comments?post=64"}],"version-history":[{"count":12,"href":"https:\/\/www.ccj.ufpb.br\/santarita\/wp-json\/wp\/v2\/pages\/64\/revisions"}],"predecessor-version":[{"id":426,"href":"https:\/\/www.ccj.ufpb.br\/santarita\/wp-json\/wp\/v2\/pages\/64\/revisions\/426"}],"wp:attachment":[{"href":"https:\/\/www.ccj.ufpb.br\/santarita\/wp-json\/wp\/v2\/media?parent=64"}],"curies":[{"name":"wp","href":"https:\/\/api.w.org\/{rel}","templated":true}]}}