{"id":462,"date":"2025-06-26T20:59:21","date_gmt":"2025-06-26T20:59:21","guid":{"rendered":"https:\/\/www.ccj.ufpb.br\/santarita\/?page_id=462"},"modified":"2025-06-26T20:59:58","modified_gmt":"2025-06-26T20:59:58","slug":"assessoria-de-pesquisa","status":"publish","type":"page","link":"https:\/\/www.ccj.ufpb.br\/santarita\/assessoria-de-pesquisa\/","title":{"rendered":"Assessoria de Pesquisa"},"content":{"rendered":"\n<p>Atende \u00e0s demandas da Dire\u00e7\u00e3o do Centro ou da PRPG, promovendo discuss\u00e3o sobre rumos, direcionamento e metas para as atividades de pesquisa, visando explorar as potencialidades do centro e, ao mesmo tempo, atende aos interesses acad\u00eamicos e da sociedade, respeitando-se as linhas de pesquisa e individualidade de cada docente. Acompanha as a\u00e7\u00f5es do PPGCJ e facilita o di\u00e1logo entre o PPGCJ e os demais setores do centro.<\/p>\n\n\n\n<p><\/p>\n","protected":false},"excerpt":{"rendered":"<p>Atende \u00e0s demandas da Dire\u00e7\u00e3o do Centro ou da PRPG, promovendo discuss\u00e3o sobre rumos, direcionamento [&hellip;]<\/p>\n","protected":false},"author":54,"featured_media":0,"parent":0,"menu_order":0,"comment_status":"closed","ping_status":"closed","template":"","meta":{"footnotes":""},"class_list":["post-462","page","type-page","status-publish","hentry"],"_links":{"self":[{"href":"https:\/\/www.ccj.ufpb.br\/santarita\/wp-json\/wp\/v2\/pages\/462","targetHints":{"allow":["GET"]}}],"collection":[{"href":"https:\/\/www.ccj.ufpb.br\/santarita\/wp-json\/wp\/v2\/pages"}],"about":[{"href":"https:\/\/www.ccj.ufpb.br\/santarita\/wp-json\/wp\/v2\/types\/page"}],"author":[{"embeddable":true,"href":"https:\/\/www.ccj.ufpb.br\/santarita\/wp-json\/wp\/v2\/users\/54"}],"replies":[{"embeddable":true,"href":"https:\/\/www.ccj.ufpb.br\/santarita\/wp-json\/wp\/v2\/comments?post=462"}],"version-history":[{"count":3,"href":"https:\/\/www.ccj.ufpb.br\/santarita\/wp-json\/wp\/v2\/pages\/462\/revisions"}],"predecessor-version":[{"id":465,"href":"https:\/\/www.ccj.ufpb.br\/santarita\/wp-json\/wp\/v2\/pages\/462\/revisions\/465"}],"wp:attachment":[{"href":"https:\/\/www.ccj.ufpb.br\/santarita\/wp-json\/wp\/v2\/media?parent=462"}],"curies":[{"name":"wp","href":"https:\/\/api.w.org\/{rel}","templated":true}]}}