{"id":455,"date":"2025-06-26T20:52:28","date_gmt":"2025-06-26T20:52:28","guid":{"rendered":"https:\/\/www.ccj.ufpb.br\/santarita\/?page_id=455"},"modified":"2025-06-26T20:52:28","modified_gmt":"2025-06-26T20:52:28","slug":"assessoria-de-extensao-universitaria","status":"publish","type":"page","link":"https:\/\/www.ccj.ufpb.br\/santarita\/assessoria-de-extensao-universitaria\/","title":{"rendered":"Assessoria de Extens\u00e3o Universit\u00e1ria"},"content":{"rendered":"\n<p class=\" \"><strong>Assessora \u00e0 Dire\u00e7\u00e3o do Centro em assuntos relacionados \u00e0 extens\u00e3o em todos os seus aspectos. Consolida os relat\u00f3rios semestrais de atividades de Extens\u00e3o dos Departamentos. Faz todos os encaminhamentos necess\u00e1rios para o perfeito desenvolvimento das atividades de Extens\u00e3o do Centro e outras atividades que se fizerem necess\u00e1rias.<\/strong><\/p>\n\n\n\n<h3 class=\"wp-block-heading\"><strong>Assessoria Extens\u00e3o:\u00a0<\/strong><\/h3>\n\n\n\n<p><strong>Ludmila Cerqueira Correia<\/strong><\/p>\n\n\n\n<p><strong>assessoriaextccj@gmail.com<\/strong><\/p>\n\n\n\n<figure class=\"wp-block-table\"><table class=\"has-fixed-layout\"><tbody><tr><td><strong>PROJETO DE EXTENS\u00c3O<\/strong><\/td><td><strong>COORDENADOR (A)<\/strong><\/td><\/tr><tr><td>CRDH \u2013 ASSESSORIA JUR\u00cdDICA A PESSOAS ESPECIAIS: UM ESPA\u00c7O DE CIDADANIA<\/td><td>Robson Ant\u00e3o de Medeiros<\/td><\/tr><tr><td>CRDH: EDUCA\u00c7\u00c3O POPULAR, G\u00caNERO E ACESSO \u00c0 JUSTI\u00c7A: CONSTRUINDO DIREITOS, PROMOVENDO CIDADANIA<\/td><td>Tatyane Guimar\u00e3es Oliveira<\/td><\/tr><tr><td>CRDH \u2013 Ymyrapyt\u00e3 : Povos Tradicionais e Meio Ambiente<\/td><td>Eduardo Fernandes de Ara\u00fajo<\/td><\/tr><tr><td>CRDH: ACESSO \u00c0 JUSTI\u00c7A E MEDIA\u00c7\u00c3O DE CONFLITOS<\/td><td>Juliana Toledo Ara\u00fajo Rocha<\/td><\/tr><tr><td>CRDH \u2013 Cidadania e Direitos Humanos: Educa\u00e7\u00e3o Jur\u00eddica Popular no Complexo Psiqui\u00e1trico Juliano Moreira<\/td><td>Ludmila Cerqueira Correia<\/td><\/tr><tr><td>CRDH: Subjetividade e Direito: Apoio Psicossocial e Monitoramento das Condi\u00e7\u00f5es do C\u00e1rcere na Para\u00edba<\/td><td>Nelson Gomes de Santana e Silva J\u00fanior<\/td><\/tr><tr><td>CIDECON<\/td><td>Marina Josino da Silva Souza<\/td><\/tr><tr><td>NEP \u2013 N\u00facleo de Extens\u00e3o Popular Flor de Mandacaru \u2013 Assessoria Jur\u00eddica, Educa\u00e7\u00e3o Popular e a Luta das Mulheres<\/td><td>Renata Ribeiro Rolim<\/td><\/tr><tr><td>NEP \u2013 Assessoria Jur\u00eddica, Educa\u00e7\u00e3o Popular e a Luta pelo Trabalho<\/td><td>Ana Lia Vanderlei de Almeida<\/td><\/tr><tr><td>NEP: ASSESSORIA JUR\u00cdDICA, EDUCA\u00c7\u00c3O POPULAR, LUTA POR MORADIA DIGNA E ADEQUADA<\/td><td>Roberto Cordoville Efrem de Lima Filho<\/td><\/tr><tr><td>NAJAC: EXTENS\u00c3O UNIVERSIT\u00c1RIA E DEFESA DE DIREITOS HUMANOS DIFUSOS E COLETIVOS<\/td><td>F\u00e1bio Bezerra dos Santos<\/td><\/tr><tr><td>Acesso \u00e0 jurisdi\u00e7\u00e3o internacional do sistema interamericano de direitos humanos<\/td><td>Flavianne Fernanda Bitencourt N\u00f3brega<\/td><\/tr><tr><td>Perspectivas e Novos Desafios de Humaniza\u00e7\u00e3o no Direito Civil Constitucional \u2013 a tutela da personalidade<\/td><td>Ana Paula Correia de Albuquerque da Costa<\/td><\/tr><tr><td>Programa de Promo\u00e7\u00e3o da Igualdade Racional e Valoriza\u00e7\u00e3o da Matriz Cultural Africana no estado da Para\u00edba<\/td><td>Eduardo Fernandes de Araujo<\/td><\/tr><tr><td>Comiss\u00e3o de Direitos Humanos da UFPB<\/td><td>Eduardo Fernandes de Araujo<\/td><\/tr><tr><td>Media\u00e7\u00e3o de Conflitos e Cidadania<\/td><td>Eduardo Fernandes de Araujo<\/td><\/tr><tr><td>Centro de Refer\u00eancia em Direitos Humanos<\/td><td>Eduardo Fernandes de Araujo<\/td><\/tr><tr><td>NEP \u2013 Assessoria Jur\u00eddica Universit\u00e1ria Popular junto ao Assentamento Novo Horizonte<\/td><td>Roberto Cordoville Efrem de Lima Filho<\/td><\/tr><tr><td>Defensores de Direitos Humanos<\/td><td>Tatyane Guimar\u00e3es Oliveira<\/td><\/tr><tr><td>Fundamento M\u00edstico da Autoridade<\/td><td>Enoque Feitosa<\/td><\/tr><tr><td>Direitos Humanos e Garantias Fundamentais da Rotina Trabalhista<\/td><td>Guthemberg Cardoso<\/td><\/tr><tr><td>G\u00eanero e Direito<\/td><td>Eduardo Ramalho Rabenhorst<\/td><\/tr><tr><td>Filosofia do Direito<\/td><td>Enoque Feitosa<\/td><\/tr><tr><td>Marxismo e Direito<\/td><td>Enoque Feitosa<\/td><\/tr><tr><td>Direito Internacional ao Desenvolvimento e Cidadania<\/td><td>Fredys Orlando Sorto<\/td><\/tr><tr><td>Cidadania e Direitos Humanos<\/td><td>Giuseppe Tosi<\/td><\/tr><tr><td>Justi\u00e7a &amp; Pol\u00edtica<\/td><td>Gustavo Rabay<\/td><\/tr><tr><td>Perspectivas e Novos Desafios de Humaniza\u00e7\u00e3o do Direito Civil-Constitucional<\/td><td>Maria Luiza P de Alencar M Feitosa<\/td><\/tr><tr><td>Marxismo, Direito e Lutas Sociais<\/td><td>Renata Ribeiro Rolim<\/td><\/tr><tr><td>Biotecnologia, Biodireito e Meio Ambiente em Direitos Humanos<\/td><td>Robson Ant\u00e3o de Medeiros<\/td><\/tr><tr><td>Justi\u00e7a Restaurativa e o Novo Paradigma da Justi\u00e7a Criminal (pesquisa financiada pelo CNJ-acad\u00eamico)<\/td><td>R\u00f4mulo Palitot<\/td><\/tr><tr><td>Sustentabilidade, Impacto, Direito e Gest\u00e3o Ambiental<\/td><td>Belinda Pereira da Cun<\/td><\/tr><\/tbody><\/table><\/figure>\n","protected":false},"excerpt":{"rendered":"<p>Assessora \u00e0 Dire\u00e7\u00e3o do Centro em assuntos relacionados \u00e0 extens\u00e3o em todos os seus aspectos. [&hellip;]<\/p>\n","protected":false},"author":54,"featured_media":0,"parent":0,"menu_order":0,"comment_status":"closed","ping_status":"closed","template":"","meta":{"footnotes":""},"class_list":["post-455","page","type-page","status-publish","hentry"],"_links":{"self":[{"href":"https:\/\/www.ccj.ufpb.br\/santarita\/wp-json\/wp\/v2\/pages\/455","targetHints":{"allow":["GET"]}}],"collection":[{"href":"https:\/\/www.ccj.ufpb.br\/santarita\/wp-json\/wp\/v2\/pages"}],"about":[{"href":"https:\/\/www.ccj.ufpb.br\/santarita\/wp-json\/wp\/v2\/types\/page"}],"author":[{"embeddable":true,"href":"https:\/\/www.ccj.ufpb.br\/santarita\/wp-json\/wp\/v2\/users\/54"}],"replies":[{"embeddable":true,"href":"https:\/\/www.ccj.ufpb.br\/santarita\/wp-json\/wp\/v2\/comments?post=455"}],"version-history":[{"count":1,"href":"https:\/\/www.ccj.ufpb.br\/santarita\/wp-json\/wp\/v2\/pages\/455\/revisions"}],"predecessor-version":[{"id":456,"href":"https:\/\/www.ccj.ufpb.br\/santarita\/wp-json\/wp\/v2\/pages\/455\/revisions\/456"}],"wp:attachment":[{"href":"https:\/\/www.ccj.ufpb.br\/santarita\/wp-json\/wp\/v2\/media?parent=455"}],"curies":[{"name":"wp","href":"https:\/\/api.w.org\/{rel}","templated":true}]}}