{"id":451,"date":"2025-06-26T20:49:37","date_gmt":"2025-06-26T20:49:37","guid":{"rendered":"https:\/\/www.ccj.ufpb.br\/santarita\/?page_id=451"},"modified":"2025-06-26T20:49:37","modified_gmt":"2025-06-26T20:49:37","slug":"assessoria-de-convenios","status":"publish","type":"page","link":"https:\/\/www.ccj.ufpb.br\/santarita\/assessoria-de-convenios\/","title":{"rendered":"Assessoria de Conv\u00eanios"},"content":{"rendered":"\n<p class=\" \"><strong>&nbsp;<\/strong><\/p>\n\n\n\n<p><strong>I \u2013 Elaborar e acompanhar a execu\u00e7\u00e3o dos conv\u00eanios, acordos, contratos e termos de coopera\u00e7\u00e3o firmados pelo Centro de Ci\u00eancias Jur\u00eddicas;<\/strong><\/p>\n\n\n\n<p><strong>III \u2013 Informar a Dire\u00e7\u00e3o do Centro o cumprimento, descumprimento ou desvirtuamentos na execu\u00e7\u00e3o de conv\u00eanios, acordos, contratos e termos de coopera\u00e7\u00e3o firmados pelo Centro de Ci\u00eancias Jur\u00eddicas;<\/strong><\/p>\n\n\n\n<p><strong>IV \u2013 Manter contato com os setores da UFPB respons\u00e1veis por Acordos e Conv\u00eanios para fins de obter informa\u00e7\u00f5es e orientar os membros do Centro de Ci\u00eancias Jur\u00eddicas em rela\u00e7\u00e3o aos encaminhamentos a ser dados na formaliza\u00e7\u00e3o, execu\u00e7\u00e3o e cumprimento dos&nbsp;conv\u00eanios, acordos, contratos e termos de coopera\u00e7\u00e3o firmados pelo CCJ\/UFPB.<\/strong><\/p>\n\n\n\n<p><strong>&nbsp;Assessoria de Conv\u00eanios<\/strong><\/p>\n\n\n\n<p class=\" \"><strong>Cl\u00f3vis Marinho de Barros Falc\u00e3o<\/strong><\/p>\n\n\n\n<p class=\" \"><strong>assconvenios@ccj.ufpb.br<\/strong><\/p>\n","protected":false},"excerpt":{"rendered":"<p>&nbsp; I \u2013 Elaborar e acompanhar a execu\u00e7\u00e3o dos conv\u00eanios, acordos, contratos e termos de [&hellip;]<\/p>\n","protected":false},"author":54,"featured_media":0,"parent":0,"menu_order":0,"comment_status":"closed","ping_status":"closed","template":"","meta":{"footnotes":""},"class_list":["post-451","page","type-page","status-publish","hentry"],"_links":{"self":[{"href":"https:\/\/www.ccj.ufpb.br\/santarita\/wp-json\/wp\/v2\/pages\/451","targetHints":{"allow":["GET"]}}],"collection":[{"href":"https:\/\/www.ccj.ufpb.br\/santarita\/wp-json\/wp\/v2\/pages"}],"about":[{"href":"https:\/\/www.ccj.ufpb.br\/santarita\/wp-json\/wp\/v2\/types\/page"}],"author":[{"embeddable":true,"href":"https:\/\/www.ccj.ufpb.br\/santarita\/wp-json\/wp\/v2\/users\/54"}],"replies":[{"embeddable":true,"href":"https:\/\/www.ccj.ufpb.br\/santarita\/wp-json\/wp\/v2\/comments?post=451"}],"version-history":[{"count":1,"href":"https:\/\/www.ccj.ufpb.br\/santarita\/wp-json\/wp\/v2\/pages\/451\/revisions"}],"predecessor-version":[{"id":452,"href":"https:\/\/www.ccj.ufpb.br\/santarita\/wp-json\/wp\/v2\/pages\/451\/revisions\/452"}],"wp:attachment":[{"href":"https:\/\/www.ccj.ufpb.br\/santarita\/wp-json\/wp\/v2\/media?parent=451"}],"curies":[{"name":"wp","href":"https:\/\/api.w.org\/{rel}","templated":true}]}}