{"id":373,"date":"2025-06-12T15:03:26","date_gmt":"2025-06-12T15:03:26","guid":{"rendered":"https:\/\/www.ccj.ufpb.br\/santarita\/?page_id=373"},"modified":"2025-06-12T15:03:26","modified_gmt":"2025-06-12T15:03:26","slug":"trancamento","status":"publish","type":"page","link":"https:\/\/www.ccj.ufpb.br\/santarita\/trancamento\/","title":{"rendered":"Trancamento"},"content":{"rendered":"\n<p>Introdu\u00e7\u00e3o<\/p>\n\n\n\n<p>A solicita\u00e7\u00e3o de trancamento \u00e9 iniciada pr\u00f3prio discente, dentro do per\u00edodo previsto no&nbsp;<a href=\"http:\/\/www.prg.ufpb.br\/prg\/codesc\/documentos\/calendario-academico\/\" target=\"_blank\" rel=\"noreferrer noopener\">Calend\u00e1rio Acad\u00eamico<\/a>,&nbsp;por meio do portal do discente do SIGAA, no caminho ilustrado abaixo:<\/p>\n\n\n\n<figure class=\"wp-block-image size-full\"><img loading=\"lazy\" decoding=\"async\" width=\"251\" height=\"543\" src=\"https:\/\/www.ccj.ufpb.br\/santarita\/wp-content\/uploads\/sites\/106\/sites\/306\/2025\/06\/trancamento-1.jpg\" alt=\"\" class=\"wp-image-375\" srcset=\"https:\/\/www.ccj.ufpb.br\/santarita\/wp-content\/uploads\/sites\/106\/sites\/306\/2025\/06\/trancamento-1.jpg 251w, https:\/\/www.ccj.ufpb.br\/santarita\/wp-content\/uploads\/sites\/106\/sites\/306\/2025\/06\/trancamento-1-139x300.jpg 139w\" sizes=\"auto, (max-width: 251px) 100vw, 251px\" \/><\/figure>\n\n\n\n<h3 class=\"wp-block-heading\"><strong>Modalidades de trancamento<\/strong><\/h3>\n\n\n\n<p>1)&nbsp;<a href=\"http:\/\/duvidas.sigaa.ufpb.br\/499\/sou-discente-como-posso-trancar-disciplina-s\" target=\"_blank\" rel=\"noreferrer noopener\">Trancamento de componente curricular (parcial)<\/a><\/p>\n\n\n\n<p>Consiste na desvincula\u00e7\u00e3o volunt\u00e1ria do estudante de uma ou mais turmas em que se encontra matriculado.<br><a href=\"http:\/\/duvidas.sigaa.ufpb.br\/395\/como-e-realizado-o-trancamento-de-programa\" target=\"_blank\" rel=\"noreferrer noopener\"><\/a><\/p>\n\n\n\n<p>Esse tipo de trancamento, ap\u00f3s ser solicitado via SIGAA pelos estudantes, n\u00e3o precisa de aprova\u00e7\u00e3o da Coordena\u00e7\u00e3o de Curso.<\/p>\n\n\n\n<p>A \u00fanica condi\u00e7\u00e3o ao procedimento, al\u00e9m de ter realizado a solicita\u00e7\u00e3o dentro do prazo do calend\u00e1rio acad\u00eamico, \u00e9 que o estudante se mantenha matriculado em pelo menos 60 horas (ou quatro cr\u00e9ditos). A maioria de nossas disciplinas alcan\u00e7a esse n\u00famero.<\/p>\n\n\n\n<p>O regulamento estabelece o limite de dois trancamentos parciais por componente curricular.<\/p>\n\n\n\n<p>2)&nbsp;<a href=\"http:\/\/duvidas.sigaa.ufpb.br\/395\/como-e-realizado-o-trancamento-de-programa\" target=\"_blank\" rel=\"noreferrer noopener\">Trancamento de programa (total)<\/a><\/p>\n\n\n\n<p>Consiste no trancamento total da matr\u00edcula, ou seja, o estudante se desvincula de todas as turmas de seu hor\u00e1rio atual, colocando seu curso em suspenso at\u00e9 o fim do semestre letivo.<\/p>\n\n\n\n<p>Ingressantes e veteranos seguem procedimentos diferentes para o trancamento de programa.<\/p>\n\n\n\n<p>a) Para a confirma\u00e7\u00e3o do trancamento de programa de estudantes veteranos, \u00e9 necess\u00e1rio imprimir o documento &#8220;Solicita\u00e7\u00e3o de Trancamento de Programa&#8221; (gerado pelo SIGAA no ato da solicita\u00e7\u00e3o) e encaminh\u00e1-lo \u00e0 Coordena\u00e7\u00e3o, via e-mail, preenchido e assinado.<\/p>\n\n\n\n<p>b) Quando se trata de estudantes ingressantes, o trancamento total exige an\u00e1lise do Colegiado de Curso.&nbsp;<br>Os ingressantes que desejam trancamento total devem preencher um requerimento, assin\u00e1-lo e envi\u00e1-lo \u00e0 Coordena\u00e7\u00e3o. Nele, devem apresentar a raz\u00e3o do pedido e, quando necess\u00e1rio, juntar ao formul\u00e1rio documentos comprobat\u00f3rios. O Colegiado de Curso analisa a solicita\u00e7\u00e3o em reuni\u00e3o, podendo aprovar ou rejeitar o pedido de trancamento total do ingressante.<\/p>\n\n\n\n<p>O regulamento da UFPB, em rela\u00e7\u00e3o ao nosso curso, estabelece o limite m\u00e1ximo de cinco trancamentos totais. Contudo, esta Coordena\u00e7\u00e3o de Curso considera esse n\u00famero elevado e&nbsp;<strong>desencoraja<\/strong>&nbsp;<strong>fortemente<\/strong>&nbsp;os estudantes a atingirem tal limite.<\/p>\n\n\n\n<p>Um modelo de requerimento para&nbsp;<strong>trancamento de programa<\/strong>&nbsp;(total) est\u00e1 dispon\u00edvel&nbsp;<a href=\"https:\/\/docs.google.com\/document\/d\/1DdLvJH9kWPQNto1LuggYqVhnbPE_piUMhl9nQoCChE4\/edit?usp=sharing\" target=\"_blank\" rel=\"noreferrer noopener\">aqui<\/a>.<br><em>Este requerimento se destina aos ingressantes.<br>Os veteranos s\u00f3 o devem utilizar quando o sistema n\u00e3o permitir a solicita\u00e7\u00e3o.<\/em><\/p>\n\n\n\n<p>Um modelo de requerimento para&nbsp;<strong>trancamento parcial<\/strong>&nbsp;pode ser encontrado&nbsp;<a href=\"https:\/\/docs.google.com\/document\/d\/1hwNa5YZIxv8rSQKP3x2QSf70EkSMBQ9_ifL3TFEQA8U\/edit?usp=sharing\" target=\"_blank\" rel=\"noreferrer noopener\">aqui<\/a>.<br><em>Este requerimento s\u00f3 \u00e9 necess\u00e1rio quando o sistema n\u00e3o permitir a solicita\u00e7\u00e3o.<\/em><\/p>\n\n\n\n<p>Instru\u00e7\u00f5es para requerimentos \u00e0 coordena\u00e7\u00e3o podem ser encontradas&nbsp;<a href=\"https:\/\/coda.io\/d\/_dMsBYT0Rs9H\/Como-realizar-solicitacao-a-Coordenacao-de-Curso_suEC0\" target=\"_blank\" rel=\"noreferrer noopener\">aqui<\/a>.<\/p>\n\n\n\n<hr class=\"wp-block-separator has-alpha-channel-opacity\" \/>\n\n\n\n<h3 class=\"wp-block-heading\">Artigos do Regulamento Geral de Gradua\u00e7\u00e3o<\/h3>\n\n\n\n<p>DO TRANCAMENTO DA MATR\u00cdCULA<\/p>\n\n\n\n<p>Art. 160. Trancamento de matr\u00edcula em componente curricular significa a desvincula\u00e7\u00e3o volunt\u00e1ria do discente do componente curricular em que se encontra matriculado.<\/p>\n\n\n\n<p>\u00a71\u00ba. O trancamento de matr\u00edcula pode ser parcial ou total.<\/p>\n\n\n\n<p>I \u2013 O trancamento total \u00e9 a desvincula\u00e7\u00e3o volunt\u00e1ria e tempor\u00e1ria do discente de&nbsp;todos os componentes curriculares de um curso, por prazo n\u00e3o superior \u00e0 metade do&nbsp;tempo m\u00ednimo exigido para conclus\u00e3o do curso.<\/p>\n\n\n\n<p>II \u2013 O trancamento total \u00e9 a desvincula\u00e7\u00e3o volunt\u00e1ria do discente de todos os componentes curriculares em que se encontra matriculado em um per\u00edodo letivo.<\/p>\n\n\n\n<p>\u00a72\u00ba.&nbsp;Ser\u00e1 permitido o trancamento parcial ou o trancamento total, por solicita\u00e7\u00e3o do discente&nbsp;no SIG, durante a primeira metade do per\u00edodo letivo, conforme prazo estabelecido pelo&nbsp;Calend\u00e1rio Acad\u00eamico.<\/p>\n\n\n\n<p>I \u2013 O trancamento parcial num mesmo componente curricular poder\u00e1 ser realizado at\u00e9 duas vezes em per\u00edodos letivos consecutivos ou n\u00e3o.<\/p>\n\n\n\n<p>II \u2013 O trancamento total poder\u00e1 ser realizado at\u00e9 duas vezes em per\u00edodos consecutivos ou n\u00e3o.<\/p>\n\n\n\n<p>Art. 161. \u00c9 vedado o trancamento parcial da matr\u00edcula para o discente quando este trancamento resultar em uma carga hor\u00e1ria matriculada menor que a carga hor\u00e1ria m\u00ednima estabelecida pelo PPC do curso.<\/p>\n\n\n\n<p>Art. 162. O trancamento total da matr\u00edcula para discentes ingressantes, independentemente da modalidade de ingresso, dever\u00e3o ser analisados pelo Colegiado do Curso, cabendo-se recurso \u00e0 PRG e desta ao CONSEPE.<\/p>\n\n\n\n<p>Art. 163. \u00c9 vedado o trancamento parcial ou total ao discente que esteja em regime de dilata\u00e7\u00e3o de prazo para conclus\u00e3o do curso.<\/p>\n\n\n\n<p>Art. 164. O trancamento parcial ou total fora do per\u00edodo estabelecido pelo Calend\u00e1rio Acad\u00eamico ser\u00e1 solicitado \u00e0 Coordena\u00e7\u00e3o do Curso e facultado ao discente:<\/p>\n\n\n\n<p>I \u2013 Portador de afec\u00e7\u00e3o que gera incapacidade f\u00edsica, comprovada por atestado m\u00e9dico, que impe\u00e7a a realiza\u00e7\u00e3o das atividades acad\u00eamicas durante todo o per\u00edodo letivo, ainda que esteja em regime de exerc\u00edcios domiciliares.<\/p>\n\n\n\n<p>II \u2013 Em presta\u00e7\u00e3o de servi\u00e7o militar obrigat\u00f3rio.<\/p>\n\n\n\n<p>Par\u00e1grafo \u00fanico. A Coordena\u00e7\u00e3o do Curso efetivar\u00e1 o trancamento no SIG, certificando-se no processo.<\/p>\n","protected":false},"excerpt":{"rendered":"<p>Introdu\u00e7\u00e3o A solicita\u00e7\u00e3o de trancamento \u00e9 iniciada pr\u00f3prio discente, dentro do per\u00edodo previsto no&nbsp;Calend\u00e1rio Acad\u00eamico,&nbsp;por [&hellip;]<\/p>\n","protected":false},"author":54,"featured_media":0,"parent":0,"menu_order":0,"comment_status":"closed","ping_status":"closed","template":"","meta":{"footnotes":""},"class_list":["post-373","page","type-page","status-publish","hentry"],"_links":{"self":[{"href":"https:\/\/www.ccj.ufpb.br\/santarita\/wp-json\/wp\/v2\/pages\/373","targetHints":{"allow":["GET"]}}],"collection":[{"href":"https:\/\/www.ccj.ufpb.br\/santarita\/wp-json\/wp\/v2\/pages"}],"about":[{"href":"https:\/\/www.ccj.ufpb.br\/santarita\/wp-json\/wp\/v2\/types\/page"}],"author":[{"embeddable":true,"href":"https:\/\/www.ccj.ufpb.br\/santarita\/wp-json\/wp\/v2\/users\/54"}],"replies":[{"embeddable":true,"href":"https:\/\/www.ccj.ufpb.br\/santarita\/wp-json\/wp\/v2\/comments?post=373"}],"version-history":[{"count":1,"href":"https:\/\/www.ccj.ufpb.br\/santarita\/wp-json\/wp\/v2\/pages\/373\/revisions"}],"predecessor-version":[{"id":376,"href":"https:\/\/www.ccj.ufpb.br\/santarita\/wp-json\/wp\/v2\/pages\/373\/revisions\/376"}],"wp:attachment":[{"href":"https:\/\/www.ccj.ufpb.br\/santarita\/wp-json\/wp\/v2\/media?parent=373"}],"curies":[{"name":"wp","href":"https:\/\/api.w.org\/{rel}","templated":true}]}}