{"id":365,"date":"2025-06-12T14:58:11","date_gmt":"2025-06-12T14:58:11","guid":{"rendered":"https:\/\/www.ccj.ufpb.br\/santarita\/?page_id=365"},"modified":"2025-06-26T12:04:24","modified_gmt":"2025-06-26T12:04:24","slug":"mobilidade-academica","status":"publish","type":"page","link":"https:\/\/www.ccj.ufpb.br\/santarita\/mobilidade-academica\/","title":{"rendered":"Mobilidade acad\u00eamica"},"content":{"rendered":"\n<p>Este verbete aborda a mobilidade internacional de estudantes da UFPB para institui\u00e7\u00f5es estrangeiras atrav\u00e9s do programa PROMOBI, embora as diretrizes aqui apresentadas tamb\u00e9m se apliquem, com adequa\u00e7\u00f5es, a outros programas de mobilidade ofertados a estudantes da UFPB.<\/p>\n\n\n\n<p><strong>Promobi<\/strong><\/p>\n\n\n\n<p>O Programa de Mobilidade Internacional (PROMOBI) possibilita que estudantes de gradua\u00e7\u00e3o da Universidade Federal da Para\u00edba cursem disciplinas em institui\u00e7\u00f5es estrangeiras parceiras por um ou dois semestres acad\u00eamicos, conforme os conv\u00eanios vigentes.<\/p>\n\n\n\n<p>Regulamentado pela Resolu\u00e7\u00e3o n\u00ba 49\/2012 do CONSEPE e pelo Regulamento Geral de Gradua\u00e7\u00e3o (Res. 29\/2020\/CONSEPE, arts. 132 a 135), o programa expande horizontes acad\u00eamicos e culturais, promovendo o interc\u00e2mbio de conhecimentos e metodologias entre institui\u00e7\u00f5es ao redor do mundo.<\/p>\n\n\n\n<p><strong>Plano de estudos<\/strong><\/p>\n\n\n\n<p>Conforme o Edital n\u00ba 02\/2025\/ACI\/UFPB \u2014 o mais recente \u00e0 \u00e9poca da elabora\u00e7\u00e3o deste texto \u2014, para concorrer \u00e0 mobilidade \u00e9 necess\u00e1rio apresentar um plano de estudos para an\u00e1lise da Coordena\u00e7\u00e3o de Curso.<\/p>\n\n\n\n<p>A aprova\u00e7\u00e3o do plano de estudos garante que os estudos realizados no exterior sejam aproveitados como componentes obrigat\u00f3rios do curso atual, minimizando ou at\u00e9 mesmo evitando posterga\u00e7\u00e3o da conclus\u00e3o do curso.<\/p>\n\n\n\n<p>No envio do plano \u00e0 Coordena\u00e7\u00e3o, o plano deve ser acompanhado de uma tabela de equival\u00eancias, na qual ser\u00e3o relacionadas as disciplinas a serem cursadas no exterior com as disciplinas compat\u00edveis do curso na UFPB.<\/p>\n\n\n\n<p>Para que uma disciplina seja considerada compat\u00edvel, \u00e9 necess\u00e1rio que:<\/p>\n\n\n\n<ul class=\"wp-block-list\">\n<li>Apresente status \u201cPendente\u201d no hist\u00f3rico acad\u00eamico;<\/li>\n\n\n\n<li>Seja de natureza obrigat\u00f3ria, conforme indicado no hist\u00f3rico acad\u00eamico, por meio das siglas \u201cOB\u201d (b\u00e1sico profissional) ou \u201cCO\u201d (complementar obrigat\u00f3rio);<\/li>\n\n\n\n<li>Possua equival\u00eancia em carga hor\u00e1ria e conte\u00fado com as disciplinas oferecidas pela institui\u00e7\u00e3o estrangeira, admitindo-se equival\u00eancia imperfeita em fun\u00e7\u00e3o das diferen\u00e7as entre sistemas de ensino.<\/li>\n<\/ul>\n\n\n\n<p>Em caso de mudan\u00e7a na programa\u00e7\u00e3o das disciplinas a cursar durante a mobilidade, o estudante deve comunicar a altera\u00e7\u00e3o \u00e0 Coordena\u00e7\u00e3o para que se avalie sua incorpora\u00e7\u00e3o ao plano de estudos. Essa incorpora\u00e7\u00e3o viabiliza o aproveitamento autom\u00e1tico das novas disciplinas.&nbsp;<\/p>\n\n\n\n<p><strong>Procedimentos ap\u00f3s o retorno<\/strong><\/p>\n\n\n\n<p>Ao t\u00e9rmino do per\u00edodo de mobilidade, para obter o aproveitamento dos estudos realizados no exterior, o estudante deve enviar \u00e0 Coordena\u00e7\u00e3o de Curso, por e-mail, os seguintes documentos:<\/p>\n\n\n\n<ul class=\"wp-block-list\">\n<li>Hist\u00f3rico acad\u00eamico junto \u00e0 institui\u00e7\u00e3o estrangeira;<\/li>\n\n\n\n<li>Ementas e planos de curso das disciplinas cursadas;<\/li>\n\n\n\n<li>Requerimento para aproveitamento das disciplinas n\u00e3o inclu\u00eddas no plano de estudos, caso haja.<\/li>\n<\/ul>\n\n\n\n<p>As disciplinas previstas no plano de estudos ser\u00e3o aproveitadas automaticamente, sem necessidade de novo requerimento. Quanto \u00e0s disciplinas fora do plano, ser\u00e1 necess\u00e1ria uma an\u00e1lise pelo departamento, seguindo um fluxo semelhante ao do aproveitamento de estudos comum, conforme descrito&nbsp;<a href=\"https:\/\/www.ccj.ufpb.br\/cdsr\/contents\/paginas\/aproveitamento-de-estudos\">neste link<\/a>.<\/p>\n\n\n\n<p>Obriga\u00e7\u00f5es adicionais poder\u00e3o estar previstas em cada edital.<\/p>\n\n\n<div class=\"wp-block-post-author-name\">cassiaccj<\/div>","protected":false},"excerpt":{"rendered":"<p>Este verbete aborda a mobilidade internacional de estudantes da UFPB para institui\u00e7\u00f5es estrangeiras atrav\u00e9s do [&hellip;]<\/p>\n","protected":false},"author":54,"featured_media":0,"parent":0,"menu_order":0,"comment_status":"closed","ping_status":"closed","template":"","meta":{"footnotes":""},"class_list":["post-365","page","type-page","status-publish","hentry"],"_links":{"self":[{"href":"https:\/\/www.ccj.ufpb.br\/santarita\/wp-json\/wp\/v2\/pages\/365","targetHints":{"allow":["GET"]}}],"collection":[{"href":"https:\/\/www.ccj.ufpb.br\/santarita\/wp-json\/wp\/v2\/pages"}],"about":[{"href":"https:\/\/www.ccj.ufpb.br\/santarita\/wp-json\/wp\/v2\/types\/page"}],"author":[{"embeddable":true,"href":"https:\/\/www.ccj.ufpb.br\/santarita\/wp-json\/wp\/v2\/users\/54"}],"replies":[{"embeddable":true,"href":"https:\/\/www.ccj.ufpb.br\/santarita\/wp-json\/wp\/v2\/comments?post=365"}],"version-history":[{"count":2,"href":"https:\/\/www.ccj.ufpb.br\/santarita\/wp-json\/wp\/v2\/pages\/365\/revisions"}],"predecessor-version":[{"id":425,"href":"https:\/\/www.ccj.ufpb.br\/santarita\/wp-json\/wp\/v2\/pages\/365\/revisions\/425"}],"wp:attachment":[{"href":"https:\/\/www.ccj.ufpb.br\/santarita\/wp-json\/wp\/v2\/media?parent=365"}],"curies":[{"name":"wp","href":"https:\/\/api.w.org\/{rel}","templated":true}]}}