{"id":36,"date":"2025-05-21T17:29:56","date_gmt":"2025-05-21T17:29:56","guid":{"rendered":"https:\/\/www.ccj.ufpb.br\/santarita\/?page_id=36"},"modified":"2025-06-12T14:14:09","modified_gmt":"2025-06-12T14:14:09","slug":"equipe","status":"publish","type":"page","link":"https:\/\/www.ccj.ufpb.br\/santarita\/equipe\/","title":{"rendered":"Expediente"},"content":{"rendered":"\n<p><strong>Coordena\u00e7\u00e3o do Curso <\/strong><\/p>\n\n\n\n<p><strong>Coordenador<\/strong><br>Cl\u00f3vis Marinho de Barros Falc\u00e3o<\/p>\n\n\n\n<p><strong>Vice-Coordenador<\/strong><br>Newton de Oliveira Lima<\/p>\n\n\n\n<p>Secretaria da Coordena\u00e7\u00e3o<\/p>\n\n\n\n<p>Cristiane Duarte Cardoso <strong>(T\u00e9cnico-Administrativo)<\/strong><br>Mychelle Kalyne Guedes de Souza <strong>(T\u00e9cnico-Administrativo)<\/strong><\/p>\n\n\n\n<p><strong>Telefone:<\/strong> (83) 3216-7877<\/p>\n\n\n\n<p><strong>E-mail:\u00a0<\/strong>direitosantarita@ccj.ufpb.br<\/p>\n\n\n\n<p><strong>Departamento do Curso <\/strong><\/p>\n\n\n\n<p><strong>Chefe do Departamento<br><\/strong>Ronaldo Alencar dos Santos<\/p>\n\n\n\n<p><strong>Vice-chefe do Departamento<br><\/strong>Herry  Charriery da Costa Santos<\/p>\n\n\n\n<p><strong>Secretaria do Departamento (T\u00e9cnico-Administrativo)<br><\/strong>Klebson Melqu\u00edades Barros e Silva<\/p>\n\n\n\n<p><strong>Contato<\/strong>: 3216-7878<br><strong>E-mail<\/strong>: dcj@ccj.ufpb.br<\/p>\n\n\n\n<p><\/p>\n\n\n\n<p><\/p>\n","protected":false},"excerpt":{"rendered":"<p>Coordena\u00e7\u00e3o do Curso CoordenadorCl\u00f3vis Marinho de Barros Falc\u00e3o Vice-CoordenadorNewton de Oliveira Lima Secretaria da Coordena\u00e7\u00e3o [&hellip;]<\/p>\n","protected":false},"author":54,"featured_media":0,"parent":0,"menu_order":0,"comment_status":"closed","ping_status":"closed","template":"","meta":{"footnotes":""},"class_list":["post-36","page","type-page","status-publish","hentry"],"_links":{"self":[{"href":"https:\/\/www.ccj.ufpb.br\/santarita\/wp-json\/wp\/v2\/pages\/36","targetHints":{"allow":["GET"]}}],"collection":[{"href":"https:\/\/www.ccj.ufpb.br\/santarita\/wp-json\/wp\/v2\/pages"}],"about":[{"href":"https:\/\/www.ccj.ufpb.br\/santarita\/wp-json\/wp\/v2\/types\/page"}],"author":[{"embeddable":true,"href":"https:\/\/www.ccj.ufpb.br\/santarita\/wp-json\/wp\/v2\/users\/54"}],"replies":[{"embeddable":true,"href":"https:\/\/www.ccj.ufpb.br\/santarita\/wp-json\/wp\/v2\/comments?post=36"}],"version-history":[{"count":12,"href":"https:\/\/www.ccj.ufpb.br\/santarita\/wp-json\/wp\/v2\/pages\/36\/revisions"}],"predecessor-version":[{"id":326,"href":"https:\/\/www.ccj.ufpb.br\/santarita\/wp-json\/wp\/v2\/pages\/36\/revisions\/326"}],"wp:attachment":[{"href":"https:\/\/www.ccj.ufpb.br\/santarita\/wp-json\/wp\/v2\/media?parent=36"}],"curies":[{"name":"wp","href":"https:\/\/api.w.org\/{rel}","templated":true}]}}