{"id":359,"date":"2025-06-12T14:55:23","date_gmt":"2025-06-12T14:55:23","guid":{"rendered":"https:\/\/www.ccj.ufpb.br\/santarita\/?page_id=359"},"modified":"2025-06-12T14:55:23","modified_gmt":"2025-06-12T14:55:23","slug":"diploma-e-certificado-de-conclusao","status":"publish","type":"page","link":"https:\/\/www.ccj.ufpb.br\/santarita\/diploma-e-certificado-de-conclusao\/","title":{"rendered":"Diploma e certificado de conclus\u00e3o"},"content":{"rendered":"\n<p>Ap\u00f3s a cola\u00e7\u00e3o de grau, os estudantes da UFPB t\u00eam direito \u00e0 emiss\u00e3o de dois documentos oficiais que atestam a conclus\u00e3o do curso: o&nbsp;Certificado de Conclus\u00e3o de Curso&nbsp;e o&nbsp;Diploma de Gradua\u00e7\u00e3o. Esses documentos s\u00e3o regulamentados pela&nbsp;Instru\u00e7\u00e3o Normativa n\u00ba 01\/2023 da PRG-UFPB&nbsp;e emitidos conforme os procedimentos detalhados abaixo.<\/p>\n\n\n\n<p>Certificado de Conclus\u00e3o de Curso<\/p>\n\n\n\n<p>O Certificado de Conclus\u00e3o \u00e9 um documento provis\u00f3rio que comprova a conclus\u00e3o do curso e a obten\u00e7\u00e3o do grau de bacharel at\u00e9 a emiss\u00e3o do diploma definitivo.<\/p>\n\n\n\n<p>Assim que a Pr\u00f3-Reitoria de Gradua\u00e7\u00e3o (PRG) atualizar o status no&nbsp;SIGAA (e no hist\u00f3rico)&nbsp;de \u201cConcluinte\u201d para \u201cConclu\u00eddo\u201d, o estudante (agora egresso) poder\u00e1 solicitar seu certificado \u00e0 Coordena\u00e7\u00e3o do Curso por e-mail.<\/p>\n\n\n\n<p>O certificado emitido pelo SIGAA possui um c\u00f3digo de verifica\u00e7\u00e3o e \u00e9 o \u00fanico documento emitido pela Coordena\u00e7\u00e3o de Curso com a finalidade de comprovar a obten\u00e7\u00e3o do grau.<\/p>\n\n\n\n<p>Diploma de Gradua\u00e7\u00e3o<\/p>\n\n\n\n<p>O diploma \u00e9&nbsp;solicitado de of\u00edcio pela Coordena\u00e7\u00e3o do Curso&nbsp;at\u00e9&nbsp;15 dias ap\u00f3s a cola\u00e7\u00e3o de grau coletiva, conforme estabelecido pela&nbsp;Instru\u00e7\u00e3o Normativa n\u00ba 01\/2023 da PRG-UFPB. N\u00e3o h\u00e1 necessidade, portanto, de o bacharel protocolar solicita\u00e7\u00e3o de diploma.<\/p>\n\n\n\n<p>\u26a0\ufe0f Nos casos de cola\u00e7\u00e3o de grau individual, \u00e9 necess\u00e1rio informar \u00e0 Coordena\u00e7\u00e3o de Curso, via e-mail, que a cerim\u00f4nia foi realizada.<\/p>\n\n\n\n<p>O diploma deve ser expedido em at\u00e9&nbsp;60 dias ap\u00f3s a cola\u00e7\u00e3o. Esse&nbsp;prazo \u00e9 prorrog\u00e1vel por igual per\u00edodo mediante justificativa da Administra\u00e7\u00e3o.<\/p>\n\n\n\n<p>Ap\u00f3s a expedi\u00e7\u00e3o e registro, o diploma digital ficar\u00e1 dispon\u00edvel para o egresso no pr\u00f3prio SIGAA, no caminho&nbsp;<em>Portal Discente &gt; Ensino &gt; Diploma Digital &gt; Visualizar Representa\u00e7\u00e3o Visual do Diploma Digital.<\/em><\/p>\n\n\n\n<p>Para obter o diploma no formato XML, o caminho \u00e9&nbsp;<em>Portal Discente &gt;&nbsp;<\/em><em>Ensino &gt; Diploma Digital &gt; Diploma Digital Assinado (XML).<\/em><\/p>\n","protected":false},"excerpt":{"rendered":"<p>Ap\u00f3s a cola\u00e7\u00e3o de grau, os estudantes da UFPB t\u00eam direito \u00e0 emiss\u00e3o de dois [&hellip;]<\/p>\n","protected":false},"author":54,"featured_media":0,"parent":0,"menu_order":0,"comment_status":"closed","ping_status":"closed","template":"","meta":{"footnotes":""},"class_list":["post-359","page","type-page","status-publish","hentry"],"_links":{"self":[{"href":"https:\/\/www.ccj.ufpb.br\/santarita\/wp-json\/wp\/v2\/pages\/359","targetHints":{"allow":["GET"]}}],"collection":[{"href":"https:\/\/www.ccj.ufpb.br\/santarita\/wp-json\/wp\/v2\/pages"}],"about":[{"href":"https:\/\/www.ccj.ufpb.br\/santarita\/wp-json\/wp\/v2\/types\/page"}],"author":[{"embeddable":true,"href":"https:\/\/www.ccj.ufpb.br\/santarita\/wp-json\/wp\/v2\/users\/54"}],"replies":[{"embeddable":true,"href":"https:\/\/www.ccj.ufpb.br\/santarita\/wp-json\/wp\/v2\/comments?post=359"}],"version-history":[{"count":1,"href":"https:\/\/www.ccj.ufpb.br\/santarita\/wp-json\/wp\/v2\/pages\/359\/revisions"}],"predecessor-version":[{"id":360,"href":"https:\/\/www.ccj.ufpb.br\/santarita\/wp-json\/wp\/v2\/pages\/359\/revisions\/360"}],"wp:attachment":[{"href":"https:\/\/www.ccj.ufpb.br\/santarita\/wp-json\/wp\/v2\/media?parent=359"}],"curies":[{"name":"wp","href":"https:\/\/api.w.org\/{rel}","templated":true}]}}