{"id":357,"date":"2025-06-12T14:44:40","date_gmt":"2025-06-12T14:44:40","guid":{"rendered":"https:\/\/www.ccj.ufpb.br\/santarita\/?page_id=357"},"modified":"2025-06-12T14:44:40","modified_gmt":"2025-06-12T14:44:40","slug":"dilacao-de-prazo-para-conclusao-do-curso","status":"publish","type":"page","link":"https:\/\/www.ccj.ufpb.br\/santarita\/dilacao-de-prazo-para-conclusao-do-curso\/","title":{"rendered":"Dila\u00e7\u00e3o de prazo para conclus\u00e3o do curso"},"content":{"rendered":"\n<p>Em regra, os discentes t\u00eam no m\u00e1ximo 15 semestres letivos regulares (ou seja, n\u00e3o suplementares) para se formarem no nosso curso. Ao fim desse prazo, n\u00e3o sendo conclu\u00eddo o curso, ocorre o jubilamento do estudante.<\/p>\n\n\n\n<p>Excepcionalmente, \u00e9 poss\u00edvel pedir dila\u00e7\u00e3o do prazo de conclus\u00e3o do curso por at\u00e9 dois semestres. O pedido \u00e9 realizado \u00e0 altura do d\u00e9cimo quarto semestre, dentro do prazo do calend\u00e1rio acad\u00eamico vigente, e seu deferimento depende de an\u00e1lise do colegiado.<\/p>\n\n\n\n<p>\u00c9 o que a norma chama de &#8220;dilata\u00e7\u00e3o para integraliza\u00e7\u00e3o curricular&#8221;.<\/p>\n\n\n\n<p>Discentes com defici\u00eancia ou afec\u00e7\u00f5es, com parecer do Comit\u00ea de Inclus\u00e3o e Acessibilidade, t\u00eam direito a maior dilata\u00e7\u00e3o de prazo.<\/p>\n\n\n\n<p>O formul\u00e1rio de requerimento pode ser baixado&nbsp;<a href=\"https:\/\/docs.google.com\/document\/d\/10O29Je8f0Y-grPhElkKCZSL2dn6fbj-FvHUqdHHSZKI\/edit?usp=share_link\" target=\"_blank\" rel=\"noreferrer noopener\">aqui<\/a>.<\/p>\n\n\n\n<p>Instru\u00e7\u00f5es para requerimentos \u00e0 coordena\u00e7\u00e3o podem ser encontradas&nbsp;<a href=\"https:\/\/coda.io\/d\/_dMsBYT0Rs9H\/Como-realizar-solicitacao-a-Coordenacao-de-Curso_suEC0\" target=\"_blank\" rel=\"noreferrer noopener\">aqui<\/a>.<\/p>\n\n\n\n<hr class=\"wp-block-separator has-alpha-channel-opacity\" \/>\n\n\n\n<p class=\" \">&nbsp;<\/p>\n\n\n\n<h3 class=\"wp-block-heading\">Artigos do Regulamento Geral de Gradua\u00e7\u00e3o<\/h3>\n\n\n\n<p>DA DILATA\u00c7\u00c3O PARA INTEGRALIZA\u00c7\u00c3O CURRICULAR<\/p>\n\n\n\n<p>Art. 174. A dilata\u00e7\u00e3o de prazo para conclus\u00e3o de curso \u00e9 caracterizada pelo per\u00edodo cedido ap\u00f3s o t\u00e9rmino do \u00faltimo per\u00edodo letivo correspondente \u00e0 dura\u00e7\u00e3o m\u00e1xima para integraliza\u00e7\u00e3o curricular.<\/p>\n\n\n\n<p>Art. 175. A dilata\u00e7\u00e3o para conclus\u00e3o do curso poder\u00e1 ser concedida por apenas 02 (dois) per\u00edodos letivos, ressalvada a hip\u00f3tese prevista no Art. 179 desta Resolu\u00e7\u00e3o.<\/p>\n\n\n\n<p>\u00a71\u00ba. Compete ao Colegiado de Curso decidir sobre a concess\u00e3o da dilata\u00e7\u00e3o para conclus\u00e3o do curso.<\/p>\n\n\n\n<p>\u00a72\u00ba. A dilata\u00e7\u00e3o para conclus\u00e3o do curso dever\u00e1 ser solicitada pelo discente \u00e0 Coordena\u00e7\u00e3o de Curso no prazo estabelecido pelo Calend\u00e1rio Acad\u00eamico, mediante apresenta\u00e7\u00e3o dos seguintes documentos:<\/p>\n\n\n\n<p>a) requerimento do discente encaminhado \u00e0 Coordena\u00e7\u00e3o do Curso a que esteja vinculado, com justificativa circunstanciada;<\/p>\n\n\n\n<p>b) hist\u00f3rico Acad\u00eamico atualizado;<\/p>\n\n\n\n<p>c) cronograma com o plano de estudos, elaborado pelo discente sob orienta\u00e7\u00e3o da Coordena\u00e7\u00e3o do Curso; d) na hip\u00f3tese do Art. 179 desta Resolu\u00e7\u00e3o, laudo m\u00e9dico circunstanciado comprovando defici\u00eancia ou afec\u00e7\u00e3o que necessite de dilata\u00e7\u00e3o de prazo superior a dois per\u00edodos letivos.<\/p>\n\n\n\n<p>Art. 176. Os discentes com defici\u00eancia ou com afec\u00e7\u00f5es cong\u00eanitas ou adquiridas poder\u00e3o obter a dilata\u00e7\u00e3o para conclus\u00e3o do curso por tempo correspondente a at\u00e9 50% (cinquenta por cento) do tempo m\u00e1ximo de dura\u00e7\u00e3o do curso.<\/p>\n\n\n\n<p>Par\u00e1grafo \u00fanico. Para concess\u00e3o de dilata\u00e7\u00e3o para conclus\u00e3o do curso na forma do caput deste artigo, o Colegiado do Curso solicitar\u00e1 avalia\u00e7\u00e3o e parecer do Comit\u00ea de Inclus\u00e3o e Acessibilidade (CIA) ou da Junta de Especialistas da UFPB.<\/p>\n\n\n\n<p>Art. 177. Deferida a solicita\u00e7\u00e3o de dilata\u00e7\u00e3o para a conclus\u00e3o do curso pelo respectivo colegiado, o processo dever\u00e1 ser encaminhado \u00e0 PRG para implanta\u00e7\u00e3o no SIG.<\/p>\n\n\n\n<p>Par\u00e1grafo \u00fanico. No caso de indeferimento da solicita\u00e7\u00e3o de dilata\u00e7\u00e3o do prazo para conclus\u00e3o do curso pelo Colegiado de Curso, o interessado poder\u00e1 recorrer \u00e0 PRG, no prazo de 10 (dez) dias, a partir da ci\u00eancia do(a) discente.<\/p>\n","protected":false},"excerpt":{"rendered":"<p>Em regra, os discentes t\u00eam no m\u00e1ximo 15 semestres letivos regulares (ou seja, n\u00e3o suplementares) [&hellip;]<\/p>\n","protected":false},"author":54,"featured_media":0,"parent":0,"menu_order":0,"comment_status":"closed","ping_status":"closed","template":"","meta":{"footnotes":""},"class_list":["post-357","page","type-page","status-publish","hentry"],"_links":{"self":[{"href":"https:\/\/www.ccj.ufpb.br\/santarita\/wp-json\/wp\/v2\/pages\/357","targetHints":{"allow":["GET"]}}],"collection":[{"href":"https:\/\/www.ccj.ufpb.br\/santarita\/wp-json\/wp\/v2\/pages"}],"about":[{"href":"https:\/\/www.ccj.ufpb.br\/santarita\/wp-json\/wp\/v2\/types\/page"}],"author":[{"embeddable":true,"href":"https:\/\/www.ccj.ufpb.br\/santarita\/wp-json\/wp\/v2\/users\/54"}],"replies":[{"embeddable":true,"href":"https:\/\/www.ccj.ufpb.br\/santarita\/wp-json\/wp\/v2\/comments?post=357"}],"version-history":[{"count":1,"href":"https:\/\/www.ccj.ufpb.br\/santarita\/wp-json\/wp\/v2\/pages\/357\/revisions"}],"predecessor-version":[{"id":358,"href":"https:\/\/www.ccj.ufpb.br\/santarita\/wp-json\/wp\/v2\/pages\/357\/revisions\/358"}],"wp:attachment":[{"href":"https:\/\/www.ccj.ufpb.br\/santarita\/wp-json\/wp\/v2\/media?parent=357"}],"curies":[{"name":"wp","href":"https:\/\/api.w.org\/{rel}","templated":true}]}}