{"id":336,"date":"2025-06-12T14:31:16","date_gmt":"2025-06-12T14:31:16","guid":{"rendered":"https:\/\/www.ccj.ufpb.br\/santarita\/?page_id=336"},"modified":"2025-06-12T15:06:11","modified_gmt":"2025-06-12T15:06:11","slug":"aproveitamento-de-componente-optativo","status":"publish","type":"page","link":"https:\/\/www.ccj.ufpb.br\/santarita\/aproveitamento-de-componente-optativo\/","title":{"rendered":"Aproveitamento de Componentes Optativos (cursados na UFPB ap\u00f3s entrada no curso)"},"content":{"rendered":"\n<p>No Bacharelado em Direito da UFPB em Santa Rita, \u00e9 necess\u00e1rio cumprir 180 horas de componentes curriculares optativos. Os cr\u00e9ditos dos componentes previstos na grade curricular do curso s\u00e3o automaticamente computados entre os cr\u00e9ditos exigidos pelo PPC.<\/p>\n\n\n\n<p class=\" \">O discente pode cursar, como componentes curriculares optativos, at\u00e9 240 horas em quaisquer outros cursos de gradua\u00e7\u00e3o da UFPB. Para que um ou mais desses componentes integre as 180 horas requeridas, \u00e9 necess\u00e1rio o envio \u00e0 Coordena\u00e7\u00e3o de requerimento acompanhado de documenta\u00e7\u00e3o.<\/p>\n\n\n\n<p class=\" \">Os requisitos de aproveitamento s\u00e3o (a) a complementa\u00e7\u00e3o da forma\u00e7\u00e3o ofertada em nosso curso, e (b) a pertin\u00eancia tem\u00e1tica. Componentes que n\u00e3o cumpram esses requisitos podem ser cursados, mas n\u00e3o integrar\u00e3o as 180&nbsp;horas exigidas.<\/p>\n\n\n\n<p>Disciplinas optativas que excedam as 180 horas podem ser usadas para contabilizar&nbsp;<a href=\"https:\/\/www.ccj.ufpb.br\/cdsr\/contents\/paginas\/carga-horaria-complementar-flexivel\">horas de atividades complementares<\/a>.<\/p>\n\n\n\n<p>No entanto, o mesmo componente curricular n\u00e3o pode ser utilizado tanto para as 180 horas de optativas quanto para as 300 horas de atividades complementares. Cada componente, portanto, deve ser alocado em apenas uma dessas categorias.<\/p>\n\n\n\n<p>Para solicitar a inclus\u00e3o de componentes externos, preencha e assine o formul\u00e1rio correspondente e envie-o com a documenta\u00e7\u00e3o indicada no pr\u00f3prio formul\u00e1rio.<\/p>\n\n\n\n<p>O formul\u00e1rio de requerimento para disciplinas cursadas&nbsp;<strong>fora do CCJ<\/strong>&nbsp;\u00e9 encontrado&nbsp;<a href=\"https:\/\/docs.google.com\/document\/d\/1diswZ06r_uXGCaMilNcNzv_mnBv1xhd3YPW2zvZUrdY\/edit?usp=share_link\" target=\"_blank\" rel=\"noreferrer noopener\">aqui<\/a>.<\/p>\n\n\n\n<p>O formul\u00e1rio de requerimento para disciplinas cursadas&nbsp;<strong>no CCJ<\/strong>&nbsp;\u00e9 encontrado&nbsp;<a href=\"https:\/\/docs.google.com\/document\/d\/1wVLsR4uUznDtaOx2VRnCZ5VCFibLpefFaaLjoqb13A0\/edit?usp=sharing\" target=\"_blank\" rel=\"noreferrer noopener\">aqui<\/a>.<\/p>\n\n\n\n<p>Instru\u00e7\u00f5es sobre preenchimento e envio dos requerimentos est\u00e3o dispon\u00edveis&nbsp;<a href=\"https:\/\/coda.io\/d\/_dMsBYT0Rs9H\/Como-realizar-solicitacao-a-Coordenacao-de-Curso_suEC0\" rel=\"noreferrer noopener\" target=\"_blank\">aqui<\/a>.<\/p>\n\n\n\n<hr class=\"wp-block-separator has-alpha-channel-opacity\" \/>\n\n\n\n<h3 class=\"wp-block-heading\">Artigos do Regulamento Geral de Gradua\u00e7\u00e3o<\/h3>\n\n\n\n<p>Art. 37. O discente poder\u00e1 cursar, como componentes curriculares optativos, at\u00e9 240 horas em quaisquer outros cursos de gradua\u00e7\u00e3o da UFPB, ressalvados os casos de impedimento legal.<\/p>\n\n\n\n<p>\u00a71\u00ba. O discente poder\u00e1 aproveitar as horas cursadas em componente curricular optativo de livre escolha, de acordo com o estabelecido na Resolu\u00e7\u00e3o interna do curso, mediante sua pr\u00f3pria solicita\u00e7\u00e3o.<\/p>\n\n\n\n<p>\u00a72\u00ba. O componente curricular optativo de livre escolha poder\u00e1 ser aproveitado como componente curricular optativo na integraliza\u00e7\u00e3o curricular fora do elenco de optativas constantes do PPC.<\/p>\n\n\n\n<p>\u00a73\u00ba. Os componentes curriculares cursados em outros cursos n\u00e3o habilitam o discente a exercer as fun\u00e7\u00f5es inerentes ao curso aos quais a disciplina se vincula.<\/p>\n\n\n\n<p>\u00a74\u00ba. Em caso de componentes curriculares que exijam pr\u00e9-requisitos ou correquisitos, ser\u00e1 necess\u00e1rio que o discente cumpra o pr\u00e9-requisito ou correquisito existente.<\/p>\n","protected":false},"excerpt":{"rendered":"<p>No Bacharelado em Direito da UFPB em Santa Rita, \u00e9 necess\u00e1rio cumprir 180 horas de [&hellip;]<\/p>\n","protected":false},"author":54,"featured_media":0,"parent":0,"menu_order":0,"comment_status":"closed","ping_status":"closed","template":"","meta":{"footnotes":""},"class_list":["post-336","page","type-page","status-publish","hentry"],"_links":{"self":[{"href":"https:\/\/www.ccj.ufpb.br\/santarita\/wp-json\/wp\/v2\/pages\/336","targetHints":{"allow":["GET"]}}],"collection":[{"href":"https:\/\/www.ccj.ufpb.br\/santarita\/wp-json\/wp\/v2\/pages"}],"about":[{"href":"https:\/\/www.ccj.ufpb.br\/santarita\/wp-json\/wp\/v2\/types\/page"}],"author":[{"embeddable":true,"href":"https:\/\/www.ccj.ufpb.br\/santarita\/wp-json\/wp\/v2\/users\/54"}],"replies":[{"embeddable":true,"href":"https:\/\/www.ccj.ufpb.br\/santarita\/wp-json\/wp\/v2\/comments?post=336"}],"version-history":[{"count":2,"href":"https:\/\/www.ccj.ufpb.br\/santarita\/wp-json\/wp\/v2\/pages\/336\/revisions"}],"predecessor-version":[{"id":380,"href":"https:\/\/www.ccj.ufpb.br\/santarita\/wp-json\/wp\/v2\/pages\/336\/revisions\/380"}],"wp:attachment":[{"href":"https:\/\/www.ccj.ufpb.br\/santarita\/wp-json\/wp\/v2\/media?parent=336"}],"curies":[{"name":"wp","href":"https:\/\/api.w.org\/{rel}","templated":true}]}}