{"id":151,"date":"2025-05-29T17:15:44","date_gmt":"2025-05-29T17:15:44","guid":{"rendered":"https:\/\/www.ccj.ufpb.br\/santarita\/?page_id=151"},"modified":"2025-06-26T13:05:01","modified_gmt":"2025-06-26T13:05:01","slug":"estatuto","status":"publish","type":"page","link":"https:\/\/www.ccj.ufpb.br\/santarita\/estatuto\/","title":{"rendered":"Estatuto"},"content":{"rendered":"\n<p>Aprovado pela C\u00e2mara de Educa\u00e7\u00e3o Superior do Conselho Nacional de Educa\u00e7\u00e3o <a href=\"https:\/\/sigrh.ufpb.br\/sigrh\/public\/colegiados\/filtro_busca.jsf\" data-type=\"link\" data-id=\"https:\/\/sigrh.ufpb.br\/sigrh\/public\/colegiados\/filtro_busca.jsf\">(<\/a>Parecer n\u00ba 112\/2002<a href=\"https:\/\/sigrh.ufpb.br\/sigrh\/public\/colegiados\/filtro_busca.jsf\" data-type=\"link\" data-id=\"https:\/\/sigrh.ufpb.br\/sigrh\/public\/colegiados\/filtro_busca.jsf\">)<\/a> e pelo Ministro de Estado da Educa\u00e7\u00e3o<a href=\"https:\/\/www.ufpb.br\/sods\/contents\/menu\/resolucoes-sods\"> (<\/a>Portaria n\u00ba 3.198 de 21.11.2002<a href=\"https:\/\/www.ufpb.br\/sods\/contents\/menu\/resolucoes-sods\">,<\/a> publicada no D.O.U. de\u00a022.11.2002, retificada no D.O.U. de 12.12.2002).<\/p>\n\n\n\n<hr class=\"wp-block-separator has-alpha-channel-opacity\" \/>\n\n\n\n<p><strong>Hist\u00f3rico:<\/strong><\/p>\n\n\n\n<p>1955 &#8211; Lei de cria\u00e7\u00e3o da Universidade da Para\u00edba (<strong>Lei Estadual n\u00ba 1.366, de 02 de dezembro de<\/strong><a href=\"http:\/\/www.ufpb.br\/sods\/secretaria\/Lei%201366.htm\" target=\"_blank\" rel=\"noreferrer noopener\"><strong> <\/strong><\/a><strong>1955<\/strong>).<\/p>\n\n\n\n<p>1960 &#8211; Lei de federaliza\u00e7\u00e3o da Universidade da Para\u00edba (<strong>Lei n\u00ba 3.835, de 13 de dezembro de 1960<\/strong>).<\/p>\n\n\n\n<p>1961 &#8211; Estatuto da Universidade da Para\u00edba (<strong>Decreto n\u00ba 50.148, de 27\/01\/1961<\/strong>), revogado pelo\u00a0<strong>Dec.s\/n, de 25.04.1991<\/strong>.<\/p>\n\n\n\n<p>1969 &#8211; Estatuto da Universidade Federal da Para\u00edba (<strong>Decreto n\u00ba 65.464, de 21\/10\/1969<\/strong>), revogado pelo\u00a0<strong>Dec.s\/n, de 25.04.1991<\/strong>.<\/p>\n\n\n\n<p>2002 &#8211; Estatuto da Universidade Federal da Para\u00edba (<strong>Portaria MEC n\u00ba 3.198 de 21.11.2002<\/strong>)<\/p>\n","protected":false},"excerpt":{"rendered":"<p>Aprovado pela C\u00e2mara de Educa\u00e7\u00e3o Superior do Conselho Nacional de Educa\u00e7\u00e3o (Parecer n\u00ba 112\/2002) e [&hellip;]<\/p>\n","protected":false},"author":54,"featured_media":0,"parent":0,"menu_order":0,"comment_status":"closed","ping_status":"closed","template":"","meta":{"footnotes":""},"class_list":["post-151","page","type-page","status-publish","hentry"],"_links":{"self":[{"href":"https:\/\/www.ccj.ufpb.br\/santarita\/wp-json\/wp\/v2\/pages\/151","targetHints":{"allow":["GET"]}}],"collection":[{"href":"https:\/\/www.ccj.ufpb.br\/santarita\/wp-json\/wp\/v2\/pages"}],"about":[{"href":"https:\/\/www.ccj.ufpb.br\/santarita\/wp-json\/wp\/v2\/types\/page"}],"author":[{"embeddable":true,"href":"https:\/\/www.ccj.ufpb.br\/santarita\/wp-json\/wp\/v2\/users\/54"}],"replies":[{"embeddable":true,"href":"https:\/\/www.ccj.ufpb.br\/santarita\/wp-json\/wp\/v2\/comments?post=151"}],"version-history":[{"count":5,"href":"https:\/\/www.ccj.ufpb.br\/santarita\/wp-json\/wp\/v2\/pages\/151\/revisions"}],"predecessor-version":[{"id":447,"href":"https:\/\/www.ccj.ufpb.br\/santarita\/wp-json\/wp\/v2\/pages\/151\/revisions\/447"}],"wp:attachment":[{"href":"https:\/\/www.ccj.ufpb.br\/santarita\/wp-json\/wp\/v2\/media?parent=151"}],"curies":[{"name":"wp","href":"https:\/\/api.w.org\/{rel}","templated":true}]}}