{"id":73,"date":"2025-03-12T15:22:27","date_gmt":"2025-03-12T18:22:27","guid":{"rendered":"https:\/\/www.ccj.ufpb.br\/pos\/?page_id=73"},"modified":"2025-06-20T11:08:55","modified_gmt":"2025-06-20T14:08:55","slug":"dissertacoes","status":"publish","type":"page","link":"https:\/\/www.ccj.ufpb.br\/pos\/dissertacoes\/","title":{"rendered":"Disserta\u00e7\u00f5es"},"content":{"rendered":"\n<figure class=\"wp-block-image size-full\"><img loading=\"lazy\" decoding=\"async\" width=\"889\" height=\"138\" src=\"http:\/\/www.ccj.ufpb.br\/pos\/wp-content\/uploads\/sites\/106\/sites\/268\/2025\/06\/PPGCJ_banner.png\" alt=\"\" class=\"wp-image-407\" srcset=\"https:\/\/www.ccj.ufpb.br\/pos\/wp-content\/uploads\/sites\/106\/sites\/268\/2025\/06\/PPGCJ_banner.png 889w, https:\/\/www.ccj.ufpb.br\/pos\/wp-content\/uploads\/sites\/106\/sites\/268\/2025\/06\/PPGCJ_banner-300x47.png 300w, https:\/\/www.ccj.ufpb.br\/pos\/wp-content\/uploads\/sites\/106\/sites\/268\/2025\/06\/PPGCJ_banner-768x119.png 768w\" sizes=\"auto, (max-width: 889px) 100vw, 889px\" \/><\/figure>\n\n\n\n<p><a href=\"https:\/\/sigaa.ufpb.br\/sigaa\/public\/programa\/defesas.jsf?lc=pt_BR&amp;id=1891\">Disserta\u00e7\u00f5es de P\u00f3s-Gradua\u00e7\u00e3o (CCJ-PPGCJ)<\/a><\/p>\n","protected":false},"excerpt":{"rendered":"<p>Disserta\u00e7\u00f5es de P\u00f3s-Gradua\u00e7\u00e3o (CCJ-PPGCJ)<\/p>\n","protected":false},"author":54,"featured_media":0,"parent":0,"menu_order":0,"comment_status":"closed","ping_status":"closed","template":"","meta":{"footnotes":""},"class_list":["post-73","page","type-page","status-publish","hentry"],"_links":{"self":[{"href":"https:\/\/www.ccj.ufpb.br\/pos\/wp-json\/wp\/v2\/pages\/73","targetHints":{"allow":["GET"]}}],"collection":[{"href":"https:\/\/www.ccj.ufpb.br\/pos\/wp-json\/wp\/v2\/pages"}],"about":[{"href":"https:\/\/www.ccj.ufpb.br\/pos\/wp-json\/wp\/v2\/types\/page"}],"author":[{"embeddable":true,"href":"https:\/\/www.ccj.ufpb.br\/pos\/wp-json\/wp\/v2\/users\/54"}],"replies":[{"embeddable":true,"href":"https:\/\/www.ccj.ufpb.br\/pos\/wp-json\/wp\/v2\/comments?post=73"}],"version-history":[{"count":6,"href":"https:\/\/www.ccj.ufpb.br\/pos\/wp-json\/wp\/v2\/pages\/73\/revisions"}],"predecessor-version":[{"id":423,"href":"https:\/\/www.ccj.ufpb.br\/pos\/wp-json\/wp\/v2\/pages\/73\/revisions\/423"}],"wp:attachment":[{"href":"https:\/\/www.ccj.ufpb.br\/pos\/wp-json\/wp\/v2\/media?parent=73"}],"curies":[{"name":"wp","href":"https:\/\/api.w.org\/{rel}","templated":true}]}}