{"id":69,"date":"2025-03-12T13:44:08","date_gmt":"2025-03-12T16:44:08","guid":{"rendered":"https:\/\/www.ccj.ufpb.br\/pos\/?page_id=69"},"modified":"2025-06-17T12:24:28","modified_gmt":"2025-06-17T15:24:28","slug":"egressos","status":"publish","type":"page","link":"https:\/\/www.ccj.ufpb.br\/pos\/egressos\/","title":{"rendered":"Egressos"},"content":{"rendered":"\n<div class=\"wp-block-file\"><a id=\"wp-block-file--media-204d6982-e5ff-4eb8-9dd3-1698e26f9809\" href=\"https:\/\/www.ccj.ufpb.br\/pos\/wp-content\/uploads\/sites\/106\/sites\/268\/2025\/06\/acompanhamento-de-egressos-1.pdf\"><strong>Acompanhamento de Egressos do Programa de P\u00f3s-Gradua\u00e7\u00e3o em Ci\u00eancias Jur\u00eddicas da Universidade Federal da Para\u00edba: Forma\u00e7\u00e3o e Destino Profissional<\/strong><\/a><a href=\"https:\/\/www.ccj.ufpb.br\/pos\/wp-content\/uploads\/sites\/106\/sites\/268\/2025\/06\/acompanhamento-de-egressos-1.pdf\" class=\"wp-block-file__button wp-element-button\" download aria-describedby=\"wp-block-file--media-204d6982-e5ff-4eb8-9dd3-1698e26f9809\">Baixar<\/a><\/div>\n\n\n\n<p class=\"has-medium-font-size\"><\/p>\n","protected":false},"excerpt":{"rendered":"","protected":false},"author":54,"featured_media":0,"parent":0,"menu_order":0,"comment_status":"closed","ping_status":"closed","template":"","meta":{"footnotes":""},"class_list":["post-69","page","type-page","status-publish","hentry"],"_links":{"self":[{"href":"https:\/\/www.ccj.ufpb.br\/pos\/wp-json\/wp\/v2\/pages\/69","targetHints":{"allow":["GET"]}}],"collection":[{"href":"https:\/\/www.ccj.ufpb.br\/pos\/wp-json\/wp\/v2\/pages"}],"about":[{"href":"https:\/\/www.ccj.ufpb.br\/pos\/wp-json\/wp\/v2\/types\/page"}],"author":[{"embeddable":true,"href":"https:\/\/www.ccj.ufpb.br\/pos\/wp-json\/wp\/v2\/users\/54"}],"replies":[{"embeddable":true,"href":"https:\/\/www.ccj.ufpb.br\/pos\/wp-json\/wp\/v2\/comments?post=69"}],"version-history":[{"count":5,"href":"https:\/\/www.ccj.ufpb.br\/pos\/wp-json\/wp\/v2\/pages\/69\/revisions"}],"predecessor-version":[{"id":175,"href":"https:\/\/www.ccj.ufpb.br\/pos\/wp-json\/wp\/v2\/pages\/69\/revisions\/175"}],"wp:attachment":[{"href":"https:\/\/www.ccj.ufpb.br\/pos\/wp-json\/wp\/v2\/media?parent=69"}],"curies":[{"name":"wp","href":"https:\/\/api.w.org\/{rel}","templated":true}]}}