{"id":396,"date":"2025-06-19T23:35:02","date_gmt":"2025-06-20T02:35:02","guid":{"rendered":"https:\/\/www.ccj.ufpb.br\/pos\/?page_id=396"},"modified":"2025-06-20T11:04:05","modified_gmt":"2025-06-20T14:04:05","slug":"calendarios","status":"publish","type":"page","link":"https:\/\/www.ccj.ufpb.br\/pos\/calendarios\/","title":{"rendered":"Calend\u00e1rio"},"content":{"rendered":"\n<figure class=\"wp-block-image size-full\"><img loading=\"lazy\" decoding=\"async\" width=\"889\" height=\"138\" src=\"http:\/\/www.ccj.ufpb.br\/pos\/wp-content\/uploads\/sites\/106\/sites\/268\/2025\/06\/PPGCJ_banner.png\" alt=\"\" class=\"wp-image-407\" srcset=\"https:\/\/www.ccj.ufpb.br\/pos\/wp-content\/uploads\/sites\/106\/sites\/268\/2025\/06\/PPGCJ_banner.png 889w, https:\/\/www.ccj.ufpb.br\/pos\/wp-content\/uploads\/sites\/106\/sites\/268\/2025\/06\/PPGCJ_banner-300x47.png 300w, https:\/\/www.ccj.ufpb.br\/pos\/wp-content\/uploads\/sites\/106\/sites\/268\/2025\/06\/PPGCJ_banner-768x119.png 768w\" sizes=\"auto, (max-width: 889px) 100vw, 889px\" \/><\/figure>\n\n\n\n<p><a href=\"https:\/\/sigaa.ufpb.br\/sigaa\/public\/programa\/calendario.jsf?lc=pt_BR&amp;id=1891\">Calend\u00e1rio Acad\u00eamicos do Programa de P\u00f3s Gradua\u00e7\u00e3o em Ci\u00eancias Jur\u00eddicas <\/a><\/p>\n\n\n\n<p><\/p>\n","protected":false},"excerpt":{"rendered":"<p>Calend\u00e1rio Acad\u00eamicos do Programa de P\u00f3s Gradua\u00e7\u00e3o em Ci\u00eancias Jur\u00eddicas<\/p>\n","protected":false},"author":47,"featured_media":0,"parent":0,"menu_order":0,"comment_status":"closed","ping_status":"closed","template":"","meta":{"footnotes":""},"class_list":["post-396","page","type-page","status-publish","hentry"],"_links":{"self":[{"href":"https:\/\/www.ccj.ufpb.br\/pos\/wp-json\/wp\/v2\/pages\/396","targetHints":{"allow":["GET"]}}],"collection":[{"href":"https:\/\/www.ccj.ufpb.br\/pos\/wp-json\/wp\/v2\/pages"}],"about":[{"href":"https:\/\/www.ccj.ufpb.br\/pos\/wp-json\/wp\/v2\/types\/page"}],"author":[{"embeddable":true,"href":"https:\/\/www.ccj.ufpb.br\/pos\/wp-json\/wp\/v2\/users\/47"}],"replies":[{"embeddable":true,"href":"https:\/\/www.ccj.ufpb.br\/pos\/wp-json\/wp\/v2\/comments?post=396"}],"version-history":[{"count":4,"href":"https:\/\/www.ccj.ufpb.br\/pos\/wp-json\/wp\/v2\/pages\/396\/revisions"}],"predecessor-version":[{"id":419,"href":"https:\/\/www.ccj.ufpb.br\/pos\/wp-json\/wp\/v2\/pages\/396\/revisions\/419"}],"wp:attachment":[{"href":"https:\/\/www.ccj.ufpb.br\/pos\/wp-json\/wp\/v2\/media?parent=396"}],"curies":[{"name":"wp","href":"https:\/\/api.w.org\/{rel}","templated":true}]}}