{"id":324,"date":"2025-06-19T13:36:41","date_gmt":"2025-06-19T16:36:41","guid":{"rendered":"https:\/\/www.ccj.ufpb.br\/pos\/?page_id=324"},"modified":"2025-06-20T13:40:19","modified_gmt":"2025-06-20T16:40:19","slug":"livros-internacionais","status":"publish","type":"page","link":"https:\/\/www.ccj.ufpb.br\/pos\/livros-internacionais\/","title":{"rendered":"Livros Internacionais"},"content":{"rendered":"\n<h1 class=\"wp-block-heading\">Livros Internacionais em Colabora\u00e7\u00e3o com Universidades Estrangeiras<\/h1>\n\n\n\n<div class=\"wp-block-group is-nowrap is-layout-flex wp-container-core-group-is-layout-ad2f72ca wp-block-group-is-layout-flex\"><div class=\"wp-block-image\">\n<figure class=\"aligncenter size-large is-resized\"><img loading=\"lazy\" decoding=\"async\" width=\"659\" height=\"1024\" src=\"http:\/\/www.ccj.ufpb.br\/pos\/wp-content\/uploads\/sites\/106\/sites\/268\/2025\/06\/p1-659x1024.jpeg\" alt=\"\" class=\"wp-image-325\" style=\"width:229px;height:auto\" srcset=\"https:\/\/www.ccj.ufpb.br\/pos\/wp-content\/uploads\/sites\/106\/sites\/268\/2025\/06\/p1-659x1024.jpeg 659w, https:\/\/www.ccj.ufpb.br\/pos\/wp-content\/uploads\/sites\/106\/sites\/268\/2025\/06\/p1-193x300.jpeg 193w, https:\/\/www.ccj.ufpb.br\/pos\/wp-content\/uploads\/sites\/106\/sites\/268\/2025\/06\/p1.jpeg 695w\" sizes=\"auto, (max-width: 659px) 100vw, 659px\" \/><\/figure>\n<\/div>\n\n\n<p>1. <strong>UNIVERSIT\u00c0 DEGLI STUDI DI TORINO, IT\u00c1LIA&nbsp;(Prof. Dr. Marc\u00edlio Franca Filho)<\/strong><\/p>\n<\/div>\n\n\n\n<p><\/p>\n\n\n\n<div class=\"wp-block-group is-nowrap is-layout-flex wp-container-core-group-is-layout-ad2f72ca wp-block-group-is-layout-flex\"><div class=\"wp-block-image\">\n<figure class=\"aligncenter size-large is-resized\"><img loading=\"lazy\" decoding=\"async\" width=\"744\" height=\"1024\" src=\"http:\/\/www.ccj.ufpb.br\/pos\/wp-content\/uploads\/sites\/106\/sites\/268\/2025\/06\/p2-744x1024.jpeg\" alt=\"\" class=\"wp-image-326\" style=\"width:236px;height:auto\" srcset=\"https:\/\/www.ccj.ufpb.br\/pos\/wp-content\/uploads\/sites\/106\/sites\/268\/2025\/06\/p2-744x1024.jpeg 744w, https:\/\/www.ccj.ufpb.br\/pos\/wp-content\/uploads\/sites\/106\/sites\/268\/2025\/06\/p2-218x300.jpeg 218w, https:\/\/www.ccj.ufpb.br\/pos\/wp-content\/uploads\/sites\/106\/sites\/268\/2025\/06\/p2-768x1057.jpeg 768w, https:\/\/www.ccj.ufpb.br\/pos\/wp-content\/uploads\/sites\/106\/sites\/268\/2025\/06\/p2.jpeg 785w\" sizes=\"auto, (max-width: 744px) 100vw, 744px\" \/><\/figure>\n<\/div>\n\n\n<p>2. <strong>UNIVERSIDADE DE COIMBRA , PORTUGAL (Profa. Dra.&nbsp;Maria Creusa de Ara\u00fajo Borges)<\/strong><\/p>\n<\/div>\n\n\n\n<p><\/p>\n\n\n\n<p>3.&nbsp;<strong>CONS\u00d3RCIO LATINOAMERICANO DE POSGRADO EN DERECHOS HUMANOS (Profa. Dra.&nbsp;Maria Luiza Pereira de Alencar Mayer Feitosa)<\/strong><\/p>\n\n\n\n<div class=\"wp-block-group is-nowrap is-layout-flex wp-container-core-group-is-layout-ad2f72ca wp-block-group-is-layout-flex\"><div class=\"wp-block-image\">\n<figure class=\"aligncenter size-large is-resized\"><img loading=\"lazy\" decoding=\"async\" width=\"731\" height=\"1024\" src=\"http:\/\/www.ccj.ufpb.br\/pos\/wp-content\/uploads\/sites\/106\/sites\/268\/2025\/06\/p3-731x1024.jpeg\" alt=\"\" class=\"wp-image-341\" style=\"width:243px;height:auto\" srcset=\"https:\/\/www.ccj.ufpb.br\/pos\/wp-content\/uploads\/sites\/106\/sites\/268\/2025\/06\/p3-731x1024.jpeg 731w, https:\/\/www.ccj.ufpb.br\/pos\/wp-content\/uploads\/sites\/106\/sites\/268\/2025\/06\/p3-214x300.jpeg 214w, https:\/\/www.ccj.ufpb.br\/pos\/wp-content\/uploads\/sites\/106\/sites\/268\/2025\/06\/p3-768x1076.jpeg 768w, https:\/\/www.ccj.ufpb.br\/pos\/wp-content\/uploads\/sites\/106\/sites\/268\/2025\/06\/p3.jpeg 771w\" sizes=\"auto, (max-width: 731px) 100vw, 731px\" \/><\/figure>\n<\/div>\n\n\n<p>4.&nbsp;<strong>UNIVERSIDADE DE FLOREN\u00c7A , IT\u00c1LIA (Profa. Dra.&nbsp;Maria Luiza Pereira de Alencar Mayer Feitosa)<\/strong><\/p>\n<\/div>\n\n\n\n<p><\/p>\n","protected":false},"excerpt":{"rendered":"<p>Livros Internacionais em Colabora\u00e7\u00e3o com Universidades Estrangeiras 1. UNIVERSIT\u00c0 DEGLI STUDI DI TORINO, IT\u00c1LIA&nbsp;(Prof. Dr. [&hellip;]<\/p>\n","protected":false},"author":54,"featured_media":0,"parent":0,"menu_order":0,"comment_status":"closed","ping_status":"closed","template":"","meta":{"footnotes":""},"class_list":["post-324","page","type-page","status-publish","hentry"],"_links":{"self":[{"href":"https:\/\/www.ccj.ufpb.br\/pos\/wp-json\/wp\/v2\/pages\/324","targetHints":{"allow":["GET"]}}],"collection":[{"href":"https:\/\/www.ccj.ufpb.br\/pos\/wp-json\/wp\/v2\/pages"}],"about":[{"href":"https:\/\/www.ccj.ufpb.br\/pos\/wp-json\/wp\/v2\/types\/page"}],"author":[{"embeddable":true,"href":"https:\/\/www.ccj.ufpb.br\/pos\/wp-json\/wp\/v2\/users\/54"}],"replies":[{"embeddable":true,"href":"https:\/\/www.ccj.ufpb.br\/pos\/wp-json\/wp\/v2\/comments?post=324"}],"version-history":[{"count":6,"href":"https:\/\/www.ccj.ufpb.br\/pos\/wp-json\/wp\/v2\/pages\/324\/revisions"}],"predecessor-version":[{"id":446,"href":"https:\/\/www.ccj.ufpb.br\/pos\/wp-json\/wp\/v2\/pages\/324\/revisions\/446"}],"wp:attachment":[{"href":"https:\/\/www.ccj.ufpb.br\/pos\/wp-json\/wp\/v2\/media?parent=324"}],"curies":[{"name":"wp","href":"https:\/\/api.w.org\/{rel}","templated":true}]}}