{"id":209,"date":"2025-06-17T13:58:53","date_gmt":"2025-06-17T16:58:53","guid":{"rendered":"https:\/\/www.ccj.ufpb.br\/pos\/?page_id=209"},"modified":"2025-07-02T13:36:48","modified_gmt":"2025-07-02T16:36:48","slug":"209-2","status":"publish","type":"page","link":"https:\/\/www.ccj.ufpb.br\/pos\/209-2\/","title":{"rendered":"Conv\u00eanios de Coopera\u00e7\u00e3o Acad\u00eamica"},"content":{"rendered":"\n<h2 class=\"wp-block-heading\"><div class=\"linha-header\"><\/div><\/h2>\n\n\n\n<div class=\"wp-block-file\"><a id=\"wp-block-file--media-b7267196-c258-4241-8175-303872b06d3f\" href=\"https:\/\/www.ccj.ufpb.br\/pos\/wp-content\/uploads\/sites\/106\/sites\/268\/2025\/07\/1-italia-universita-degli-studi-di-firenze.pdf\">UNIVERSITA DEGLI STUDI DI FIRENZE (IT\u00c1LIA, 2018)<\/a><a href=\"https:\/\/www.ccj.ufpb.br\/pos\/wp-content\/uploads\/sites\/106\/sites\/268\/2025\/07\/1-italia-universita-degli-studi-di-firenze.pdf\" class=\"wp-block-file__button wp-element-button\" download aria-describedby=\"wp-block-file--media-b7267196-c258-4241-8175-303872b06d3f\">Baixar<\/a><\/div>\n\n\n\n<div class=\"wp-block-file\"><a id=\"wp-block-file--media-9fba45f9-63ab-49ee-befc-62a0143dc14e\" href=\"https:\/\/www.ccj.ufpb.br\/pos\/wp-content\/uploads\/sites\/106\/sites\/268\/2025\/07\/3-acordo-geral-de-cooperacao-academica-com-a-universidade-de-coimbra.pdf\">UNIVERSIDADE DE COIMBRA (ACORDO GERAL PORTUGAL, 2019)<\/a><a href=\"https:\/\/www.ccj.ufpb.br\/pos\/wp-content\/uploads\/sites\/106\/sites\/268\/2025\/07\/3-acordo-geral-de-cooperacao-academica-com-a-universidade-de-coimbra.pdf\" class=\"wp-block-file__button wp-element-button\" download aria-describedby=\"wp-block-file--media-9fba45f9-63ab-49ee-befc-62a0143dc14e\">Baixar<\/a><\/div>\n\n\n\n<div class=\"wp-block-file\"><a id=\"wp-block-file--media-9401ee76-b157-4b17-8163-a20c7b270e93\" href=\"https:\/\/www.ccj.ufpb.br\/pos\/wp-content\/uploads\/sites\/106\/sites\/268\/2025\/07\/4-convenio-especifico-para-o-intercambio-de-estudantes-e-professores-entre-a-ufpb-e-a-universidade-de-coimbra.pdf\">UNIVERSIDADE DE COIMBRA\u00a0 (CONV\u00caNIO ESPEC\u00cdFICO PARA INTERC\u00c2MBIO DE PROFESSORES E ALUNOS PORTUGAL, 2019)<\/a><a href=\"https:\/\/www.ccj.ufpb.br\/pos\/wp-content\/uploads\/sites\/106\/sites\/268\/2025\/07\/4-convenio-especifico-para-o-intercambio-de-estudantes-e-professores-entre-a-ufpb-e-a-universidade-de-coimbra.pdf\" class=\"wp-block-file__button wp-element-button\" download aria-describedby=\"wp-block-file--media-9401ee76-b157-4b17-8163-a20c7b270e93\">Baixar<\/a><\/div>\n\n\n\n<div class=\"wp-block-file\"><a id=\"wp-block-file--media-25733c52-a6b7-4b4a-9a9a-e21a7fe90606\" href=\"https:\/\/www.ccj.ufpb.br\/pos\/wp-content\/uploads\/sites\/106\/sites\/268\/2025\/07\/5-adenda-ao-acordo-de-cooperacao-entre-a-ufpb-ppgcj-e-a-universidade-de-coimbra-com-o-tema-do-capes-print-programa-de-internacionalizacao-da-capes-2.pdf\">UNIVERSIDADE DE COIMBRA\u00a0 (ADENDA AO ACORDO DE COOPERA\u00c7\u00c3O, TEMA DO CAPES PRINT PORTUGAL, 2019)<\/a><a href=\"https:\/\/www.ccj.ufpb.br\/pos\/wp-content\/uploads\/sites\/106\/sites\/268\/2025\/07\/5-adenda-ao-acordo-de-cooperacao-entre-a-ufpb-ppgcj-e-a-universidade-de-coimbra-com-o-tema-do-capes-print-programa-de-internacionalizacao-da-capes-2.pdf\" class=\"wp-block-file__button wp-element-button\" download aria-describedby=\"wp-block-file--media-25733c52-a6b7-4b4a-9a9a-e21a7fe90606\">Baixar<\/a><\/div>\n\n\n\n<div class=\"wp-block-file\"><a id=\"wp-block-file--media-ee81a53d-dbf7-44b8-9573-89e3e1a25a26\" href=\"https:\/\/www.ccj.ufpb.br\/pos\/wp-content\/uploads\/sites\/106\/sites\/268\/2025\/07\/9-universita-degli-studi-di-torino-acordo-geral-de-cooperacao-academica-italia-2019.pdf\">UNIVERSIT\u00c0 DEGLI STUDI DI TORINO (ACORDO GERAL DE COOPERA\u00c7\u00c3O ACAD\u00caMICA, IT\u00c1LIA, 20190.<\/a><a href=\"https:\/\/www.ccj.ufpb.br\/pos\/wp-content\/uploads\/sites\/106\/sites\/268\/2025\/07\/9-universita-degli-studi-di-torino-acordo-geral-de-cooperacao-academica-italia-2019.pdf\" class=\"wp-block-file__button wp-element-button\" download aria-describedby=\"wp-block-file--media-ee81a53d-dbf7-44b8-9573-89e3e1a25a26\">Baixar<\/a><\/div>\n\n\n\n<div class=\"wp-block-file\"><a id=\"wp-block-file--media-2d4fec81-af05-4e47-96f5-12902de0895c\" href=\"https:\/\/www.ccj.ufpb.br\/pos\/wp-content\/uploads\/sites\/106\/sites\/268\/2025\/07\/10-universita-degli-studi-di-torino-accordo-quadro-di-cooperazione-scientifica-italia-2019.pdf\">UNIVERSIT\u00c0 DEGLI STUDI DI TORINO (ACCORDO QUADRO DI COOPERAZIONE SCIENTIFICA, IT\u00c1LIA, 2019).<\/a><a href=\"https:\/\/www.ccj.ufpb.br\/pos\/wp-content\/uploads\/sites\/106\/sites\/268\/2025\/07\/10-universita-degli-studi-di-torino-accordo-quadro-di-cooperazione-scientifica-italia-2019.pdf\" class=\"wp-block-file__button wp-element-button\" download aria-describedby=\"wp-block-file--media-2d4fec81-af05-4e47-96f5-12902de0895c\">Baixar<\/a><\/div>\n\n\n\n<div class=\"wp-block-file\"><a id=\"wp-block-file--media-949c5de6-9514-4b74-8238-7fbef67c4522\" href=\"https:\/\/www.ccj.ufpb.br\/pos\/wp-content\/uploads\/sites\/106\/sites\/268\/2025\/07\/11-universita-degli-studi-di-torino-general-academic-cooperation-agreement-italia-2019.pdf\">UNIVERSIT\u00c0 DEGLI STUDI DI TORINO (GENERAL ACADEMIC COOPERATION AGREEMENT, IT\u00c1LIA, 2019).<\/a><a href=\"https:\/\/www.ccj.ufpb.br\/pos\/wp-content\/uploads\/sites\/106\/sites\/268\/2025\/07\/11-universita-degli-studi-di-torino-general-academic-cooperation-agreement-italia-2019.pdf\" class=\"wp-block-file__button wp-element-button\" download aria-describedby=\"wp-block-file--media-949c5de6-9514-4b74-8238-7fbef67c4522\">Baixar<\/a><\/div>\n\n\n\n<div class=\"wp-block-file\"><a id=\"wp-block-file--media-d3c5530b-92f8-48ac-978f-4b9b81a8f8e8\" href=\"https:\/\/www.ccj.ufpb.br\/pos\/wp-content\/uploads\/sites\/106\/sites\/268\/2025\/07\/11-universita-degli-studi-di-torino-general-academic-cooperation-agreement-italia-2019-1.pdf\">UNIVERSIT\u00c0 DEGLI STUDI DI TORINO\u00a0(CONV\u00caNIO ESPEC\u00cdFICO PARA INTERC\u00c2MBIO DE PROFESSORES E ESTUDANTES,\u00a0\u00a0IT\u00c1LIA, 2019).<\/a><a href=\"https:\/\/www.ccj.ufpb.br\/pos\/wp-content\/uploads\/sites\/106\/sites\/268\/2025\/07\/11-universita-degli-studi-di-torino-general-academic-cooperation-agreement-italia-2019-1.pdf\" class=\"wp-block-file__button wp-element-button\" download aria-describedby=\"wp-block-file--media-d3c5530b-92f8-48ac-978f-4b9b81a8f8e8\">Baixar<\/a><\/div>\n\n\n\n<div class=\"wp-block-file\"><a id=\"wp-block-file--media-cd185dda-9c34-4e0c-8600-b1a97ff11451\" href=\"https:\/\/www.ccj.ufpb.br\/pos\/wp-content\/uploads\/sites\/106\/sites\/268\/2025\/07\/7-universita-degli-studi-di-torino-accordo-specifico-di-cooperazione-accademica-per-la-mobilita-di-studenti-e-docenti-italia-2019.pdf\">UNIVERSIT\u00c0 DEGLI STUDI DI TORINO (ACCORDO SPECIFICO DI COOPERAZIONE ACCADEMICA PER LA MOBILIT\u00c0 DI STUDENTI E DOCENTI (IT\u00c1LIA, 2019).<\/a><a href=\"https:\/\/www.ccj.ufpb.br\/pos\/wp-content\/uploads\/sites\/106\/sites\/268\/2025\/07\/7-universita-degli-studi-di-torino-accordo-specifico-di-cooperazione-accademica-per-la-mobilita-di-studenti-e-docenti-italia-2019.pdf\" class=\"wp-block-file__button wp-element-button\" download aria-describedby=\"wp-block-file--media-cd185dda-9c34-4e0c-8600-b1a97ff11451\">Baixar<\/a><\/div>\n\n\n\n<div class=\"wp-block-file\"><a id=\"wp-block-file--media-c7af89a6-cee8-4676-8441-867caa96923a\" href=\"https:\/\/www.ccj.ufpb.br\/pos\/wp-content\/uploads\/sites\/106\/sites\/268\/2025\/07\/8-universita-degli-studi-di-torino-specific-agreement-for-student-and-teacher-exchange-italia-2019.pdf\">UNIVERSIT\u00c0 DEGLI STUDI DI TORINO (SPECIFIC AGREEMENT FOR STUDENT AND TEACHER EXCHANGE (IT\u00c1LIA, 2019).<\/a><a href=\"https:\/\/www.ccj.ufpb.br\/pos\/wp-content\/uploads\/sites\/106\/sites\/268\/2025\/07\/8-universita-degli-studi-di-torino-specific-agreement-for-student-and-teacher-exchange-italia-2019.pdf\" class=\"wp-block-file__button wp-element-button\" download aria-describedby=\"wp-block-file--media-c7af89a6-cee8-4676-8441-867caa96923a\">Baixar<\/a><\/div>\n\n\n\n<div class=\"wp-block-file\"><a id=\"wp-block-file--media-42dc343b-220a-4713-a69d-011ad8ee7273\" href=\"https:\/\/www.ccj.ufpb.br\/pos\/wp-content\/uploads\/sites\/106\/sites\/268\/2025\/07\/7-accord-cadre-de-cooperation-internationale-entre-grenoble-alpes-e-ufpb.pdf\">GRENOBLE ALPES (FRAN\u00c7A, 2020)<\/a><a href=\"https:\/\/www.ccj.ufpb.br\/pos\/wp-content\/uploads\/sites\/106\/sites\/268\/2025\/07\/7-accord-cadre-de-cooperation-internationale-entre-grenoble-alpes-e-ufpb.pdf\" class=\"wp-block-file__button wp-element-button\" download aria-describedby=\"wp-block-file--media-42dc343b-220a-4713-a69d-011ad8ee7273\">Baixar<\/a><\/div>\n\n\n\n<div class=\"wp-block-file\"><a id=\"wp-block-file--media-c2dd77c1-9992-412f-8f37-9c62e118ebc6\" href=\"https:\/\/www.ccj.ufpb.br\/pos\/wp-content\/uploads\/sites\/106\/sites\/268\/2025\/07\/8-tribunal-permanente-de-revision-do-mercado-comum-do-sul.pdf\">TRIBUNAL PERMANENTE DE REVISION DO MERCADO COM\u00daM DO SUL (MERCOSUL, 2020)<\/a><a href=\"https:\/\/www.ccj.ufpb.br\/pos\/wp-content\/uploads\/sites\/106\/sites\/268\/2025\/07\/8-tribunal-permanente-de-revision-do-mercado-comum-do-sul.pdf\" class=\"wp-block-file__button wp-element-button\" download aria-describedby=\"wp-block-file--media-c2dd77c1-9992-412f-8f37-9c62e118ebc6\">Baixar<\/a><\/div>\n\n\n\n<div class=\"wp-block-file\"><a id=\"wp-block-file--media-0d05eee1-cd97-43a3-8296-7f9fc0041ab8\" href=\"https:\/\/www.ccj.ufpb.br\/pos\/wp-content\/uploads\/sites\/106\/sites\/268\/2025\/07\/universite-de-lausanne.pdf\">UNIVERSIT\u00c9\u00a0 DE LAUSANNE (SU\u00cd\u00c7A, 2020)<\/a><a href=\"https:\/\/www.ccj.ufpb.br\/pos\/wp-content\/uploads\/sites\/106\/sites\/268\/2025\/07\/universite-de-lausanne.pdf\" class=\"wp-block-file__button wp-element-button\" download aria-describedby=\"wp-block-file--media-0d05eee1-cd97-43a3-8296-7f9fc0041ab8\">Baixar<\/a><\/div>\n\n\n\n<div class=\"wp-block-file\"><a id=\"wp-block-file--media-50110627-f3ad-4a88-b2ca-75e5e26c4677\" href=\"https:\/\/www.ccj.ufpb.br\/pos\/wp-content\/uploads\/sites\/106\/sites\/268\/2025\/07\/14-attestazione-santoro-simoni-cotutelas-unifi-2020.pdf\">UNIVERSITA DEGLI STUDI DI FIRENZE (ATTESTAZIONE, 2021).<\/a><a href=\"https:\/\/www.ccj.ufpb.br\/pos\/wp-content\/uploads\/sites\/106\/sites\/268\/2025\/07\/14-attestazione-santoro-simoni-cotutelas-unifi-2020.pdf\" class=\"wp-block-file__button wp-element-button\" download aria-describedby=\"wp-block-file--media-50110627-f3ad-4a88-b2ca-75e5e26c4677\">Baixar<\/a><\/div>\n\n\n\n<p><\/p>\n\n\n\n<p><\/p>\n","protected":false},"excerpt":{"rendered":"","protected":false},"author":54,"featured_media":0,"parent":0,"menu_order":0,"comment_status":"closed","ping_status":"closed","template":"","meta":{"footnotes":""},"class_list":["post-209","page","type-page","status-publish","hentry"],"_links":{"self":[{"href":"https:\/\/www.ccj.ufpb.br\/pos\/wp-json\/wp\/v2\/pages\/209","targetHints":{"allow":["GET"]}}],"collection":[{"href":"https:\/\/www.ccj.ufpb.br\/pos\/wp-json\/wp\/v2\/pages"}],"about":[{"href":"https:\/\/www.ccj.ufpb.br\/pos\/wp-json\/wp\/v2\/types\/page"}],"author":[{"embeddable":true,"href":"https:\/\/www.ccj.ufpb.br\/pos\/wp-json\/wp\/v2\/users\/54"}],"replies":[{"embeddable":true,"href":"https:\/\/www.ccj.ufpb.br\/pos\/wp-json\/wp\/v2\/comments?post=209"}],"version-history":[{"count":10,"href":"https:\/\/www.ccj.ufpb.br\/pos\/wp-json\/wp\/v2\/pages\/209\/revisions"}],"predecessor-version":[{"id":611,"href":"https:\/\/www.ccj.ufpb.br\/pos\/wp-json\/wp\/v2\/pages\/209\/revisions\/611"}],"wp:attachment":[{"href":"https:\/\/www.ccj.ufpb.br\/pos\/wp-json\/wp\/v2\/media?parent=209"}],"curies":[{"name":"wp","href":"https:\/\/api.w.org\/{rel}","templated":true}]}}