{"id":199,"date":"2025-06-17T13:33:14","date_gmt":"2025-06-17T16:33:14","guid":{"rendered":"https:\/\/www.ccj.ufpb.br\/pos\/?page_id=199"},"modified":"2025-06-17T13:33:53","modified_gmt":"2025-06-17T16:33:53","slug":"grupo-de-pesquisa","status":"publish","type":"page","link":"https:\/\/www.ccj.ufpb.br\/pos\/grupo-de-pesquisa\/","title":{"rendered":"Grupo de Pesquisa"},"content":{"rendered":"\n<p>01 &#8211;<a href=\"http:\/\/dgp.cnpq.br\/dgp\/espelhogrupo\/7232509131253379\" target=\"_blank\" rel=\"noreferrer noopener\">An\u00e1lise de Estruturas de Viol\u00eancia e Direito<\/a>&nbsp;&#8211;&nbsp;L\u00edder: Sven Peterke e Robson Ant\u00e3o de Medeiros<\/p>\n\n\n\n<p>02 &#8211;<a href=\"http:\/\/dgp.cnpq.br\/dgp\/espelhogrupo\/8098666585640751\" target=\"_blank\" rel=\"noreferrer noopener\">Biotecnologia, Biodireito e Meio Ambiente em Direitos Humanos<\/a>&nbsp;\u2013 L\u00edder: Belinda Pereira da Cunha e Robson Ant\u00e3o de Medeiros<\/p>\n\n\n\n<p>03 &#8211;<a href=\"http:\/\/dgp.cnpq.br\/dgp\/espelhogrupo\/5405285646588105\" target=\"_blank\" rel=\"noreferrer noopener\">Direito da Cidade e do Meio Ambiente e Desenvolvimento&nbsp;<\/a>\u2013 L\u00edder: Talden Queiroz Farias<\/p>\n\n\n\n<p>04-&nbsp;<a href=\"http:\/\/dgp.cnpq.br\/dgp\/espelhogrupo\/6298415245829333\" target=\"_blank\" rel=\"noreferrer noopener\">Direito Internacional ao Desenvolvimento e Cidadania&nbsp;<\/a>\u2013 L\u00edder: Fredys Orlando Sorto<\/p>\n\n\n\n<p>05 &#8211;&nbsp;<a href=\"http:\/\/dgp.cnpq.br\/dgp\/espelhogrupo\/2637545055336725\" target=\"_blank\" rel=\"noreferrer noopener\">Estudos e Saberes Ambientais-Homenagem A Enrique Leff: Sustentabilidade, Impactos, Racionalidades e Direitos<\/a><a href=\"http:\/\/dgp.cnpq.br\/dgp\/espelhogrupo\/2637545055336725\" target=\"_blank\" rel=\"noreferrer noopener\">&nbsp;<\/a>\u2013 L\u00edder: Belinda Pereira Da Cunha<\/p>\n\n\n\n<p>06 &#8211;&nbsp;<a href=\"http:\/\/dgp.cnpq.br\/dgp\/espelhogrupo\/6401692737146440\" target=\"_blank\" rel=\"noreferrer noopener\">Filosofia do Direito e Pensamento Pol\u00edtico&nbsp;<\/a>\u2013 L\u00edder: Newton de Oliveira Lima<\/p>\n\n\n\n<p>07 &#8211;&nbsp;<a href=\"http:\/\/dgp.cnpq.br\/dgp\/espelhogrupo\/1951946780328755\" target=\"_blank\" rel=\"noreferrer noopener\">Grupo de Estudos e Pesquisas em Educa\u00e7\u00e3o e Direitos Humanos&nbsp;<\/a>&#8211; Lider: Maria Creusa de Ara\u00fajo Borges<\/p>\n\n\n\n<p>08 &#8211;&nbsp;<a href=\"http:\/\/plone.ufpb.br\/pos\/contents\/pdf\/hd-const-ppgcj-ufpb-2020.pdf\">Hist\u00f3ria do Direito e Constitucionalismo&nbsp;&#8211;&nbsp;<\/a>Grupo CNPq\/UFPB<\/p>\n\n\n\n<p>09 &#8211;&nbsp;<a href=\"http:\/\/dgp.cnpq.br\/dgp\/espelhogrupo\/6528195402331395\" target=\"_blank\" rel=\"noreferrer noopener\">Institui\u00e7\u00f5es da Democracia, do Estado de Direito e da Cidadania no Brasil e na Am\u00e9rica Latina<\/a>&nbsp;&#8211;&nbsp;L\u00edder: Armando Albuquerque<\/p>\n\n\n\n<p>10 &#8211;&nbsp;<a href=\"http:\/\/dgp.cnpq.br\/dgp\/espelhogrupo\/0193936279383737\" target=\"_blank\" rel=\"noreferrer noopener\">Justi\u00e7a &amp; Pol\u00edtica<\/a>&nbsp;&#8211;&nbsp;L\u00edder: Gustavo Rabay Guerra<\/p>\n\n\n\n<p>11 &#8211;&nbsp;<a href=\"http:\/\/dgp.cnpq.br\/dgp\/espelhogrupo\/7281474202710302\" target=\"_blank\" rel=\"noreferrer noopener\">Laborat\u00f3rio Internacional de Investiga\u00e7\u00e3o em Transjuridicidade (LABIRINT)&nbsp;<\/a>&#8211;&nbsp;L\u00edder: Marc\u00edlio Toscano Franca Filho e Gustavo Rabay Guerra<\/p>\n\n\n\n<p>12 &#8211;&nbsp;<a href=\"http:\/\/dgp.cnpq.br\/dgp\/espelhogrupo\/3367197511469242\" target=\"_blank\" rel=\"noreferrer noopener\">Marxismo e Filosofia da Pr\u00e1xis&nbsp;<\/a>\u2013 L\u00edder: Enoque Feitosa Sobreira Filho<\/p>\n\n\n\n<p>13 &#8211;&nbsp;<a href=\"http:\/\/dgp.cnpq.br\/dgp\/espelhogrupo\/3269937498601803\" target=\"_blank\" rel=\"noreferrer noopener\">N\u00facleo Multidisciplinar de Pesquisa em Direito e Sociedade na Am\u00e9rica Latina<\/a><a href=\"http:\/\/dgp.cnpq.br\/dgp\/espelhogrupo\/3269937498601803\" target=\"_blank\" rel=\"noreferrer noopener\">&nbsp;<\/a>\u2013 L\u00edder: Fernando Joaquim Ferreira Maia<\/p>\n\n\n\n<p>14 &#8211;&nbsp;<a href=\"http:\/\/dgp.cnpq.br\/dgp\/espelhogrupo\/7555493383943974\" target=\"_blank\" rel=\"noreferrer noopener\">NUPOD-N\u00facleo para Pesquisa dos Observadores do Direito<\/a>&nbsp;&#8211;&nbsp;L\u00edder: Luciano do Nascimento Silva<\/p>\n\n\n\n<p>15 &#8211;&nbsp;<a href=\"http:\/\/dgp.cnpq.br\/dgp\/espelhogrupo\/6404639439671891\" target=\"_blank\" rel=\"noreferrer noopener\">Perspectivas e novos desafios de humaniza\u00e7\u00e3o do Direito Civil-Constitucional&nbsp;<\/a>\u2013 L\u00edder: Maria Luiza Pereira de Alencar Mayer Feitosa<\/p>\n\n\n\n<p>16 &#8211;&nbsp;<a href=\"http:\/\/dgp.cnpq.br\/dgp\/espelhogrupo\/3640229651912736\" target=\"_blank\" rel=\"noreferrer noopener\">Realismo Jur\u00eddico<\/a>&nbsp;\u2013 L\u00edder: Lorena de Melo Freitas<\/p>\n\n\n\n<p>17 &#8211;&nbsp;<a href=\"http:\/\/dgp.cnpq.br\/dgp\/espelhogrupo\/8340935854256215\" target=\"_blank\" rel=\"noreferrer noopener\">Teoria e Hist\u00f3ria do Direito<\/a>&nbsp;\u2013 L\u00edder: Jos\u00e9 Ernesto Pimentel Filho<\/p>\n\n\n\n<p>18 &#8211;<a href=\"http:\/\/dgp.cnpq.br\/dgp\/espelhogrupo\/0036211934961939\" target=\"_blank\" rel=\"noreferrer noopener\">&nbsp;<\/a><a href=\"http:\/\/dgp.cnpq.br\/dgp\/espelhogrupo\/0036211934961939\" target=\"_blank\" rel=\"noreferrer noopener\">Trabalho e Desenvolvimento: Influxos e Dissens\u00f5es<\/a>&nbsp;\u2013 L\u00edder: Jailton Macena de Ara\u00fajo<\/p>\n","protected":false},"excerpt":{"rendered":"<p>01 &#8211;An\u00e1lise de Estruturas de Viol\u00eancia e Direito&nbsp;&#8211;&nbsp;L\u00edder: Sven Peterke e Robson Ant\u00e3o de Medeiros [&hellip;]<\/p>\n","protected":false},"author":54,"featured_media":0,"parent":0,"menu_order":0,"comment_status":"closed","ping_status":"closed","template":"","meta":{"footnotes":""},"class_list":["post-199","page","type-page","status-publish","hentry"],"_links":{"self":[{"href":"https:\/\/www.ccj.ufpb.br\/pos\/wp-json\/wp\/v2\/pages\/199","targetHints":{"allow":["GET"]}}],"collection":[{"href":"https:\/\/www.ccj.ufpb.br\/pos\/wp-json\/wp\/v2\/pages"}],"about":[{"href":"https:\/\/www.ccj.ufpb.br\/pos\/wp-json\/wp\/v2\/types\/page"}],"author":[{"embeddable":true,"href":"https:\/\/www.ccj.ufpb.br\/pos\/wp-json\/wp\/v2\/users\/54"}],"replies":[{"embeddable":true,"href":"https:\/\/www.ccj.ufpb.br\/pos\/wp-json\/wp\/v2\/comments?post=199"}],"version-history":[{"count":3,"href":"https:\/\/www.ccj.ufpb.br\/pos\/wp-json\/wp\/v2\/pages\/199\/revisions"}],"predecessor-version":[{"id":202,"href":"https:\/\/www.ccj.ufpb.br\/pos\/wp-json\/wp\/v2\/pages\/199\/revisions\/202"}],"wp:attachment":[{"href":"https:\/\/www.ccj.ufpb.br\/pos\/wp-json\/wp\/v2\/media?parent=199"}],"curies":[{"name":"wp","href":"https:\/\/api.w.org\/{rel}","templated":true}]}}