{"id":194,"date":"2025-06-17T13:22:41","date_gmt":"2025-06-17T16:22:41","guid":{"rendered":"https:\/\/www.ccj.ufpb.br\/pos\/?page_id=194"},"modified":"2025-06-20T13:07:02","modified_gmt":"2025-06-20T16:07:02","slug":"biblioteca-de-referencia-capes","status":"publish","type":"page","link":"https:\/\/www.ccj.ufpb.br\/pos\/biblioteca-de-referencia-capes\/","title":{"rendered":"Biblioteca de Refer\u00eancia CAPES"},"content":{"rendered":"\n<div class=\"wp-block-file\"><a id=\"wp-block-file--media-9025fe33-a5a5-4e6f-81b9-1aa9e013cfef\" href=\"https:\/\/www.ccj.ufpb.br\/pos\/wp-content\/uploads\/sites\/106\/sites\/268\/2025\/06\/11o-lote-de-Livros-para-classificacaobiblioteca-de-referencia-CAPES.pdf\">11\u00ba lote de Livros para classifica\u00e7\u00e3o biblioteca de refer\u00eancia CAPES<\/a><a href=\"https:\/\/www.ccj.ufpb.br\/pos\/wp-content\/uploads\/sites\/106\/sites\/268\/2025\/06\/11o-lote-de-Livros-para-classificacaobiblioteca-de-referencia-CAPES.pdf\" class=\"wp-block-file__button wp-element-button\" download aria-describedby=\"wp-block-file--media-9025fe33-a5a5-4e6f-81b9-1aa9e013cfef\">Baixar<\/a><\/div>\n\n\n\n<div class=\"wp-block-file\"><a id=\"wp-block-file--media-ea6e5f4d-183d-45b2-8f8f-1fb99a27df4e\" href=\"https:\/\/www.ccj.ufpb.br\/pos\/wp-content\/uploads\/sites\/106\/sites\/268\/2025\/06\/10o-Lote-de-livros-para-ClassificacaoBiblioteca-de-referencia-CAPES.pdf\">10\u00ba Lote de livros para Classifica\u00e7\u00e3oBiblioteca de refer\u00eancia CAPES<\/a><a href=\"https:\/\/www.ccj.ufpb.br\/pos\/wp-content\/uploads\/sites\/106\/sites\/268\/2025\/06\/10o-Lote-de-livros-para-ClassificacaoBiblioteca-de-referencia-CAPES.pdf\" class=\"wp-block-file__button wp-element-button\" download aria-describedby=\"wp-block-file--media-ea6e5f4d-183d-45b2-8f8f-1fb99a27df4e\">Baixar<\/a><\/div>\n\n\n\n<div class=\"wp-block-file\"><a id=\"wp-block-file--media-540ee930-5ae3-466c-8763-860c30fdb833\" href=\"https:\/\/www.ccj.ufpb.br\/pos\/wp-content\/uploads\/sites\/106\/sites\/268\/2025\/06\/9o-Lote-de-livros-para-ClassificacaoBiblioteca-de-Referencia-CAPES.pdf\">9\u00ba Lote de livros para Classifica\u00e7\u00e3oBiblioteca de Refer\u00eancia CAPES<\/a><a href=\"https:\/\/www.ccj.ufpb.br\/pos\/wp-content\/uploads\/sites\/106\/sites\/268\/2025\/06\/9o-Lote-de-livros-para-ClassificacaoBiblioteca-de-Referencia-CAPES.pdf\" class=\"wp-block-file__button wp-element-button\" download aria-describedby=\"wp-block-file--media-540ee930-5ae3-466c-8763-860c30fdb833\">Baixar<\/a><\/div>\n\n\n\n<div class=\"wp-block-file\"><a id=\"wp-block-file--media-f22c85ce-fd2c-4754-9d8f-98d107ee2ba9\" href=\"https:\/\/www.ccj.ufpb.br\/pos\/wp-content\/uploads\/sites\/106\/sites\/268\/2025\/06\/Oficios-8o-Lote-de-livros-para-classificacaoBiblioteca.pdf\">8\u00ba Lote de livros para Classifica\u00e7\u00e3o Biblioteca de Refer\u00eancia CAPES<\/a><a href=\"https:\/\/www.ccj.ufpb.br\/pos\/wp-content\/uploads\/sites\/106\/sites\/268\/2025\/06\/Oficios-8o-Lote-de-livros-para-classificacaoBiblioteca.pdf\" class=\"wp-block-file__button wp-element-button\" download aria-describedby=\"wp-block-file--media-f22c85ce-fd2c-4754-9d8f-98d107ee2ba9\">Baixar<\/a><\/div>\n\n\n\n<div class=\"wp-block-file\"><a id=\"wp-block-file--media-0bf422f3-75c4-4ebd-8afc-bb87bb692ac2\" href=\"https:\/\/www.ccj.ufpb.br\/pos\/wp-content\/uploads\/sites\/106\/sites\/268\/2025\/06\/oficios-de-99-a-121_8o-LOTE.pdf\">Para acessar os of\u00edcios de n\u00ba 99 a 121 &#8211; 8\u00ba Lote<\/a><a href=\"https:\/\/www.ccj.ufpb.br\/pos\/wp-content\/uploads\/sites\/106\/sites\/268\/2025\/06\/oficios-de-99-a-121_8o-LOTE.pdf\" class=\"wp-block-file__button wp-element-button\" download aria-describedby=\"wp-block-file--media-0bf422f3-75c4-4ebd-8afc-bb87bb692ac2\">Baixar<\/a><\/div>\n\n\n\n<div class=\"wp-block-file\"><a id=\"wp-block-file--media-1c30d67d-e867-4607-b148-5457fb4f70e0\" href=\"https:\/\/www.ccj.ufpb.br\/pos\/wp-content\/uploads\/sites\/106\/sites\/268\/2025\/06\/7o-Lote-de-livros-para-a-Classificacao-Biblioteca-de-Referencia-\u2013-CAPES.pdf\">7\u00ba Lote de livros para a Classifica\u00e7\u00e3o Biblioteca de Refer\u00eancia \u2013 CAPES<\/a><a href=\"https:\/\/www.ccj.ufpb.br\/pos\/wp-content\/uploads\/sites\/106\/sites\/268\/2025\/06\/7o-Lote-de-livros-para-a-Classificacao-Biblioteca-de-Referencia-\u2013-CAPES.pdf\" class=\"wp-block-file__button wp-element-button\" download aria-describedby=\"wp-block-file--media-1c30d67d-e867-4607-b148-5457fb4f70e0\">Baixar<\/a><\/div>\n\n\n\n<div class=\"wp-block-file\"><a id=\"wp-block-file--media-56a79dbf-6569-4236-8108-49c005634ec2\" href=\"https:\/\/www.ccj.ufpb.br\/pos\/wp-content\/uploads\/sites\/106\/sites\/268\/2025\/06\/oficio-71-universidade-do-vale-do-itajai-p1_7o-LOTE.pdf\">P1  \u2013 UNIVALI&nbsp;<\/a><a href=\"https:\/\/www.ccj.ufpb.br\/pos\/wp-content\/uploads\/sites\/106\/sites\/268\/2025\/06\/oficio-71-universidade-do-vale-do-itajai-p1_7o-LOTE.pdf\" class=\"wp-block-file__button wp-element-button\" download aria-describedby=\"wp-block-file--media-56a79dbf-6569-4236-8108-49c005634ec2\">Baixar<\/a><\/div>\n\n\n\n<div class=\"wp-block-file\"><a id=\"wp-block-file--media-c51f8699-c54f-433b-9c5a-9fc3a246392a\" href=\"https:\/\/www.ccj.ufpb.br\/pos\/wp-content\/uploads\/sites\/106\/sites\/268\/2025\/06\/oficio-71-universidade-do-vale-do-itajai-p2_7o-LOTE.pdf\">P2  &#8211; UNIVALI<\/a><a href=\"https:\/\/www.ccj.ufpb.br\/pos\/wp-content\/uploads\/sites\/106\/sites\/268\/2025\/06\/oficio-71-universidade-do-vale-do-itajai-p2_7o-LOTE.pdf\" class=\"wp-block-file__button wp-element-button\" download aria-describedby=\"wp-block-file--media-c51f8699-c54f-433b-9c5a-9fc3a246392a\">Baixar<\/a><\/div>\n\n\n\n<div class=\"wp-block-file\"><a id=\"wp-block-file--media-3015a9df-0774-4b25-b94d-505e9274243f\" href=\"https:\/\/www.ccj.ufpb.br\/pos\/wp-content\/uploads\/sites\/106\/sites\/268\/2025\/06\/oficio-71-universidade-do-vale-do-itajai-p3_7o-LOTE.pdf\">P3  &#8211; UNIVALI<\/a><a href=\"https:\/\/www.ccj.ufpb.br\/pos\/wp-content\/uploads\/sites\/106\/sites\/268\/2025\/06\/oficio-71-universidade-do-vale-do-itajai-p3_7o-LOTE.pdf\" class=\"wp-block-file__button wp-element-button\" download aria-describedby=\"wp-block-file--media-3015a9df-0774-4b25-b94d-505e9274243f\">Baixar<\/a><\/div>\n\n\n\n<div class=\"wp-block-file\"><a id=\"wp-block-file--media-5317382b-5a6a-425d-9683-900e26e97309\" href=\"https:\/\/www.ccj.ufpb.br\/pos\/wp-content\/uploads\/sites\/106\/sites\/268\/2025\/06\/oficios-73-a-98_-7o-LOTE.pdf\">Para acessar of\u00edcios de n\u00ba 73 a 98 &#8211;  7\u00ba Lote<\/a><a href=\"https:\/\/www.ccj.ufpb.br\/pos\/wp-content\/uploads\/sites\/106\/sites\/268\/2025\/06\/oficios-73-a-98_-7o-LOTE.pdf\" class=\"wp-block-file__button wp-element-button\" download aria-describedby=\"wp-block-file--media-5317382b-5a6a-425d-9683-900e26e97309\">Baixar<\/a><\/div>\n\n\n\n<div class=\"wp-block-file\"><a id=\"wp-block-file--media-4d2e9340-311a-44dd-9dc8-4deb39242875\" href=\"https:\/\/www.ccj.ufpb.br\/pos\/wp-content\/uploads\/sites\/106\/sites\/268\/2025\/06\/6o-Lote-de-livros-para-a-Classificacao-Biblioteca-de-Referencia-\u2013-CAPES_1.pdf\">6\u00ba Lote de livros para a Classifica\u00e7\u00e3o Biblioteca de Refer\u00eancia \u2013 CAPES<\/a><a href=\"https:\/\/www.ccj.ufpb.br\/pos\/wp-content\/uploads\/sites\/106\/sites\/268\/2025\/06\/6o-Lote-de-livros-para-a-Classificacao-Biblioteca-de-Referencia-\u2013-CAPES_1.pdf\" class=\"wp-block-file__button wp-element-button\" download aria-describedby=\"wp-block-file--media-4d2e9340-311a-44dd-9dc8-4deb39242875\">Baixar<\/a><\/div>\n\n\n\n<div class=\"wp-block-file\"><a id=\"wp-block-file--media-0f156c84-d03d-43ff-a6f8-27e3cdb05ee9\" href=\"https:\/\/www.ccj.ufpb.br\/pos\/wp-content\/uploads\/sites\/106\/sites\/268\/2025\/06\/oficios-47-a-70-1_-6o-lote.pdf\">Para acessar os oficios de n\u00ba 47 a 70 &#8211; 6\u00ba lote<\/a><a href=\"https:\/\/www.ccj.ufpb.br\/pos\/wp-content\/uploads\/sites\/106\/sites\/268\/2025\/06\/oficios-47-a-70-1_-6o-lote.pdf\" class=\"wp-block-file__button wp-element-button\" download aria-describedby=\"wp-block-file--media-0f156c84-d03d-43ff-a6f8-27e3cdb05ee9\">Baixar<\/a><\/div>\n\n\n\n<div class=\"wp-block-file\"><a id=\"wp-block-file--media-f103f91c-cd54-49c4-813d-2ca4250a7cd4\" href=\"https:\/\/www.ccj.ufpb.br\/pos\/wp-content\/uploads\/sites\/106\/sites\/268\/2025\/06\/Oficio-no-34_5o-lote.pdf\">5\u00ba Lote de livros para a Classifica\u00e7\u00e3o\/Biblioteca de Refer\u00eancia \u2013 CAPES<\/a><a href=\"https:\/\/www.ccj.ufpb.br\/pos\/wp-content\/uploads\/sites\/106\/sites\/268\/2025\/06\/Oficio-no-34_5o-lote.pdf\" class=\"wp-block-file__button wp-element-button\" download aria-describedby=\"wp-block-file--media-f103f91c-cd54-49c4-813d-2ca4250a7cd4\">Baixar<\/a><\/div>\n\n\n\n<div class=\"wp-block-file\"><a id=\"wp-block-file--media-dd953056-9db4-4ffa-837a-4a511ae462fd\" href=\"https:\/\/www.ccj.ufpb.br\/pos\/wp-content\/uploads\/sites\/106\/sites\/268\/2025\/06\/Oficios-34-a-45_5o-lote.pdf\">Para acessar os oficios de n\u00ba 34 a 45 -5\u00ba lote<\/a><a href=\"https:\/\/www.ccj.ufpb.br\/pos\/wp-content\/uploads\/sites\/106\/sites\/268\/2025\/06\/Oficios-34-a-45_5o-lote.pdf\" class=\"wp-block-file__button wp-element-button\" download aria-describedby=\"wp-block-file--media-dd953056-9db4-4ffa-837a-4a511ae462fd\">Baixar<\/a><\/div>\n\n\n\n<div class=\"wp-block-file\"><a id=\"wp-block-file--media-7d47cf1d-d9c9-43eb-ad76-6596472b3d18\" href=\"https:\/\/www.ccj.ufpb.br\/pos\/wp-content\/uploads\/sites\/106\/sites\/268\/2025\/06\/4o-Lote-de-livros-para-a-Classificacao-Biblioteca-de-Referencia-\u2013-CAPESpdf.pdf\">4\u00ba Lote de livros para a Classifica\u00e7\u00e3o Biblioteca de Refer\u00eancia \u2013 CAPES<\/a><a href=\"https:\/\/www.ccj.ufpb.br\/pos\/wp-content\/uploads\/sites\/106\/sites\/268\/2025\/06\/4o-Lote-de-livros-para-a-Classificacao-Biblioteca-de-Referencia-\u2013-CAPESpdf.pdf\" class=\"wp-block-file__button wp-element-button\" download aria-describedby=\"wp-block-file--media-7d47cf1d-d9c9-43eb-ad76-6596472b3d18\">Baixar<\/a><\/div>\n\n\n\n<div class=\"wp-block-file\"><a id=\"wp-block-file--media-d2be2b3c-4d68-49a3-b73f-6c5100302c96\" href=\"https:\/\/www.ccj.ufpb.br\/pos\/wp-content\/uploads\/sites\/106\/sites\/268\/2025\/06\/combinepdf-1_20-min.pdf\">Para acessar os of\u00edcios de n\u00ba 21 a 24 &#8211; 4\u00ba Lote<\/a><a href=\"https:\/\/www.ccj.ufpb.br\/pos\/wp-content\/uploads\/sites\/106\/sites\/268\/2025\/06\/combinepdf-1_20-min.pdf\" class=\"wp-block-file__button wp-element-button\" download aria-describedby=\"wp-block-file--media-d2be2b3c-4d68-49a3-b73f-6c5100302c96\">Baixar<\/a><\/div>\n\n\n\n<div class=\"wp-block-file\"><a id=\"wp-block-file--media-084e9f88-2857-4f36-8fd8-bdb1c29aad7a\" href=\"https:\/\/www.ccj.ufpb.br\/pos\/wp-content\/uploads\/sites\/106\/sites\/268\/2025\/06\/combinepdf-22a39-min.pdf\">Para acessas os of\u00edcios de n\u00ba 22 a 39- 4\u00ba Lote<\/a><a href=\"https:\/\/www.ccj.ufpb.br\/pos\/wp-content\/uploads\/sites\/106\/sites\/268\/2025\/06\/combinepdf-22a39-min.pdf\" class=\"wp-block-file__button wp-element-button\" download aria-describedby=\"wp-block-file--media-084e9f88-2857-4f36-8fd8-bdb1c29aad7a\">Baixar<\/a><\/div>\n\n\n\n<div class=\"wp-block-file\"><a id=\"wp-block-file--media-1681513b-3b22-4274-a2a7-bb109db9e9ea\" href=\"https:\/\/www.ccj.ufpb.br\/pos\/wp-content\/uploads\/sites\/106\/sites\/268\/2025\/06\/3o-Lote-de-livros-para-a-Classificacao-Biblioteca-de-Referencia-\u2013-CAPES.pdf\">3\u00ba Lote de livros para a Classifica\u00e7\u00e3o Biblioteca de Refer\u00eancia \u2013 CAPES<\/a><a href=\"https:\/\/www.ccj.ufpb.br\/pos\/wp-content\/uploads\/sites\/106\/sites\/268\/2025\/06\/3o-Lote-de-livros-para-a-Classificacao-Biblioteca-de-Referencia-\u2013-CAPES.pdf\" class=\"wp-block-file__button wp-element-button\" download aria-describedby=\"wp-block-file--media-1681513b-3b22-4274-a2a7-bb109db9e9ea\">Baixar<\/a><\/div>\n\n\n\n<div class=\"wp-block-file\"><a id=\"wp-block-file--media-05a01f32-6faf-482f-9559-b09e896496bc\" href=\"https:\/\/www.ccj.ufpb.br\/pos\/wp-content\/uploads\/sites\/106\/sites\/268\/2025\/06\/oficios-19-e-20-7_3o-Lote.pdf\">Para acessar os oficios de n\u00ba 19 e 20 &#8211; 3\u00ba Lote<\/a><a href=\"https:\/\/www.ccj.ufpb.br\/pos\/wp-content\/uploads\/sites\/106\/sites\/268\/2025\/06\/oficios-19-e-20-7_3o-Lote.pdf\" class=\"wp-block-file__button wp-element-button\" download aria-describedby=\"wp-block-file--media-05a01f32-6faf-482f-9559-b09e896496bc\">Baixar<\/a><\/div>\n\n\n\n<div class=\"wp-block-file\"><a id=\"wp-block-file--media-e7f367af-f171-435e-b86a-1960797b7d2a\" href=\"https:\/\/www.ccj.ufpb.br\/pos\/wp-content\/uploads\/sites\/106\/sites\/268\/2025\/06\/2o-Lote-de-livros-para-a-Classificacao-Biblioteca-de-Referencia-\u2013-CAPESpdf-1.pdf\">2\u00ba Lote de livros para a Classifica\u00e7\u00e3o Biblioteca de Refer\u00eancia \u2013 CAPES<\/a><a href=\"https:\/\/www.ccj.ufpb.br\/pos\/wp-content\/uploads\/sites\/106\/sites\/268\/2025\/06\/2o-Lote-de-livros-para-a-Classificacao-Biblioteca-de-Referencia-\u2013-CAPESpdf-1.pdf\" class=\"wp-block-file__button wp-element-button\" download aria-describedby=\"wp-block-file--media-e7f367af-f171-435e-b86a-1960797b7d2a\">Baixar<\/a><\/div>\n\n\n\n<div class=\"wp-block-file\"><a id=\"wp-block-file--media-705121f0-4b10-4c97-b11b-9cd5f10db1d9\" href=\"https:\/\/www.ccj.ufpb.br\/pos\/wp-content\/uploads\/sites\/106\/sites\/268\/2025\/06\/oficios-13-a-18-1_2o-Lote.pdf\">Para acessar oficios de n\u00ba 13 a 18 &#8211; 2\u00ba Lote<\/a><a href=\"https:\/\/www.ccj.ufpb.br\/pos\/wp-content\/uploads\/sites\/106\/sites\/268\/2025\/06\/oficios-13-a-18-1_2o-Lote.pdf\" class=\"wp-block-file__button wp-element-button\" download aria-describedby=\"wp-block-file--media-705121f0-4b10-4c97-b11b-9cd5f10db1d9\">Baixar<\/a><\/div>\n\n\n\n<div class=\"wp-block-file\"><a id=\"wp-block-file--media-bf0e5aca-4b28-4fda-ba07-ffd1ef47d407\" href=\"https:\/\/www.ccj.ufpb.br\/pos\/wp-content\/uploads\/sites\/106\/sites\/268\/2025\/06\/1o-Lote-de-livros-para-a-Classificacao-Biblioteca-de-Referencia-\u2013-CAPES.pdf\">1\u00ba Lote de livros para a Classifica\u00e7\u00e3o Biblioteca de Refer\u00eancia \u2013 CAPES<\/a><a href=\"https:\/\/www.ccj.ufpb.br\/pos\/wp-content\/uploads\/sites\/106\/sites\/268\/2025\/06\/1o-Lote-de-livros-para-a-Classificacao-Biblioteca-de-Referencia-\u2013-CAPES.pdf\" class=\"wp-block-file__button wp-element-button\" download aria-describedby=\"wp-block-file--media-bf0e5aca-4b28-4fda-ba07-ffd1ef47d407\">Baixar<\/a><\/div>\n\n\n\n<div class=\"wp-block-file\"><a id=\"wp-block-file--media-8a04d269-1498-45e1-94e2-03e64ba0be74\" href=\"https:\/\/www.ccj.ufpb.br\/pos\/wp-content\/uploads\/sites\/106\/sites\/268\/2025\/06\/combinepdf-4a6-1o-lote.pdf\">Para acessar of\u00edcios de n\u00ba 4 a 6 &#8211; 1\u00ba lote<\/a><a href=\"https:\/\/www.ccj.ufpb.br\/pos\/wp-content\/uploads\/sites\/106\/sites\/268\/2025\/06\/combinepdf-4a6-1o-lote.pdf\" class=\"wp-block-file__button wp-element-button\" download aria-describedby=\"wp-block-file--media-8a04d269-1498-45e1-94e2-03e64ba0be74\">Baixar<\/a><\/div>\n\n\n\n<div class=\"wp-block-file\"><a id=\"wp-block-file--media-5abc1920-c3bb-4cb3-a144-2affbd365789\" href=\"https:\/\/www.ccj.ufpb.br\/pos\/wp-content\/uploads\/sites\/106\/sites\/268\/2025\/06\/combinepdf4-a-8-1o-Lote.pdf\">Para acessar of\u00edcios de n\u00ba 7 a 8 &#8211; 1\u00ba Lote<\/a><a href=\"https:\/\/www.ccj.ufpb.br\/pos\/wp-content\/uploads\/sites\/106\/sites\/268\/2025\/06\/combinepdf4-a-8-1o-Lote.pdf\" class=\"wp-block-file__button wp-element-button\" download aria-describedby=\"wp-block-file--media-5abc1920-c3bb-4cb3-a144-2affbd365789\">Baixar<\/a><\/div>\n\n\n\n<div class=\"wp-block-file\"><a id=\"wp-block-file--media-03d2d8b7-748c-4eba-aa60-c6bfb5d285ce\" href=\"https:\/\/www.ccj.ufpb.br\/pos\/wp-content\/uploads\/sites\/106\/sites\/268\/2025\/06\/oficios-04-a-11_1o-Lote-3-pdf.io_-1.pdf\">Para acessar of\u00edcios de n\u00ba 9 a 11- 1\u00ba Lote<\/a><a href=\"https:\/\/www.ccj.ufpb.br\/pos\/wp-content\/uploads\/sites\/106\/sites\/268\/2025\/06\/oficios-04-a-11_1o-Lote-3-pdf.io_-1.pdf\" class=\"wp-block-file__button wp-element-button\" download aria-describedby=\"wp-block-file--media-03d2d8b7-748c-4eba-aa60-c6bfb5d285ce\">Baixar<\/a><\/div>\n\n\n\n<p><\/p>\n","protected":false},"excerpt":{"rendered":"","protected":false},"author":54,"featured_media":0,"parent":0,"menu_order":0,"comment_status":"closed","ping_status":"closed","template":"","meta":{"footnotes":""},"class_list":["post-194","page","type-page","status-publish","hentry"],"_links":{"self":[{"href":"https:\/\/www.ccj.ufpb.br\/pos\/wp-json\/wp\/v2\/pages\/194","targetHints":{"allow":["GET"]}}],"collection":[{"href":"https:\/\/www.ccj.ufpb.br\/pos\/wp-json\/wp\/v2\/pages"}],"about":[{"href":"https:\/\/www.ccj.ufpb.br\/pos\/wp-json\/wp\/v2\/types\/page"}],"author":[{"embeddable":true,"href":"https:\/\/www.ccj.ufpb.br\/pos\/wp-json\/wp\/v2\/users\/54"}],"replies":[{"embeddable":true,"href":"https:\/\/www.ccj.ufpb.br\/pos\/wp-json\/wp\/v2\/comments?post=194"}],"version-history":[{"count":14,"href":"https:\/\/www.ccj.ufpb.br\/pos\/wp-json\/wp\/v2\/pages\/194\/revisions"}],"predecessor-version":[{"id":440,"href":"https:\/\/www.ccj.ufpb.br\/pos\/wp-json\/wp\/v2\/pages\/194\/revisions\/440"}],"wp:attachment":[{"href":"https:\/\/www.ccj.ufpb.br\/pos\/wp-json\/wp\/v2\/media?parent=194"}],"curies":[{"name":"wp","href":"https:\/\/api.w.org\/{rel}","templated":true}]}}