{"id":17,"date":"2025-03-11T22:47:17","date_gmt":"2025-03-11T22:47:17","guid":{"rendered":"https:\/\/www.ccj.ufpb.br\/pos\/?page_id=17"},"modified":"2025-03-12T10:34:06","modified_gmt":"2025-03-12T13:34:06","slug":"noticias","status":"publish","type":"page","link":"https:\/\/www.ccj.ufpb.br\/pos\/noticias\/","title":{"rendered":"Not\u00edcias"},"content":{"rendered":"\n<h2 class=\"wp-block-heading\"><div class=\"linha-header\">&#8220;Governan\u00e7a Digital na Urbaniza\u00e7\u00e3o Tecnol\u00f3gica: energias renov\u00e1veis, promo\u00e7\u00e3o e prote\u00e7\u00e3o do Direito \u00e0 Cidade&#8221;<\/div><\/h2>\n\n\n\n<figure class=\"wp-block-image is-resized\"><img loading=\"lazy\" decoding=\"async\" width=\"183\" height=\"230\" src=\"https:\/\/www.ccj.ufpb.br\/pos\/wp-content\/uploads\/sites\/106\/sites\/268\/2025\/03\/diplomatura.jpg\" alt=\"\" class=\"wp-image-43\" style=\"width:253px;height:auto\" \/><\/figure>\n\n\n\n<p>O Programa de P\u00f3s-Gradua\u00e7\u00e3o em Ci\u00eancias Jur\u00eddicas do Centro de Ci\u00eancias Jur\u00eddicas da UFPB (PPGCJ-UFPB) promove nos dias 25\/03, 01\/04, 08\/04, 15\/04, 22\/04, 29\/04, 06\/05 e 13\/05, das 9h \u00e0s 10h30, o Minicurso &#8220;Governan\u00e7a Digital na Urbaniza\u00e7\u00e3o Tecnol\u00f3gica: energias renov\u00e1veis, promo\u00e7\u00e3o e prote\u00e7\u00e3o do Direito \u00e0 Cidade&#8221;.<\/p>\n\n\n\n<p>O evento faz parte das atividades do Grupo de Pesquisa Dom Quixote (@domquixote.projeto)&nbsp; e do est\u00e1gio p\u00f3s-doutoral desenvolvido por Alessandra Hil\u00e1rio, sob a supervis\u00e3o de Fernando Joaquim Ferreira Maia (professor do Centro de Ci\u00eancias Jur\u00eddicas da UFPB e Vice-Coordenador do PPGCJ) e com a participa\u00e7\u00e3o das professoras Hirdan Costa (PPGCJ\/CCJ), Mariana Traldi (IFSP) e do professor Talden Farias (PPGCJ-UFPB).<\/p>\n\n\n\n<p>Ser\u00e3o discutidos os seguintes temas: a) governan\u00e7a digital e energias renov\u00e1veis na cidade, b) tecnologia digital, energias renov\u00e1veis e cidades inteligentes, c) acumula\u00e7\u00e3o por despossess\u00e3o e energia renov\u00e1vel nas cidades, d) regime jur\u00eddico da propriedade da energia renov\u00e1vel nas cidades, e) impactos ambientais, energias renov\u00e1veis e cidades, f) reforma urbana e energia renov\u00e1vel.<\/p>\n\n\n\n<p>A programa\u00e7\u00e3o completa est\u00e1 dispon\u00edvel no sigeventos UFPB (<a href=\"https:\/\/sigeventos.ufpb.br\/eventos\/public\/evento\/GDUTERPPDC2025\" target=\"_blank\" rel=\"noreferrer noopener\">https:\/\/sigeventos.ufpb.br\/eventos\/public\/evento\/GDUTERPPDC2025<\/a>), com o calend\u00e1rio do evento e temas das apresenta\u00e7\u00f5es.<\/p>\n\n\n\n<p>As inscri\u00e7\u00f5es s\u00e3o gratuitas e devem ser realizadas pelo SIGEVENTOS DA UFPB. Link das inscri\u00e7\u00f5es:&nbsp;<a href=\"https:\/\/sigeventos.ufpb.br\/eventos\/public\/evento\/chinadesenvolvimento\" target=\"_blank\" rel=\"noreferrer noopener\">https:\/\/sigeventos.ufpb.br\/eventos\/public\/evento\/chinadesenvolvimento<\/a><\/p>\n\n\n\n<p>Informa\u00e7\u00f5es:&nbsp;<a href=\"mailto:projetodomquixote.eolica@gmail.com\" target=\"_blank\" rel=\"noreferrer noopener\">projetodomquixote.eolica@gmail.com<\/a><\/p>\n","protected":false},"excerpt":{"rendered":"<p>&#8220;Governan\u00e7a Digital na Urbaniza\u00e7\u00e3o Tecnol\u00f3gica: energias renov\u00e1veis, promo\u00e7\u00e3o e prote\u00e7\u00e3o do Direito \u00e0 Cidade&#8221; O [&hellip;]<\/p>\n","protected":false},"author":47,"featured_media":32,"parent":0,"menu_order":0,"comment_status":"closed","ping_status":"closed","template":"","meta":{"footnotes":""},"class_list":["post-17","page","type-page","status-publish","has-post-thumbnail","hentry"],"_links":{"self":[{"href":"https:\/\/www.ccj.ufpb.br\/pos\/wp-json\/wp\/v2\/pages\/17","targetHints":{"allow":["GET"]}}],"collection":[{"href":"https:\/\/www.ccj.ufpb.br\/pos\/wp-json\/wp\/v2\/pages"}],"about":[{"href":"https:\/\/www.ccj.ufpb.br\/pos\/wp-json\/wp\/v2\/types\/page"}],"author":[{"embeddable":true,"href":"https:\/\/www.ccj.ufpb.br\/pos\/wp-json\/wp\/v2\/users\/47"}],"replies":[{"embeddable":true,"href":"https:\/\/www.ccj.ufpb.br\/pos\/wp-json\/wp\/v2\/comments?post=17"}],"version-history":[{"count":4,"href":"https:\/\/www.ccj.ufpb.br\/pos\/wp-json\/wp\/v2\/pages\/17\/revisions"}],"predecessor-version":[{"id":49,"href":"https:\/\/www.ccj.ufpb.br\/pos\/wp-json\/wp\/v2\/pages\/17\/revisions\/49"}],"wp:featuredmedia":[{"embeddable":true,"href":"https:\/\/www.ccj.ufpb.br\/pos\/wp-json\/wp\/v2\/media\/32"}],"wp:attachment":[{"href":"https:\/\/www.ccj.ufpb.br\/pos\/wp-json\/wp\/v2\/media?parent=17"}],"curies":[{"name":"wp","href":"https:\/\/api.w.org\/{rel}","templated":true}]}}