{"id":115,"date":"2025-03-12T15:36:41","date_gmt":"2025-03-12T18:36:41","guid":{"rendered":"https:\/\/www.ccj.ufpb.br\/pos\/?page_id=115"},"modified":"2025-06-30T14:40:45","modified_gmt":"2025-06-30T17:40:45","slug":"reuniao-e-atas-do-colegiado","status":"publish","type":"page","link":"https:\/\/www.ccj.ufpb.br\/pos\/reuniao-e-atas-do-colegiado\/","title":{"rendered":"Transpar\u00eancia Reuni\u00e3o e Atas do Colegiado"},"content":{"rendered":"\n<h2 class=\"wp-block-heading\"><div class=\"linha-header\">Reun\u00f5es Colegiado &#8211; 2020<\/div><\/h2>\n\n\n\n<div class=\"wp-block-file\"><a id=\"wp-block-file--media-8c01405e-0cd3-44e1-aa0b-2dcd420da560\" href=\"https:\/\/www.ccj.ufpb.br\/pos\/wp-content\/uploads\/sites\/106\/sites\/268\/2025\/06\/ata_marco-de-2020.pdf\">Reuni\u00e3o e Ata do Colegiado &#8211; Mar\u00e7o<\/a><a href=\"https:\/\/www.ccj.ufpb.br\/pos\/wp-content\/uploads\/sites\/106\/sites\/268\/2025\/06\/ata_marco-de-2020.pdf\" class=\"wp-block-file__button wp-element-button\" download aria-describedby=\"wp-block-file--media-8c01405e-0cd3-44e1-aa0b-2dcd420da560\">Baixar<\/a><\/div>\n\n\n\n<div class=\"wp-block-file\"><a id=\"wp-block-file--media-0cf40ac9-50d8-485e-9cd7-99878a33b571\" href=\"https:\/\/www.ccj.ufpb.br\/pos\/wp-content\/uploads\/sites\/106\/sites\/268\/2025\/06\/ata_maio-abril-de-2020.pdf\">Reuni\u00e3o e Ata do Colegiado &#8211; Abril<\/a><a href=\"https:\/\/www.ccj.ufpb.br\/pos\/wp-content\/uploads\/sites\/106\/sites\/268\/2025\/06\/ata_maio-abril-de-2020.pdf\" class=\"wp-block-file__button wp-element-button\" download aria-describedby=\"wp-block-file--media-0cf40ac9-50d8-485e-9cd7-99878a33b571\">Baixar<\/a><\/div>\n\n\n\n<div class=\"wp-block-file\"><a id=\"wp-block-file--media-308c9d89-0386-4f74-a13c-05ad51001017\" href=\"https:\/\/www.ccj.ufpb.br\/pos\/wp-content\/uploads\/sites\/106\/sites\/268\/2025\/06\/ata_maio-abril-de-2020-1.pdf\">Reuni\u00e3o e Ata do Colegiado&nbsp; &#8211; Maio-Abril<\/a><a href=\"https:\/\/www.ccj.ufpb.br\/pos\/wp-content\/uploads\/sites\/106\/sites\/268\/2025\/06\/ata_maio-abril-de-2020-1.pdf\" class=\"wp-block-file__button wp-element-button\" download aria-describedby=\"wp-block-file--media-308c9d89-0386-4f74-a13c-05ad51001017\">Baixar<\/a><\/div>\n\n\n\n<div class=\"wp-block-file\"><a id=\"wp-block-file--media-8dd43f2a-d72d-44f5-b10b-eb3d2f421187\" href=\"https:\/\/www.ccj.ufpb.br\/pos\/wp-content\/uploads\/sites\/106\/sites\/268\/2025\/06\/ata_maio-de-2020.pdf\">Reuni\u00e3o e Ata do Colegiado&nbsp; &#8211; Maio<\/a><a href=\"https:\/\/www.ccj.ufpb.br\/pos\/wp-content\/uploads\/sites\/106\/sites\/268\/2025\/06\/ata_maio-de-2020.pdf\" class=\"wp-block-file__button wp-element-button\" download aria-describedby=\"wp-block-file--media-8dd43f2a-d72d-44f5-b10b-eb3d2f421187\">Baixar<\/a><\/div>\n\n\n\n<div class=\"wp-block-file\"><a id=\"wp-block-file--media-457563ed-f294-4c83-89be-03fe94ea2673\" href=\"https:\/\/www.ccj.ufpb.br\/pos\/wp-content\/uploads\/sites\/106\/sites\/268\/2025\/06\/ata_junho-de-2020.pdf\">Reuni\u00e3o e Ata do Colegiado &#8211; Junho<\/a><a href=\"https:\/\/www.ccj.ufpb.br\/pos\/wp-content\/uploads\/sites\/106\/sites\/268\/2025\/06\/ata_junho-de-2020.pdf\" class=\"wp-block-file__button wp-element-button\" download aria-describedby=\"wp-block-file--media-457563ed-f294-4c83-89be-03fe94ea2673\">Baixar<\/a><\/div>\n\n\n\n<div class=\"wp-block-file\"><a id=\"wp-block-file--media-efa40a17-e20d-42c1-ab6b-5ac72d63be40\" href=\"https:\/\/www.ccj.ufpb.br\/pos\/wp-content\/uploads\/sites\/106\/sites\/268\/2025\/06\/ata_julho-de-2020.pdf\">Reuni\u00e3o e Ata do Colegiado &#8211; Julho<\/a><a href=\"https:\/\/www.ccj.ufpb.br\/pos\/wp-content\/uploads\/sites\/106\/sites\/268\/2025\/06\/ata_julho-de-2020.pdf\" class=\"wp-block-file__button wp-element-button\" download aria-describedby=\"wp-block-file--media-efa40a17-e20d-42c1-ab6b-5ac72d63be40\">Baixar<\/a><\/div>\n\n\n\n<div class=\"wp-block-file\"><a id=\"wp-block-file--media-8f8d9ddf-c590-4b7c-b110-ba8fb065b7d7\" href=\"https:\/\/www.ccj.ufpb.br\/pos\/wp-content\/uploads\/sites\/106\/sites\/268\/2025\/06\/ata_agosto-de-2020.pdf\">Reuni\u00e3o e Ata do Colegiado &#8211; Agosto<\/a><a href=\"https:\/\/www.ccj.ufpb.br\/pos\/wp-content\/uploads\/sites\/106\/sites\/268\/2025\/06\/ata_agosto-de-2020.pdf\" class=\"wp-block-file__button wp-element-button\" download aria-describedby=\"wp-block-file--media-8f8d9ddf-c590-4b7c-b110-ba8fb065b7d7\">Baixar<\/a><\/div>\n\n\n\n<div class=\"wp-block-file\"><a id=\"wp-block-file--media-279ece66-bd8d-4195-b9f8-7e468298b6eb\" href=\"https:\/\/www.ccj.ufpb.br\/pos\/wp-content\/uploads\/sites\/106\/sites\/268\/2025\/06\/ata_setembro-de-2020.pdf\">Reuni\u00e3o e Ata do Colegiado &#8211; Setembro<\/a><a href=\"https:\/\/www.ccj.ufpb.br\/pos\/wp-content\/uploads\/sites\/106\/sites\/268\/2025\/06\/ata_setembro-de-2020.pdf\" class=\"wp-block-file__button wp-element-button\" download aria-describedby=\"wp-block-file--media-279ece66-bd8d-4195-b9f8-7e468298b6eb\">Baixar<\/a><\/div>\n\n\n\n<div class=\"wp-block-file\"><a id=\"wp-block-file--media-7c26c5c7-5156-4f64-a3ee-c3ec6457646d\" href=\"https:\/\/www.ccj.ufpb.br\/pos\/wp-content\/uploads\/sites\/106\/sites\/268\/2025\/06\/ata_novembro-de-2020.pdf\">Reuni\u00e3o e Ata do Colegiado &#8211; Novembro<\/a><a href=\"https:\/\/www.ccj.ufpb.br\/pos\/wp-content\/uploads\/sites\/106\/sites\/268\/2025\/06\/ata_novembro-de-2020.pdf\" class=\"wp-block-file__button wp-element-button\" download aria-describedby=\"wp-block-file--media-7c26c5c7-5156-4f64-a3ee-c3ec6457646d\">Baixar<\/a><\/div>\n\n\n\n<div class=\"wp-block-file\"><a id=\"wp-block-file--media-b3ee5c2d-8163-4306-ba54-7d2862089a3f\" href=\"https:\/\/www.ccj.ufpb.br\/pos\/wp-content\/uploads\/sites\/106\/sites\/268\/2025\/06\/ata_outubro-de-2020.pdf\">Reuni\u00e3o e Ata do Colegiado &#8211; Outubro<\/a><a href=\"https:\/\/www.ccj.ufpb.br\/pos\/wp-content\/uploads\/sites\/106\/sites\/268\/2025\/06\/ata_outubro-de-2020.pdf\" class=\"wp-block-file__button wp-element-button\" download aria-describedby=\"wp-block-file--media-b3ee5c2d-8163-4306-ba54-7d2862089a3f\">Baixar<\/a><\/div>\n\n\n\n<p><a href=\"http:\/\/plone.ufpb.br\/pos\/contents\/pdf\/atas-de-reuniao-de-colegiado\/atas-2020\/ata_marco-de-2020.pdf\">&nbsp;<\/a><\/p>\n\n\n\n<h2 class=\"wp-block-heading\"><div class=\"linha-header\">Reuni\u00f5es Colegiado &#8211; 2021<\/div><\/h2>\n\n\n\n<div class=\"wp-block-file\"><a id=\"wp-block-file--media-0529f3d6-5640-4211-8511-4992aa3b40c9\" href=\"https:\/\/www.ccj.ufpb.br\/pos\/wp-content\/uploads\/sites\/106\/sites\/268\/2025\/06\/ata_marco-fevereiro-de-2021.pdf\">Reuni\u00e3o e Ata do Colegiado &#8211;&nbsp; Fevereiro<\/a><a href=\"https:\/\/www.ccj.ufpb.br\/pos\/wp-content\/uploads\/sites\/106\/sites\/268\/2025\/06\/ata_marco-fevereiro-de-2021.pdf\" class=\"wp-block-file__button wp-element-button\" download aria-describedby=\"wp-block-file--media-0529f3d6-5640-4211-8511-4992aa3b40c9\">Baixar<\/a><\/div>\n\n\n\n<div class=\"wp-block-file\"><a id=\"wp-block-file--media-315f2823-a228-4de4-80f0-f5df34c42336\" href=\"https:\/\/www.ccj.ufpb.br\/pos\/wp-content\/uploads\/sites\/106\/sites\/268\/2025\/06\/ata_marco-de-2021.pdf\">Reuni\u00e3o e Ata do Colegiado &#8211;&nbsp; Mar\u00e7o<\/a><a href=\"https:\/\/www.ccj.ufpb.br\/pos\/wp-content\/uploads\/sites\/106\/sites\/268\/2025\/06\/ata_marco-de-2021.pdf\" class=\"wp-block-file__button wp-element-button\" download aria-describedby=\"wp-block-file--media-315f2823-a228-4de4-80f0-f5df34c42336\">Baixar<\/a><\/div>\n\n\n\n<div class=\"wp-block-file\"><a id=\"wp-block-file--media-e22ea3f4-c2ac-4734-84d7-f7ae1e801195\" href=\"https:\/\/www.ccj.ufpb.br\/pos\/wp-content\/uploads\/sites\/106\/sites\/268\/2025\/06\/ata_abril-de-2021.pdf\">Reuni\u00e3o e Ata do Colegiado &#8211;&nbsp; Abril<\/a><a href=\"https:\/\/www.ccj.ufpb.br\/pos\/wp-content\/uploads\/sites\/106\/sites\/268\/2025\/06\/ata_abril-de-2021.pdf\" class=\"wp-block-file__button wp-element-button\" download aria-describedby=\"wp-block-file--media-e22ea3f4-c2ac-4734-84d7-f7ae1e801195\">Baixar<\/a><\/div>\n\n\n\n<div class=\"wp-block-file\"><a id=\"wp-block-file--media-90a9ebcb-92e6-44d5-8bf9-1864e4ee3144\" href=\"https:\/\/www.ccj.ufpb.br\/pos\/wp-content\/uploads\/sites\/106\/sites\/268\/2025\/06\/ata_maio-de-2021.pdf\">Reuni\u00e3o e Ata do Colegiado &#8211; Maio<\/a><a href=\"https:\/\/www.ccj.ufpb.br\/pos\/wp-content\/uploads\/sites\/106\/sites\/268\/2025\/06\/ata_maio-de-2021.pdf\" class=\"wp-block-file__button wp-element-button\" download aria-describedby=\"wp-block-file--media-90a9ebcb-92e6-44d5-8bf9-1864e4ee3144\">Baixar<\/a><\/div>\n\n\n\n<div class=\"wp-block-file\"><a id=\"wp-block-file--media-9caafbeb-1428-4634-8b13-1ac22ae3ef44\" href=\"https:\/\/www.ccj.ufpb.br\/pos\/wp-content\/uploads\/sites\/106\/sites\/268\/2025\/06\/ata_junho-de-2021.pdf\">Reuni\u00e3o e Ata do Colegiado &#8211; Junho<\/a><a href=\"https:\/\/www.ccj.ufpb.br\/pos\/wp-content\/uploads\/sites\/106\/sites\/268\/2025\/06\/ata_junho-de-2021.pdf\" class=\"wp-block-file__button wp-element-button\" download aria-describedby=\"wp-block-file--media-9caafbeb-1428-4634-8b13-1ac22ae3ef44\">Baixar<\/a><\/div>\n\n\n\n<div class=\"wp-block-file\"><a id=\"wp-block-file--media-95524d20-0203-443e-80ed-ef93727953eb\" href=\"https:\/\/www.ccj.ufpb.br\/pos\/wp-content\/uploads\/sites\/106\/sites\/268\/2025\/06\/ata_julho-de-2021.pdf\">Reuni\u00e3o e Ata do Colegiado &#8211; Julho<\/a><a href=\"https:\/\/www.ccj.ufpb.br\/pos\/wp-content\/uploads\/sites\/106\/sites\/268\/2025\/06\/ata_julho-de-2021.pdf\" class=\"wp-block-file__button wp-element-button\" download aria-describedby=\"wp-block-file--media-95524d20-0203-443e-80ed-ef93727953eb\">Baixar<\/a><\/div>\n\n\n\n<div class=\"wp-block-file\"><a id=\"wp-block-file--media-0bf12202-3c47-4ce8-87fa-c1081a058a86\" href=\"https:\/\/www.ccj.ufpb.br\/pos\/wp-content\/uploads\/sites\/106\/sites\/268\/2025\/06\/ata_agosto-de-2021.pdf\">Reuni\u00e3o e Ata do Colegiado &#8211; Agosto<\/a><a href=\"https:\/\/www.ccj.ufpb.br\/pos\/wp-content\/uploads\/sites\/106\/sites\/268\/2025\/06\/ata_agosto-de-2021.pdf\" class=\"wp-block-file__button wp-element-button\" download aria-describedby=\"wp-block-file--media-0bf12202-3c47-4ce8-87fa-c1081a058a86\">Baixar<\/a><\/div>\n\n\n\n<div class=\"wp-block-file\"><a id=\"wp-block-file--media-2c3bcff2-5d62-41d4-9a67-d453b6718b89\" href=\"https:\/\/www.ccj.ufpb.br\/pos\/wp-content\/uploads\/sites\/106\/sites\/268\/2025\/06\/ata_setembro-de-2021.pdf\">Reuni\u00e3o e Ata do Colegiado &#8211; Setembro<\/a><a href=\"https:\/\/www.ccj.ufpb.br\/pos\/wp-content\/uploads\/sites\/106\/sites\/268\/2025\/06\/ata_setembro-de-2021.pdf\" class=\"wp-block-file__button wp-element-button\" download aria-describedby=\"wp-block-file--media-2c3bcff2-5d62-41d4-9a67-d453b6718b89\">Baixar<\/a><\/div>\n\n\n\n<div class=\"wp-block-file\"><a id=\"wp-block-file--media-a7135d72-330a-4898-ba02-a682db206895\" href=\"https:\/\/www.ccj.ufpb.br\/pos\/wp-content\/uploads\/sites\/106\/sites\/268\/2025\/06\/ata_outubro-de-2021.pdf\">Reuni\u00e3o e Ata do Colegiado &#8211; Outubro<\/a><a href=\"https:\/\/www.ccj.ufpb.br\/pos\/wp-content\/uploads\/sites\/106\/sites\/268\/2025\/06\/ata_outubro-de-2021.pdf\" class=\"wp-block-file__button wp-element-button\" download aria-describedby=\"wp-block-file--media-a7135d72-330a-4898-ba02-a682db206895\">Baixar<\/a><\/div>\n\n\n\n<div class=\"wp-block-file\"><a id=\"wp-block-file--media-8b2ce5b2-25d8-455e-8172-e79f8eadc9c2\" href=\"https:\/\/www.ccj.ufpb.br\/pos\/wp-content\/uploads\/sites\/106\/sites\/268\/2025\/06\/ata_novembro-de-2021.pdf\">Reuni\u00e3o e Ata do Colegiado &#8211; Novembro<\/a><a href=\"https:\/\/www.ccj.ufpb.br\/pos\/wp-content\/uploads\/sites\/106\/sites\/268\/2025\/06\/ata_novembro-de-2021.pdf\" class=\"wp-block-file__button wp-element-button\" download aria-describedby=\"wp-block-file--media-8b2ce5b2-25d8-455e-8172-e79f8eadc9c2\">Baixar<\/a><\/div>\n\n\n\n<div class=\"wp-block-file\"><a id=\"wp-block-file--media-bb0b73d5-6003-4531-a912-6d27f9fed8bc\" href=\"https:\/\/www.ccj.ufpb.br\/pos\/wp-content\/uploads\/sites\/106\/sites\/268\/2025\/06\/ata_dezembro-de-2021.pdf\">Reuni\u00e3o e Ata do Colegiado &#8211; Dezembro<br><\/a><a href=\"https:\/\/www.ccj.ufpb.br\/pos\/wp-content\/uploads\/sites\/106\/sites\/268\/2025\/06\/ata_dezembro-de-2021.pdf\" class=\"wp-block-file__button wp-element-button\" download aria-describedby=\"wp-block-file--media-bb0b73d5-6003-4531-a912-6d27f9fed8bc\">Baixar<\/a><\/div>\n\n\n\n<h2 class=\"wp-block-heading\"><div class=\"linha-header\"><strong>Reuni\u00f5es Colegiado &#8211; 2022<\/strong><\/div><\/h2>\n\n\n\n<div class=\"wp-block-file\"><a id=\"wp-block-file--media-3484ff46-fb21-4bb7-83f8-538a8aace444\" href=\"https:\/\/www.ccj.ufpb.br\/pos\/wp-content\/uploads\/sites\/106\/sites\/268\/2025\/06\/ata_fevereiro-de-2022.pdf\">Reuni\u00e3o e Ata do Colegiado &#8211;&nbsp; Fevereiro<\/a><a href=\"https:\/\/www.ccj.ufpb.br\/pos\/wp-content\/uploads\/sites\/106\/sites\/268\/2025\/06\/ata_fevereiro-de-2022.pdf\" class=\"wp-block-file__button wp-element-button\" download aria-describedby=\"wp-block-file--media-3484ff46-fb21-4bb7-83f8-538a8aace444\">Baixar<\/a><\/div>\n\n\n\n<div class=\"wp-block-file\"><a id=\"wp-block-file--media-856eec5d-7b35-470f-ab7f-e8db3c6cdc0b\" href=\"https:\/\/www.ccj.ufpb.br\/pos\/wp-content\/uploads\/sites\/106\/sites\/268\/2025\/06\/ata_marco-de-2022.pdf\">Reuni\u00e3o e Ata do Colegiado &#8211;&nbsp; Mar\u00e7o<\/a><a href=\"https:\/\/www.ccj.ufpb.br\/pos\/wp-content\/uploads\/sites\/106\/sites\/268\/2025\/06\/ata_marco-de-2022.pdf\" class=\"wp-block-file__button wp-element-button\" download aria-describedby=\"wp-block-file--media-856eec5d-7b35-470f-ab7f-e8db3c6cdc0b\">Baixar<\/a><\/div>\n\n\n\n<div class=\"wp-block-file\"><a id=\"wp-block-file--media-f62bd058-0604-4d1b-bdd0-dc0c76f3e5e2\" href=\"https:\/\/www.ccj.ufpb.br\/pos\/wp-content\/uploads\/sites\/106\/sites\/268\/2025\/06\/ata_abril-de-2022-1-1.pdf\">Reuni\u00e3o e Ata do Colegiado &#8211;\u00a0 Abril<\/a><a href=\"https:\/\/www.ccj.ufpb.br\/pos\/wp-content\/uploads\/sites\/106\/sites\/268\/2025\/06\/ata_abril-de-2022-1-1.pdf\" class=\"wp-block-file__button wp-element-button\" download aria-describedby=\"wp-block-file--media-f62bd058-0604-4d1b-bdd0-dc0c76f3e5e2\">Baixar<\/a><\/div>\n\n\n\n<div class=\"wp-block-file\"><a id=\"wp-block-file--media-02cffea1-f2d2-470f-91eb-5e7b2628fba1\" href=\"https:\/\/www.ccj.ufpb.br\/pos\/wp-content\/uploads\/sites\/106\/sites\/268\/2025\/06\/ata_maio-de-2022-31-1.pdf\">Reuni\u00e3o e Ata do Colegiado &#8211; Maio\u00a0(abril)<\/a><a href=\"https:\/\/www.ccj.ufpb.br\/pos\/wp-content\/uploads\/sites\/106\/sites\/268\/2025\/06\/ata_maio-de-2022-31-1.pdf\" class=\"wp-block-file__button wp-element-button\" download aria-describedby=\"wp-block-file--media-02cffea1-f2d2-470f-91eb-5e7b2628fba1\">Baixar<\/a><\/div>\n\n\n\n<div class=\"wp-block-file\"><a id=\"wp-block-file--media-20f2f2f3-9e95-44e1-a328-ccd382776b05\" href=\"https:\/\/www.ccj.ufpb.br\/pos\/wp-content\/uploads\/sites\/106\/sites\/268\/2025\/06\/ata_maio-de-2022-31.pdf\">Reuni\u00e3o e Ata do Colegiado &#8211; Maio<\/a><a href=\"https:\/\/www.ccj.ufpb.br\/pos\/wp-content\/uploads\/sites\/106\/sites\/268\/2025\/06\/ata_maio-de-2022-31.pdf\" class=\"wp-block-file__button wp-element-button\" download aria-describedby=\"wp-block-file--media-20f2f2f3-9e95-44e1-a328-ccd382776b05\">Baixar<\/a><\/div>\n\n\n\n<div class=\"wp-block-file\"><a id=\"wp-block-file--media-147725c2-c47f-4363-869b-b0394740a16b\" href=\"https:\/\/www.ccj.ufpb.br\/pos\/wp-content\/uploads\/sites\/106\/sites\/268\/2025\/06\/ata_junho-de-2022.pdf\">Reuni\u00e3o e Ata do Colegiado &#8211; Junho<\/a><a href=\"https:\/\/www.ccj.ufpb.br\/pos\/wp-content\/uploads\/sites\/106\/sites\/268\/2025\/06\/ata_junho-de-2022.pdf\" class=\"wp-block-file__button wp-element-button\" download aria-describedby=\"wp-block-file--media-147725c2-c47f-4363-869b-b0394740a16b\">Baixar<\/a><\/div>\n\n\n\n<div class=\"wp-block-file\"><a id=\"wp-block-file--media-0c0623c7-4ea7-4f00-b006-e9d8454cdc8e\" href=\"https:\/\/www.ccj.ufpb.br\/pos\/wp-content\/uploads\/sites\/106\/sites\/268\/2025\/06\/ata_julho-de-2022.pdf\">Reuni\u00e3o e Ata do Colegiado &#8211; Julho<\/a><a href=\"https:\/\/www.ccj.ufpb.br\/pos\/wp-content\/uploads\/sites\/106\/sites\/268\/2025\/06\/ata_julho-de-2022.pdf\" class=\"wp-block-file__button wp-element-button\" download aria-describedby=\"wp-block-file--media-0c0623c7-4ea7-4f00-b006-e9d8454cdc8e\">Baixar<\/a><\/div>\n\n\n\n<div class=\"wp-block-file\"><a id=\"wp-block-file--media-a6bcd6b1-19e3-49f2-8bba-fb04ebd3b58c\" href=\"https:\/\/www.ccj.ufpb.br\/pos\/wp-content\/uploads\/sites\/106\/sites\/268\/2025\/06\/ata_agosto-de-2022.pdf\">Reuni\u00e3o e Ata do Colegiado &#8211; Agosto<\/a><a href=\"https:\/\/www.ccj.ufpb.br\/pos\/wp-content\/uploads\/sites\/106\/sites\/268\/2025\/06\/ata_agosto-de-2022.pdf\" class=\"wp-block-file__button wp-element-button\" download aria-describedby=\"wp-block-file--media-a6bcd6b1-19e3-49f2-8bba-fb04ebd3b58c\">Baixar<\/a><\/div>\n\n\n\n<div class=\"wp-block-file\"><a id=\"wp-block-file--media-b8a7a072-888f-4040-bf21-b5dceabfa194\" href=\"https:\/\/www.ccj.ufpb.br\/pos\/wp-content\/uploads\/sites\/106\/sites\/268\/2025\/06\/ata_setembro-de-2022.pdf\">Reuni\u00e3o e Ata do Colegiado &#8211; Setembro<\/a><a href=\"https:\/\/www.ccj.ufpb.br\/pos\/wp-content\/uploads\/sites\/106\/sites\/268\/2025\/06\/ata_setembro-de-2022.pdf\" class=\"wp-block-file__button wp-element-button\" download aria-describedby=\"wp-block-file--media-b8a7a072-888f-4040-bf21-b5dceabfa194\">Baixar<\/a><\/div>\n\n\n\n<div class=\"wp-block-file\"><a id=\"wp-block-file--media-90582c82-5166-4498-9964-1cdc6f3d8bad\" href=\"https:\/\/www.ccj.ufpb.br\/pos\/wp-content\/uploads\/sites\/106\/sites\/268\/2025\/06\/ata_outubro-de-2022.pdf\">Reuni\u00e3o e Ata do Colegiado &#8211; Outubro<\/a><a href=\"https:\/\/www.ccj.ufpb.br\/pos\/wp-content\/uploads\/sites\/106\/sites\/268\/2025\/06\/ata_outubro-de-2022.pdf\" class=\"wp-block-file__button wp-element-button\" download aria-describedby=\"wp-block-file--media-90582c82-5166-4498-9964-1cdc6f3d8bad\">Baixar<\/a><\/div>\n\n\n\n<div class=\"wp-block-file\"><a id=\"wp-block-file--media-02d12753-cef6-4a13-8207-9abdbb4b402c\" href=\"https:\/\/www.ccj.ufpb.br\/pos\/wp-content\/uploads\/sites\/106\/sites\/268\/2025\/06\/ata_novembro-de-2022.pdf\">Reuni\u00e3o e Ata do Colegiado &#8211; Novembro<\/a><a href=\"https:\/\/www.ccj.ufpb.br\/pos\/wp-content\/uploads\/sites\/106\/sites\/268\/2025\/06\/ata_novembro-de-2022.pdf\" class=\"wp-block-file__button wp-element-button\" download aria-describedby=\"wp-block-file--media-02d12753-cef6-4a13-8207-9abdbb4b402c\">Baixar<\/a><\/div>\n\n\n\n<div class=\"wp-block-file\"><a id=\"wp-block-file--media-5a8e510c-c87a-4a73-880b-c42d1be1fff1\" href=\"https:\/\/www.ccj.ufpb.br\/pos\/wp-content\/uploads\/sites\/106\/sites\/268\/2025\/06\/ata_dezembro-de-2022.pdf\">Reuni\u00e3o e Ata do Colegiado &#8211; Dezembro<\/a><a href=\"https:\/\/www.ccj.ufpb.br\/pos\/wp-content\/uploads\/sites\/106\/sites\/268\/2025\/06\/ata_dezembro-de-2022.pdf\" class=\"wp-block-file__button wp-element-button\" download aria-describedby=\"wp-block-file--media-5a8e510c-c87a-4a73-880b-c42d1be1fff1\">Baixar<\/a><\/div>\n\n\n\n<div class=\"wp-block-file\"><a id=\"wp-block-file--media-2fd8beb2-280f-47fc-bda6-d762c22547e6\" href=\"https:\/\/www.ccj.ufpb.br\/pos\/wp-content\/uploads\/sites\/106\/sites\/268\/2025\/06\/ata_dezembro-de-2022_extraordinaria.pdf\">Reuni\u00e3o e Ata do Colegiado &#8211; Dezembro (extraordin\u00e1ria)<\/a><a href=\"https:\/\/www.ccj.ufpb.br\/pos\/wp-content\/uploads\/sites\/106\/sites\/268\/2025\/06\/ata_dezembro-de-2022_extraordinaria.pdf\" class=\"wp-block-file__button wp-element-button\" download aria-describedby=\"wp-block-file--media-2fd8beb2-280f-47fc-bda6-d762c22547e6\">Baixar<\/a><\/div>\n\n\n\n<h2 class=\"wp-block-heading\"><div class=\"linha-header\">Reuni\u00f5es Colegiado &#8211; 2023<\/div><\/h2>\n\n\n\n<div class=\"wp-block-file\"><a id=\"wp-block-file--media-d3dbe73e-bc3d-4b40-9c11-5a9859815f1b\" href=\"https:\/\/www.ccj.ufpb.br\/pos\/wp-content\/uploads\/sites\/106\/sites\/268\/2025\/06\/ata_marco-de-2023.pdf\">Reuni\u00e3o e Ata do Colegiado &#8211;&nbsp; Mar\u00e7o<\/a><a href=\"https:\/\/www.ccj.ufpb.br\/pos\/wp-content\/uploads\/sites\/106\/sites\/268\/2025\/06\/ata_marco-de-2023.pdf\" class=\"wp-block-file__button wp-element-button\" download aria-describedby=\"wp-block-file--media-d3dbe73e-bc3d-4b40-9c11-5a9859815f1b\">Baixar<\/a><\/div>\n\n\n\n<div class=\"wp-block-file\"><a href=\"https:\/\/www.ccj.ufpb.br\/pos\/wp-content\/uploads\/sites\/106\/sites\/268\/2025\/06\/ata_abril-de-2022-1.pdf\" class=\"wp-block-file__button wp-element-button\" download>Baixar<\/a><\/div>\n\n\n\n<p><\/p>\n","protected":false},"excerpt":{"rendered":"<p>Reun\u00f5es Colegiado &#8211; 2020 &nbsp; Reuni\u00f5es Colegiado &#8211; 2021 Reuni\u00f5es Colegiado &#8211; 2022 Reuni\u00f5es Colegiado [&hellip;]<\/p>\n","protected":false},"author":54,"featured_media":0,"parent":0,"menu_order":0,"comment_status":"closed","ping_status":"closed","template":"","meta":{"footnotes":""},"class_list":["post-115","page","type-page","status-publish","hentry"],"_links":{"self":[{"href":"https:\/\/www.ccj.ufpb.br\/pos\/wp-json\/wp\/v2\/pages\/115","targetHints":{"allow":["GET"]}}],"collection":[{"href":"https:\/\/www.ccj.ufpb.br\/pos\/wp-json\/wp\/v2\/pages"}],"about":[{"href":"https:\/\/www.ccj.ufpb.br\/pos\/wp-json\/wp\/v2\/types\/page"}],"author":[{"embeddable":true,"href":"https:\/\/www.ccj.ufpb.br\/pos\/wp-json\/wp\/v2\/users\/54"}],"replies":[{"embeddable":true,"href":"https:\/\/www.ccj.ufpb.br\/pos\/wp-json\/wp\/v2\/comments?post=115"}],"version-history":[{"count":32,"href":"https:\/\/www.ccj.ufpb.br\/pos\/wp-json\/wp\/v2\/pages\/115\/revisions"}],"predecessor-version":[{"id":582,"href":"https:\/\/www.ccj.ufpb.br\/pos\/wp-json\/wp\/v2\/pages\/115\/revisions\/582"}],"wp:attachment":[{"href":"https:\/\/www.ccj.ufpb.br\/pos\/wp-json\/wp\/v2\/media?parent=115"}],"curies":[{"name":"wp","href":"https:\/\/api.w.org\/{rel}","templated":true}]}}