{"id":111,"date":"2025-03-12T15:27:13","date_gmt":"2025-03-12T18:27:13","guid":{"rendered":"https:\/\/www.ccj.ufpb.br\/pos\/?page_id=111"},"modified":"2025-06-20T13:19:52","modified_gmt":"2025-06-20T16:19:52","slug":"normas-e-resolucoes","status":"publish","type":"page","link":"https:\/\/www.ccj.ufpb.br\/pos\/normas-e-resolucoes\/","title":{"rendered":"Normas e Resolu\u00e7\u00f5es"},"content":{"rendered":"\n<div class=\"wp-block-file\"><a id=\"wp-block-file--media-02cba2e4-c77e-43d7-bc35-ba1f878477dc\" href=\"https:\/\/www.ccj.ufpb.br\/pos\/wp-content\/uploads\/sites\/106\/sites\/268\/2025\/06\/1_regimento-geral-da-ufpb.pdf\">Regimento Geral da UFPB<\/a><a href=\"https:\/\/www.ccj.ufpb.br\/pos\/wp-content\/uploads\/sites\/106\/sites\/268\/2025\/06\/1_regimento-geral-da-ufpb.pdf\" class=\"wp-block-file__button wp-element-button\" download aria-describedby=\"wp-block-file--media-02cba2e4-c77e-43d7-bc35-ba1f878477dc\">Baixar<\/a><\/div>\n\n\n\n<div class=\"wp-block-file\"><a id=\"wp-block-file--media-82a5adcd-1c0c-4f14-a814-29b4ceef6b24\" href=\"https:\/\/www.ccj.ufpb.br\/pos\/wp-content\/uploads\/sites\/106\/sites\/268\/2025\/06\/2_resolucao-ppgcj.pdf\">Resolu\u00e7\u00e3o PPGC<\/a><a href=\"https:\/\/www.ccj.ufpb.br\/pos\/wp-content\/uploads\/sites\/106\/sites\/268\/2025\/06\/2_resolucao-ppgcj.pdf\" class=\"wp-block-file__button wp-element-button\" download aria-describedby=\"wp-block-file--media-82a5adcd-1c0c-4f14-a814-29b4ceef6b24\">Baixar<\/a><\/div>\n\n\n\n<div class=\"wp-block-file\"><a id=\"wp-block-file--media-35c19b40-381e-4a26-988d-a6a171ccd37f\" href=\"https:\/\/www.ccj.ufpb.br\/pos\/wp-content\/uploads\/sites\/106\/sites\/268\/2025\/06\/3_estatuto-da-ufpb-resolucao-consuni-072002.pdf\">Estatuto da UFPB&nbsp; Resolu\u00e7\u00e3o CONSUNI 07\/2002<\/a><a href=\"https:\/\/www.ccj.ufpb.br\/pos\/wp-content\/uploads\/sites\/106\/sites\/268\/2025\/06\/3_estatuto-da-ufpb-resolucao-consuni-072002.pdf\" class=\"wp-block-file__button wp-element-button\" download aria-describedby=\"wp-block-file--media-35c19b40-381e-4a26-988d-a6a171ccd37f\">Baixar<\/a><\/div>\n\n\n\n<div class=\"wp-block-file\"><a id=\"wp-block-file--media-6726a9d1-2adb-4886-a5f8-592c8e73e429\" href=\"https:\/\/www.ccj.ufpb.br\/pos\/wp-content\/uploads\/sites\/106\/sites\/268\/2025\/06\/4_regulamento-da-politica-de-internacionalizacao-da-ufpb-resolucao-consuni-062018-min.pdf\">Regulamento da Pol\u00edtica de Internacionaliza\u00e7\u00e3o da UFPB Resolu\u00e7\u00e3o CONSUNI 06\/2018<\/a><a href=\"https:\/\/www.ccj.ufpb.br\/pos\/wp-content\/uploads\/sites\/106\/sites\/268\/2025\/06\/4_regulamento-da-politica-de-internacionalizacao-da-ufpb-resolucao-consuni-062018-min.pdf\" class=\"wp-block-file__button wp-element-button\" download aria-describedby=\"wp-block-file--media-6726a9d1-2adb-4886-a5f8-592c8e73e429\">Baixar<\/a><\/div>\n\n\n\n<div class=\"wp-block-file\"><a id=\"wp-block-file--media-b965bb64-08f5-4645-a251-3661efe95a36\" href=\"https:\/\/www.ccj.ufpb.br\/pos\/wp-content\/uploads\/sites\/106\/sites\/268\/2025\/06\/5_regulamento-geral-da-pos-graduacao-resolucao-consepe-342014-altera-a-resolucao-72013.pdf\">Regulamento Geral da P\u00f3s gradua\u00e7\u00e3o Resolu\u00e7\u00e3o Consepe 7.2013<\/a><a href=\"https:\/\/www.ccj.ufpb.br\/pos\/wp-content\/uploads\/sites\/106\/sites\/268\/2025\/06\/5_regulamento-geral-da-pos-graduacao-resolucao-consepe-342014-altera-a-resolucao-72013.pdf\" class=\"wp-block-file__button wp-element-button\" download aria-describedby=\"wp-block-file--media-b965bb64-08f5-4645-a251-3661efe95a36\">Baixar<\/a><\/div>\n\n\n\n<div class=\"wp-block-file\"><a id=\"wp-block-file--media-18a414b3-84e3-4c42-ba92-b890bd192996\" href=\"https:\/\/www.ccj.ufpb.br\/pos\/wp-content\/uploads\/sites\/106\/sites\/268\/2025\/06\/6_regulamento-geral-da-pos-graduacao-resolucao-consepe-342014-altera-a-resolucao-72013.pdf\">Regulamento Geral da P\u00f3s-gradua\u00e7\u00e3o&nbsp; Resolu\u00e7\u00e3o CONSEPE 34\/2014 (Altera a resolu\u00e7\u00e3o 72013)<\/a><a href=\"https:\/\/www.ccj.ufpb.br\/pos\/wp-content\/uploads\/sites\/106\/sites\/268\/2025\/06\/6_regulamento-geral-da-pos-graduacao-resolucao-consepe-342014-altera-a-resolucao-72013.pdf\" class=\"wp-block-file__button wp-element-button\" download aria-describedby=\"wp-block-file--media-18a414b3-84e3-4c42-ba92-b890bd192996\">Baixar<\/a><\/div>\n\n\n\n<div class=\"wp-block-file\"><a id=\"wp-block-file--media-318e45d2-0d0f-40ad-94df-9b3858346fa9\" href=\"https:\/\/www.ccj.ufpb.br\/pos\/wp-content\/uploads\/sites\/106\/sites\/268\/2025\/06\/7_resolucao53_2022.pdf\">Revoga a Resolu\u00e7\u00e3o n\u00ba 64\/2016 do CONSEPE &#8211; Resolu\u00e7\u00e3o 53\/2022 <\/a><a href=\"https:\/\/www.ccj.ufpb.br\/pos\/wp-content\/uploads\/sites\/106\/sites\/268\/2025\/06\/7_resolucao53_2022.pdf\" class=\"wp-block-file__button wp-element-button\" download aria-describedby=\"wp-block-file--media-318e45d2-0d0f-40ad-94df-9b3858346fa9\">Baixar<\/a><\/div>\n\n\n\n<div class=\"wp-block-file\"><a id=\"wp-block-file--media-b083c7f5-d96d-4703-b2d5-de84488df1c9\" href=\"https:\/\/www.ccj.ufpb.br\/pos\/wp-content\/uploads\/sites\/106\/sites\/268\/2025\/06\/8_resolucao-de-bolsas.pdf\">Resolu\u00e7\u00e3o Concess\u00e3o de &nbsp;Bolsa do Programa de P\u00f3s-Gradua\u00e7\u00e3o&nbsp;&nbsp;&nbsp;&#8211; Resolu\u00e7\u00e3o&nbsp; 01\/2011<\/a><a href=\"https:\/\/www.ccj.ufpb.br\/pos\/wp-content\/uploads\/sites\/106\/sites\/268\/2025\/06\/8_resolucao-de-bolsas.pdf\" class=\"wp-block-file__button wp-element-button\" download aria-describedby=\"wp-block-file--media-b083c7f5-d96d-4703-b2d5-de84488df1c9\">Baixar<\/a><\/div>\n\n\n\n<div class=\"wp-block-file\"><a id=\"wp-block-file--media-d804abc6-82f6-4cb4-8ad0-40e2a104660c\" href=\"https:\/\/www.ccj.ufpb.br\/pos\/wp-content\/uploads\/sites\/106\/sites\/268\/2025\/06\/9_resolucao_24_201011.pdf\">&nbsp;Resolu\u00e7\u00e3o Curso Doutorado do Programa de P\u00f3s Gradua\u00e7\u00e3o&nbsp; &#8211; Resolu\u00e7\u00e3o 24\/2010<\/a><a href=\"https:\/\/www.ccj.ufpb.br\/pos\/wp-content\/uploads\/sites\/106\/sites\/268\/2025\/06\/9_resolucao_24_201011.pdf\" class=\"wp-block-file__button wp-element-button\" download aria-describedby=\"wp-block-file--media-d804abc6-82f6-4cb4-8ad0-40e2a104660c\">Baixar<\/a><\/div>\n\n\n\n<div class=\"wp-block-file\"><a id=\"wp-block-file--media-b36abc62-4611-4efe-acb2-483b59db4a67\" href=\"https:\/\/www.ccj.ufpb.br\/pos\/wp-content\/uploads\/sites\/106\/sites\/268\/2025\/06\/10_resolu-o-uo-79-2013-consepe-ufpb.pdf\">Resolu\u00e7\u00e3o do Regulamento Geral do Programa de P\u00f3s Gradua\u00e7\u00e3o&nbsp;&#8211; Resolu\u00e7\u00e3o 79\/2013<\/a><a href=\"https:\/\/www.ccj.ufpb.br\/pos\/wp-content\/uploads\/sites\/106\/sites\/268\/2025\/06\/10_resolu-o-uo-79-2013-consepe-ufpb.pdf\" class=\"wp-block-file__button wp-element-button\" download aria-describedby=\"wp-block-file--media-b36abc62-4611-4efe-acb2-483b59db4a67\">Baixar<\/a><\/div>\n\n\n\n<div class=\"wp-block-file\"><a id=\"wp-block-file--media-60047e87-0697-45e5-b527-49aa99be3dba\" href=\"https:\/\/www.ccj.ufpb.br\/pos\/wp-content\/uploads\/sites\/106\/sites\/268\/2025\/06\/Resolucao-642016.pdf\">Resolu\u00e7\u00e3o Revoga as Resolu\u00e7\u00f5es n\u00ba 24\/2010 e n\u00ba 62\/2010 do Consepe\u00a0&#8211; Resolu\u00e7\u00e3o \u00a064\/2016<\/a><a href=\"https:\/\/www.ccj.ufpb.br\/pos\/wp-content\/uploads\/sites\/106\/sites\/268\/2025\/06\/Resolucao-642016.pdf\" class=\"wp-block-file__button wp-element-button\" download aria-describedby=\"wp-block-file--media-60047e87-0697-45e5-b527-49aa99be3dba\">Baixar<\/a><\/div>\n\n\n\n<p><\/p>\n","protected":false},"excerpt":{"rendered":"","protected":false},"author":54,"featured_media":0,"parent":0,"menu_order":0,"comment_status":"closed","ping_status":"closed","template":"","meta":{"footnotes":""},"class_list":["post-111","page","type-page","status-publish","hentry"],"_links":{"self":[{"href":"https:\/\/www.ccj.ufpb.br\/pos\/wp-json\/wp\/v2\/pages\/111","targetHints":{"allow":["GET"]}}],"collection":[{"href":"https:\/\/www.ccj.ufpb.br\/pos\/wp-json\/wp\/v2\/pages"}],"about":[{"href":"https:\/\/www.ccj.ufpb.br\/pos\/wp-json\/wp\/v2\/types\/page"}],"author":[{"embeddable":true,"href":"https:\/\/www.ccj.ufpb.br\/pos\/wp-json\/wp\/v2\/users\/54"}],"replies":[{"embeddable":true,"href":"https:\/\/www.ccj.ufpb.br\/pos\/wp-json\/wp\/v2\/comments?post=111"}],"version-history":[{"count":9,"href":"https:\/\/www.ccj.ufpb.br\/pos\/wp-json\/wp\/v2\/pages\/111\/revisions"}],"predecessor-version":[{"id":443,"href":"https:\/\/www.ccj.ufpb.br\/pos\/wp-json\/wp\/v2\/pages\/111\/revisions\/443"}],"wp:attachment":[{"href":"https:\/\/www.ccj.ufpb.br\/pos\/wp-json\/wp\/v2\/media?parent=111"}],"curies":[{"name":"wp","href":"https:\/\/api.w.org\/{rel}","templated":true}]}}