{"id":108,"date":"2025-03-12T15:25:40","date_gmt":"2025-03-12T18:25:40","guid":{"rendered":"https:\/\/www.ccj.ufpb.br\/pos\/?page_id=108"},"modified":"2025-07-01T15:05:32","modified_gmt":"2025-07-01T18:05:32","slug":"transparencia-ppgcj","status":"publish","type":"page","link":"https:\/\/www.ccj.ufpb.br\/pos\/transparencia-ppgcj\/","title":{"rendered":"Transpar\u00eancia PPGCJ"},"content":{"rendered":"\n<p><strong>MEMBROS DO COLEGIADO<\/strong><\/p>\n\n\n\n<p><strong>S\u00e3o membros do Colegiado do PROGRAMA DE P\u00d3S-GRADUA\u00c7\u00c3O EM CI\u00caNCIAS JUR\u00cdDICAS (PPGCJ):<\/strong><\/p>\n\n\n\n<p><strong>Coordenador do PPGCJ<\/strong><strong>:<\/strong>&nbsp;&nbsp;Gustavo Barbosa de Mesquita Batista&nbsp; (Presidente)<\/p>\n\n\n\n<p><strong>Vice-Coordenadora do PPGCJ:<\/strong>&nbsp;Fernando Joaquim Ferreira Maia (Vice-Presidente)<\/p>\n\n\n\n<p><strong>Representa\u00e7\u00e3o Docente:<\/strong><\/p>\n\n\n\n<p>Prof. Dr. FERNANDO JOAQUIM FERREIRA MAIA<\/p>\n\n\n\n<p>Prof. Dr. JAILTON MACENA DE ARA\u00daJO<\/p>\n\n\n\n<p>Prof. Dr. JOSE ERNESTO PIMENTEL FILHO<\/p>\n\n\n\n<p>Prof. Dr. LUCIANO DO NASCIMENTO SILVA<\/p>\n\n\n\n<p>Prof. Dr. LUCIANO MARIZ MAIA<\/p>\n\n\n\n<p>Prf. Dr. MARCILIO TOSCANO FRANCA FILHO<\/p>\n\n\n\n<p>Prof. Dr. MARCIO FLAVIO LINS DE ALBUQUERQUE E SOUTO<\/p>\n\n\n\n<p>Prof.\u00aa&nbsp; Dr.\u00aa MARIA CREUSA DE ARAUJO BORGES<\/p>\n\n\n\n<p>Prf. Dr. NARBAL DE MARSILLAC FONTES<\/p>\n\n\n\n<p>Prof. Dr. NEWTON DE OLIVEIRA LIMA<\/p>\n\n\n\n<p>Prof. Dr. SVEN PETERKE<\/p>\n\n\n\n<p><strong>Representa\u00e7\u00e3o Discente:<\/strong><\/p>\n\n\n\n<p>Yago Renan Licario de Souza<br>Valdene Gomes de Oliveira<\/p>\n\n\n\n<p><strong>Representa\u00e7\u00e3o do Corpo T\u00e9cnico:<\/strong><\/p>\n\n\n\n<p>Talita de Castro Santos<\/p>\n\n\n\n<p>Wlly Annie Feitosa Barbosa<\/p>\n\n\n\n<p><\/p>\n","protected":false},"excerpt":{"rendered":"<p>MEMBROS DO COLEGIADO S\u00e3o membros do Colegiado do PROGRAMA DE P\u00d3S-GRADUA\u00c7\u00c3O EM CI\u00caNCIAS JUR\u00cdDICAS (PPGCJ): [&hellip;]<\/p>\n","protected":false},"author":54,"featured_media":0,"parent":0,"menu_order":0,"comment_status":"closed","ping_status":"closed","template":"","meta":{"footnotes":""},"class_list":["post-108","page","type-page","status-publish","hentry"],"_links":{"self":[{"href":"https:\/\/www.ccj.ufpb.br\/pos\/wp-json\/wp\/v2\/pages\/108","targetHints":{"allow":["GET"]}}],"collection":[{"href":"https:\/\/www.ccj.ufpb.br\/pos\/wp-json\/wp\/v2\/pages"}],"about":[{"href":"https:\/\/www.ccj.ufpb.br\/pos\/wp-json\/wp\/v2\/types\/page"}],"author":[{"embeddable":true,"href":"https:\/\/www.ccj.ufpb.br\/pos\/wp-json\/wp\/v2\/users\/54"}],"replies":[{"embeddable":true,"href":"https:\/\/www.ccj.ufpb.br\/pos\/wp-json\/wp\/v2\/comments?post=108"}],"version-history":[{"count":6,"href":"https:\/\/www.ccj.ufpb.br\/pos\/wp-json\/wp\/v2\/pages\/108\/revisions"}],"predecessor-version":[{"id":589,"href":"https:\/\/www.ccj.ufpb.br\/pos\/wp-json\/wp\/v2\/pages\/108\/revisions\/589"}],"wp:attachment":[{"href":"https:\/\/www.ccj.ufpb.br\/pos\/wp-json\/wp\/v2\/media?parent=108"}],"curies":[{"name":"wp","href":"https:\/\/api.w.org\/{rel}","templated":true}]}}