{"id":106,"date":"2025-03-12T15:24:13","date_gmt":"2025-03-12T18:24:13","guid":{"rendered":"https:\/\/www.ccj.ufpb.br\/pos\/?page_id=106"},"modified":"2025-06-30T15:12:26","modified_gmt":"2025-06-30T18:12:26","slug":"modelos-de-formularios","status":"publish","type":"page","link":"https:\/\/www.ccj.ufpb.br\/pos\/modelos-de-formularios\/","title":{"rendered":"Modelos de Formul\u00e1rios"},"content":{"rendered":"\n<p><strong>FORMUL\u00c1RIOS GERAIS<\/strong><\/p>\n\n\n\n<div class=\"wp-block-file\"><a id=\"wp-block-file--media-02b9dcee-f2ee-46b4-b95e-21c3185c8d34\" href=\"https:\/\/www.ccj.ufpb.br\/pos\/wp-content\/uploads\/sites\/106\/sites\/268\/2025\/06\/agendamento_de_defesa-1.doc\">Agendamento de Defesa<\/a><a href=\"https:\/\/www.ccj.ufpb.br\/pos\/wp-content\/uploads\/sites\/106\/sites\/268\/2025\/06\/agendamento_de_defesa-1.doc\" class=\"wp-block-file__button wp-element-button\" download aria-describedby=\"wp-block-file--media-02b9dcee-f2ee-46b4-b95e-21c3185c8d34\">Baixar<\/a><\/div>\n\n\n\n<div class=\"wp-block-file\"><a id=\"wp-block-file--media-81cd9bf7-039a-4056-bab6-39e538da3379\" href=\"https:\/\/www.ccj.ufpb.br\/pos\/wp-content\/uploads\/sites\/106\/sites\/268\/2025\/06\/agendamento_de_qualificacao.doc\">Agendamento de Qualifica\u00e7\u00e3o<\/a><a href=\"https:\/\/www.ccj.ufpb.br\/pos\/wp-content\/uploads\/sites\/106\/sites\/268\/2025\/06\/agendamento_de_qualificacao.doc\" class=\"wp-block-file__button wp-element-button\" download aria-describedby=\"wp-block-file--media-81cd9bf7-039a-4056-bab6-39e538da3379\">Baixar<\/a><\/div>\n\n\n\n<div class=\"wp-block-file\"><a id=\"wp-block-file--media-f80ea5da-1ce4-4073-927d-06edb4a75112\" href=\"https:\/\/www.ccj.ufpb.br\/pos\/wp-content\/uploads\/sites\/106\/sites\/268\/2025\/06\/ajuda_de_custos.doc\">Ajuda de Custos<\/a><a href=\"https:\/\/www.ccj.ufpb.br\/pos\/wp-content\/uploads\/sites\/106\/sites\/268\/2025\/06\/ajuda_de_custos.doc\" class=\"wp-block-file__button wp-element-button\" download aria-describedby=\"wp-block-file--media-f80ea5da-1ce4-4073-927d-06edb4a75112\">Baixar<\/a><\/div>\n\n\n\n<div class=\"wp-block-file\"><a id=\"wp-block-file--media-eddb14d7-4307-45ab-962d-e7610e5b279e\" href=\"https:\/\/www.ccj.ufpb.br\/pos\/wp-content\/uploads\/sites\/106\/sites\/268\/2025\/06\/estagio_docencia.doc\">Est\u00e1gio Docencia<\/a><a href=\"https:\/\/www.ccj.ufpb.br\/pos\/wp-content\/uploads\/sites\/106\/sites\/268\/2025\/06\/estagio_docencia.doc\" class=\"wp-block-file__button wp-element-button\" download aria-describedby=\"wp-block-file--media-eddb14d7-4307-45ab-962d-e7610e5b279e\">Baixar<\/a><\/div>\n\n\n\n<div class=\"wp-block-file\"><a id=\"wp-block-file--media-ca6a1eb5-38d2-4365-bca1-45eea0dc3d63\" href=\"https:\/\/www.ccj.ufpb.br\/pos\/wp-content\/uploads\/sites\/106\/sites\/268\/2025\/06\/prorrogacao_de_prazo.doc\">Prorroga\u00e7\u00e3o de Prazo<\/a><a href=\"https:\/\/www.ccj.ufpb.br\/pos\/wp-content\/uploads\/sites\/106\/sites\/268\/2025\/06\/prorrogacao_de_prazo.doc\" class=\"wp-block-file__button wp-element-button\" download aria-describedby=\"wp-block-file--media-ca6a1eb5-38d2-4365-bca1-45eea0dc3d63\">Baixar<\/a><\/div>\n\n\n\n<div class=\"wp-block-file\"><a id=\"wp-block-file--media-00e8c320-cf93-429e-bbd3-d60ab9a99670\" href=\"https:\/\/www.ccj.ufpb.br\/pos\/wp-content\/uploads\/sites\/106\/sites\/268\/2025\/06\/requerimento_aproveitamento_de_disciplina-1.doc\">Requerimento de Aproveitamento de Disciplina<\/a><a href=\"https:\/\/www.ccj.ufpb.br\/pos\/wp-content\/uploads\/sites\/106\/sites\/268\/2025\/06\/requerimento_aproveitamento_de_disciplina-1.doc\" class=\"wp-block-file__button wp-element-button\" download aria-describedby=\"wp-block-file--media-00e8c320-cf93-429e-bbd3-d60ab9a99670\">Baixar<\/a><\/div>\n\n\n\n<div class=\"wp-block-file\"><a id=\"wp-block-file--media-d7361b47-8cd9-4d61-8526-a12cbaabe68f\" href=\"https:\/\/www.ccj.ufpb.br\/pos\/wp-content\/uploads\/sites\/106\/sites\/268\/2025\/06\/requerimento_de_diploma_doutorado.doc\">Requerimento de Diploma Doutorado<\/a><a href=\"https:\/\/www.ccj.ufpb.br\/pos\/wp-content\/uploads\/sites\/106\/sites\/268\/2025\/06\/requerimento_de_diploma_doutorado.doc\" class=\"wp-block-file__button wp-element-button\" download aria-describedby=\"wp-block-file--media-d7361b47-8cd9-4d61-8526-a12cbaabe68f\">Baixar<\/a><\/div>\n\n\n\n<div class=\"wp-block-file\"><a id=\"wp-block-file--media-e7935ed4-3d0d-4d79-a72e-2999198f4b2a\" href=\"https:\/\/www.ccj.ufpb.br\/pos\/wp-content\/uploads\/sites\/106\/sites\/268\/2025\/06\/requerimento_de_diploma_mestrado.doc\">Requerimento de Diploma de Mestrado<\/a><a href=\"https:\/\/www.ccj.ufpb.br\/pos\/wp-content\/uploads\/sites\/106\/sites\/268\/2025\/06\/requerimento_de_diploma_mestrado.doc\" class=\"wp-block-file__button wp-element-button\" download aria-describedby=\"wp-block-file--media-e7935ed4-3d0d-4d79-a72e-2999198f4b2a\">Baixar<\/a><\/div>\n\n\n\n<div class=\"wp-block-file\"><a id=\"wp-block-file--media-da162c39-9d53-4bc3-8a43-2b8efdf52020\" href=\"https:\/\/www.ccj.ufpb.br\/pos\/wp-content\/uploads\/sites\/106\/sites\/268\/2025\/06\/matricula-1-2.doc\">Requerimento Geral<\/a><a href=\"https:\/\/www.ccj.ufpb.br\/pos\/wp-content\/uploads\/sites\/106\/sites\/268\/2025\/06\/matricula-1-2.doc\" class=\"wp-block-file__button wp-element-button\" download aria-describedby=\"wp-block-file--media-da162c39-9d53-4bc3-8a43-2b8efdf52020\">Baixar<\/a><\/div>\n\n\n\n<div class=\"wp-block-file\"><a id=\"wp-block-file--media-393eb518-b2d1-4ed0-bae3-a42af7d25377\" href=\"https:\/\/www.ccj.ufpb.br\/pos\/wp-content\/uploads\/sites\/106\/sites\/268\/2025\/06\/trancamento-de-matricula-1.doc\">Trancamento de Matr\u00edcula<\/a><a href=\"https:\/\/www.ccj.ufpb.br\/pos\/wp-content\/uploads\/sites\/106\/sites\/268\/2025\/06\/trancamento-de-matricula-1.doc\" class=\"wp-block-file__button wp-element-button\" download aria-describedby=\"wp-block-file--media-393eb518-b2d1-4ed0-bae3-a42af7d25377\">Baixar<\/a><\/div>\n\n\n\n<p><\/p>\n\n\n\n<p><strong>FORMUL\u00c1RIOS&nbsp; &#8211; SOLICITA\u00c7\u00c3O<\/strong><\/p>\n\n\n\n<div class=\"wp-block-file\"><a id=\"wp-block-file--media-f8a1bc86-5946-4257-93b6-43b639d21a96\" href=\"https:\/\/www.ccj.ufpb.br\/pos\/wp-content\/uploads\/sites\/106\/sites\/268\/2025\/06\/matricula-1-1.doc\">Requerimento de Matricula para Aluno<\/a><a href=\"https:\/\/www.ccj.ufpb.br\/pos\/wp-content\/uploads\/sites\/106\/sites\/268\/2025\/06\/matricula-1-1.doc\" class=\"wp-block-file__button wp-element-button\" download aria-describedby=\"wp-block-file--media-f8a1bc86-5946-4257-93b6-43b639d21a96\">Baixar<\/a><\/div>\n\n\n\n<div class=\"wp-block-file\"><a id=\"wp-block-file--media-1f601201-944a-45c4-8457-b584a9b7276a\" href=\"https:\/\/www.ccj.ufpb.br\/pos\/wp-content\/uploads\/sites\/106\/sites\/268\/2025\/06\/carta-de-afastamento-de-aluno1-1.doc\">Carta de Afastamento de Aluno<\/a><a href=\"https:\/\/www.ccj.ufpb.br\/pos\/wp-content\/uploads\/sites\/106\/sites\/268\/2025\/06\/carta-de-afastamento-de-aluno1-1.doc\" class=\"wp-block-file__button wp-element-button\" download aria-describedby=\"wp-block-file--media-1f601201-944a-45c4-8457-b584a9b7276a\">Baixar<\/a><\/div>\n\n\n\n<p><\/p>\n\n\n\n<p><strong>FORMUL\u00c1RIOS &#8211; CAPES<\/strong><\/p>\n\n\n\n<div class=\"wp-block-file\"><a id=\"wp-block-file--media-3d22b4ba-836c-4451-81aa-14a12ecdfa3c\" href=\"https:\/\/www.ccj.ufpb.br\/pos\/wp-content\/uploads\/sites\/106\/sites\/268\/2025\/06\/cadastramento-de-bolsista.pdf\">Cadastramento de Bolsista<\/a><a href=\"https:\/\/www.ccj.ufpb.br\/pos\/wp-content\/uploads\/sites\/106\/sites\/268\/2025\/06\/cadastramento-de-bolsista.pdf\" class=\"wp-block-file__button wp-element-button\" download aria-describedby=\"wp-block-file--media-3d22b4ba-836c-4451-81aa-14a12ecdfa3c\">Baixar<\/a><\/div>\n\n\n\n<div class=\"wp-block-file\"><a id=\"wp-block-file--media-46001796-8907-4756-81fe-cdf20a2c23b7\" href=\"https:\/\/www.ccj.ufpb.br\/pos\/wp-content\/uploads\/sites\/106\/sites\/268\/2025\/06\/cancelamento-de-bolsista.pdf\">Cancelamento de Bolsista<\/a><a href=\"https:\/\/www.ccj.ufpb.br\/pos\/wp-content\/uploads\/sites\/106\/sites\/268\/2025\/06\/cancelamento-de-bolsista.pdf\" class=\"wp-block-file__button wp-element-button\" download aria-describedby=\"wp-block-file--media-46001796-8907-4756-81fe-cdf20a2c23b7\">Baixar<\/a><\/div>\n\n\n\n<div class=\"wp-block-file\"><a id=\"wp-block-file--media-02c41359-9db5-4d12-a53b-37585242601a\" href=\"https:\/\/www.ccj.ufpb.br\/pos\/wp-content\/uploads\/sites\/106\/sites\/268\/2025\/06\/suspensao-1.pdf\">Suspens\u00e3o de Bolsa<\/a><a href=\"https:\/\/www.ccj.ufpb.br\/pos\/wp-content\/uploads\/sites\/106\/sites\/268\/2025\/06\/suspensao-1.pdf\" class=\"wp-block-file__button wp-element-button\" download aria-describedby=\"wp-block-file--media-02c41359-9db5-4d12-a53b-37585242601a\">Baixar<\/a><\/div>\n\n\n\n<div class=\"wp-block-file\"><a id=\"wp-block-file--media-cff9615f-5a09-410b-896e-cb2e86d8c432\" href=\"https:\/\/www.ccj.ufpb.br\/pos\/wp-content\/uploads\/sites\/106\/sites\/268\/2025\/06\/termo-de-compromisso-para-recebimento-de-bolsa-capes-1.doc\">Termo de Compromisso para Recebimento de Bolsa Capes<\/a><a href=\"https:\/\/www.ccj.ufpb.br\/pos\/wp-content\/uploads\/sites\/106\/sites\/268\/2025\/06\/termo-de-compromisso-para-recebimento-de-bolsa-capes-1.doc\" class=\"wp-block-file__button wp-element-button\" download aria-describedby=\"wp-block-file--media-cff9615f-5a09-410b-896e-cb2e86d8c432\">Baixar<\/a><\/div>\n\n\n\n<p><\/p>\n\n\n\n<p><strong>MODELOS DE DOCUMENTOS<\/strong><\/p>\n\n\n\n<div class=\"wp-block-file\"><a id=\"wp-block-file--media-408bd507-6aad-4f15-9731-7ef184fe4e15\" href=\"https:\/\/www.ccj.ufpb.br\/pos\/wp-content\/uploads\/sites\/106\/sites\/268\/2025\/06\/carta-de-afastamento-de-aluno1-1-1.doc\">Carta de-Afastamento de Aluno<\/a><a href=\"https:\/\/www.ccj.ufpb.br\/pos\/wp-content\/uploads\/sites\/106\/sites\/268\/2025\/06\/carta-de-afastamento-de-aluno1-1-1.doc\" class=\"wp-block-file__button wp-element-button\" download aria-describedby=\"wp-block-file--media-408bd507-6aad-4f15-9731-7ef184fe4e15\">Baixar<\/a><\/div>\n\n\n\n<div class=\"wp-block-file\"><a id=\"wp-block-file--media-e3cce8a7-ca36-4351-8327-4aa83a3c0aee\" href=\"https:\/\/www.ccj.ufpb.br\/pos\/wp-content\/uploads\/sites\/106\/sites\/268\/2025\/06\/carta-para-submissao-de-dissertacaotese.doc\">Carta para Submiss\u00e3o de Disserta\u00e7\u00e3o\/Tese<\/a><a href=\"https:\/\/www.ccj.ufpb.br\/pos\/wp-content\/uploads\/sites\/106\/sites\/268\/2025\/06\/carta-para-submissao-de-dissertacaotese.doc\" class=\"wp-block-file__button wp-element-button\" download aria-describedby=\"wp-block-file--media-e3cce8a7-ca36-4351-8327-4aa83a3c0aee\">Baixar<\/a><\/div>\n\n\n\n<div class=\"wp-block-file\"><a id=\"wp-block-file--media-9f387ea4-8f6e-4d1d-bc31-7960ad56d4a3\" href=\"https:\/\/www.ccj.ufpb.br\/pos\/wp-content\/uploads\/sites\/106\/sites\/268\/2025\/06\/carta-solicitando-prazo-2.doc\">Carta Solicitando Prorroga\u00e7\u00e3o de Prazo para Entrega de Dissera\u00e7\u00e3o\/Tese<\/a><a href=\"https:\/\/www.ccj.ufpb.br\/pos\/wp-content\/uploads\/sites\/106\/sites\/268\/2025\/06\/carta-solicitando-prazo-2.doc\" class=\"wp-block-file__button wp-element-button\" download aria-describedby=\"wp-block-file--media-9f387ea4-8f6e-4d1d-bc31-7960ad56d4a3\">Baixar<\/a><\/div>\n\n\n\n<div class=\"wp-block-file\"><a id=\"wp-block-file--media-2e14ed44-01a1-4e59-806e-793d126642bc\" href=\"https:\/\/www.ccj.ufpb.br\/pos\/wp-content\/uploads\/sites\/106\/sites\/268\/2025\/06\/carta-qualificacao-mestrado-1.doc\">Carta para Aula de Qualifica\u00e7\u00e3o Mestrado <\/a><a href=\"https:\/\/www.ccj.ufpb.br\/pos\/wp-content\/uploads\/sites\/106\/sites\/268\/2025\/06\/carta-qualificacao-mestrado-1.doc\" class=\"wp-block-file__button wp-element-button\" download aria-describedby=\"wp-block-file--media-2e14ed44-01a1-4e59-806e-793d126642bc\">Baixar<\/a><\/div>\n\n\n\n<div class=\"wp-block-file\"><a id=\"wp-block-file--media-8aa48d16-07ab-4149-95de-db7b0fc462b6\" href=\"https:\/\/www.ccj.ufpb.br\/pos\/wp-content\/uploads\/sites\/106\/sites\/268\/2025\/06\/carta-para-aula-de-qualificacao-doutorado.doc\">Carta para Aula de Qualifica\u00e7\u00e3o Doutorado<\/a><a href=\"https:\/\/www.ccj.ufpb.br\/pos\/wp-content\/uploads\/sites\/106\/sites\/268\/2025\/06\/carta-para-aula-de-qualificacao-doutorado.doc\" class=\"wp-block-file__button wp-element-button\" download aria-describedby=\"wp-block-file--media-8aa48d16-07ab-4149-95de-db7b0fc462b6\">Baixar<\/a><\/div>\n\n\n\n<div class=\"wp-block-file\"><a id=\"wp-block-file--media-e09d9868-7e5b-4260-b232-6e92898fa560\" href=\"https:\/\/www.ccj.ufpb.br\/pos\/wp-content\/uploads\/sites\/106\/sites\/268\/2025\/06\/encaminhamento-de-dissertacoes.doc\">Carta de Encaminhamento de Pr\u00e9-Projeto<\/a><a href=\"https:\/\/www.ccj.ufpb.br\/pos\/wp-content\/uploads\/sites\/106\/sites\/268\/2025\/06\/encaminhamento-de-dissertacoes.doc\" class=\"wp-block-file__button wp-element-button\" download aria-describedby=\"wp-block-file--media-e09d9868-7e5b-4260-b232-6e92898fa560\">Baixar<\/a><\/div>\n\n\n\n<div class=\"wp-block-file\"><a id=\"wp-block-file--media-d3855105-db2a-40f9-abda-3c540f88d891\" href=\"https:\/\/www.ccj.ufpb.br\/pos\/wp-content\/uploads\/sites\/106\/sites\/268\/2025\/06\/carta-para-realizacao-de-seminario.doc\">Carta para Realiza\u00e7\u00e3o de Semin\u00e1rio<\/a><a href=\"https:\/\/www.ccj.ufpb.br\/pos\/wp-content\/uploads\/sites\/106\/sites\/268\/2025\/06\/carta-para-realizacao-de-seminario.doc\" class=\"wp-block-file__button wp-element-button\" download aria-describedby=\"wp-block-file--media-d3855105-db2a-40f9-abda-3c540f88d891\">Baixar<\/a><\/div>\n\n\n\n<div class=\"wp-block-file\"><a id=\"wp-block-file--media-8d6e821b-55da-4898-abac-ededd49c85d1\" href=\"https:\/\/www.ccj.ufpb.br\/pos\/wp-content\/uploads\/sites\/106\/sites\/268\/2025\/06\/carta-para-convalidacao-de-credito-1-1.doc\">Carta para Convalida\u00e7\u00e3o de Cr\u00e9dito<\/a><a href=\"https:\/\/www.ccj.ufpb.br\/pos\/wp-content\/uploads\/sites\/106\/sites\/268\/2025\/06\/carta-para-convalidacao-de-credito-1-1.doc\" class=\"wp-block-file__button wp-element-button\" download aria-describedby=\"wp-block-file--media-8d6e821b-55da-4898-abac-ededd49c85d1\">Baixar<\/a><\/div>\n\n\n\n<div class=\"wp-block-file\"><a id=\"wp-block-file--media-679471c6-b012-4f99-9514-c1e8cdd0b9b6\" href=\"https:\/\/www.ccj.ufpb.br\/pos\/wp-content\/uploads\/sites\/106\/sites\/268\/2025\/06\/carta-para-homologacao-de-orientador.doc\">Carta para Homologa\u00e7\u00e3o de Orientador<\/a><a href=\"https:\/\/www.ccj.ufpb.br\/pos\/wp-content\/uploads\/sites\/106\/sites\/268\/2025\/06\/carta-para-homologacao-de-orientador.doc\" class=\"wp-block-file__button wp-element-button\" download aria-describedby=\"wp-block-file--media-679471c6-b012-4f99-9514-c1e8cdd0b9b6\">Baixar<\/a><\/div>\n\n\n\n<div class=\"wp-block-file\"><a id=\"wp-block-file--media-32b6a71a-887d-4fa5-b88a-ada98be68163\" href=\"https:\/\/www.ccj.ufpb.br\/pos\/wp-content\/uploads\/sites\/106\/sites\/268\/2025\/06\/carta-para-homogacao-de-co-orientador.doc\">Carta para Homologa\u00e7\u00e3o de Co-Orientador<\/a><a href=\"https:\/\/www.ccj.ufpb.br\/pos\/wp-content\/uploads\/sites\/106\/sites\/268\/2025\/06\/carta-para-homogacao-de-co-orientador.doc\" class=\"wp-block-file__button wp-element-button\" download aria-describedby=\"wp-block-file--media-32b6a71a-887d-4fa5-b88a-ada98be68163\">Baixar<\/a><\/div>\n\n\n\n<div class=\"wp-block-file\"><a id=\"wp-block-file--media-2f7c3c8d-f76b-49f9-a6e7-c0fb1cfb8e73\" href=\"https:\/\/www.ccj.ufpb.br\/pos\/wp-content\/uploads\/sites\/106\/sites\/268\/2025\/06\/carta-homologacao-de-projeto-de-dissertacao.doc\">Carta para Homologa\u00e7\u00e3o de Projeto de Disserta\u00e7\u00e3o\/Tese<\/a><a href=\"https:\/\/www.ccj.ufpb.br\/pos\/wp-content\/uploads\/sites\/106\/sites\/268\/2025\/06\/carta-homologacao-de-projeto-de-dissertacao.doc\" class=\"wp-block-file__button wp-element-button\" download aria-describedby=\"wp-block-file--media-2f7c3c8d-f76b-49f9-a6e7-c0fb1cfb8e73\">Baixar<\/a><\/div>\n\n\n\n<div class=\"wp-block-file\"><a id=\"wp-block-file--media-688feddf-ceec-41d1-9c1b-090dee49cbad\" href=\"https:\/\/www.ccj.ufpb.br\/pos\/wp-content\/uploads\/sites\/106\/sites\/268\/2025\/06\/Guia-de-Encaminhamento-de-Dissertacoes.doc\">Guia de Encaminhamento de Disserta\u00e7\u00f5es<\/a><a href=\"https:\/\/www.ccj.ufpb.br\/pos\/wp-content\/uploads\/sites\/106\/sites\/268\/2025\/06\/Guia-de-Encaminhamento-de-Dissertacoes.doc\" class=\"wp-block-file__button wp-element-button\" download aria-describedby=\"wp-block-file--media-688feddf-ceec-41d1-9c1b-090dee49cbad\">Baixar<\/a><\/div>\n\n\n\n<div class=\"wp-block-file\"><a id=\"wp-block-file--media-9a554d8d-0208-432e-8c42-395b3ef818b1\" href=\"https:\/\/www.ccj.ufpb.br\/pos\/wp-content\/uploads\/sites\/106\/sites\/268\/2025\/06\/Relatorio-Semestral-Discente.doc\">Relat\u00f3rio Semestral &#8211; Discente<\/a><a href=\"https:\/\/www.ccj.ufpb.br\/pos\/wp-content\/uploads\/sites\/106\/sites\/268\/2025\/06\/Relatorio-Semestral-Discente.doc\" class=\"wp-block-file__button wp-element-button\" download aria-describedby=\"wp-block-file--media-9a554d8d-0208-432e-8c42-395b3ef818b1\">Baixar<\/a><\/div>\n\n\n\n<div class=\"wp-block-file\"><a id=\"wp-block-file--media-8416c21f-045b-404a-924a-4836ae9ac2d1\" href=\"https:\/\/www.ccj.ufpb.br\/pos\/wp-content\/uploads\/sites\/106\/sites\/268\/2025\/06\/Relatorio-Semestral-de-Atividades.doc\">Relatorio Semestral de Atividades<\/a><a href=\"https:\/\/www.ccj.ufpb.br\/pos\/wp-content\/uploads\/sites\/106\/sites\/268\/2025\/06\/Relatorio-Semestral-de-Atividades.doc\" class=\"wp-block-file__button wp-element-button\" download aria-describedby=\"wp-block-file--media-8416c21f-045b-404a-924a-4836ae9ac2d1\">Baixar<\/a><\/div>\n\n\n\n<p><strong>&nbsp;<\/strong>&nbsp; &nbsp;<a href=\"http:\/\/plone.ufpb.br\/pos\/contents\/pdf\/modelos-de-formularios-1\/carta-qualificacao-mestrado.doc\">&nbsp;&nbsp;<\/a>&nbsp; &nbsp;&nbsp;<a href=\"http:\/\/plone.ufpb.br\/pos\/contents\/pdf\/modelos-de-formularios-1\/carta-para-realizacao-de-seminario.doc\">&nbsp;<\/a>&nbsp; &nbsp; &nbsp;<\/p>\n\n\n\n<p>&nbsp;<\/p>\n\n\n\n<p>&nbsp;<\/p>\n","protected":false},"excerpt":{"rendered":"<p>FORMUL\u00c1RIOS GERAIS FORMUL\u00c1RIOS&nbsp; &#8211; SOLICITA\u00c7\u00c3O FORMUL\u00c1RIOS &#8211; CAPES MODELOS DE DOCUMENTOS &nbsp;&nbsp; &nbsp;&nbsp;&nbsp;&nbsp; &nbsp;&nbsp;&nbsp;&nbsp; &nbsp; [&hellip;]<\/p>\n","protected":false},"author":54,"featured_media":0,"parent":0,"menu_order":0,"comment_status":"closed","ping_status":"closed","template":"","meta":{"footnotes":""},"class_list":["post-106","page","type-page","status-publish","hentry"],"_links":{"self":[{"href":"https:\/\/www.ccj.ufpb.br\/pos\/wp-json\/wp\/v2\/pages\/106","targetHints":{"allow":["GET"]}}],"collection":[{"href":"https:\/\/www.ccj.ufpb.br\/pos\/wp-json\/wp\/v2\/pages"}],"about":[{"href":"https:\/\/www.ccj.ufpb.br\/pos\/wp-json\/wp\/v2\/types\/page"}],"author":[{"embeddable":true,"href":"https:\/\/www.ccj.ufpb.br\/pos\/wp-json\/wp\/v2\/users\/54"}],"replies":[{"embeddable":true,"href":"https:\/\/www.ccj.ufpb.br\/pos\/wp-json\/wp\/v2\/comments?post=106"}],"version-history":[{"count":16,"href":"https:\/\/www.ccj.ufpb.br\/pos\/wp-json\/wp\/v2\/pages\/106\/revisions"}],"predecessor-version":[{"id":586,"href":"https:\/\/www.ccj.ufpb.br\/pos\/wp-json\/wp\/v2\/pages\/106\/revisions\/586"}],"wp:attachment":[{"href":"https:\/\/www.ccj.ufpb.br\/pos\/wp-json\/wp\/v2\/media?parent=106"}],"curies":[{"name":"wp","href":"https:\/\/api.w.org\/{rel}","templated":true}]}}