{"id":102,"date":"2025-03-12T14:58:01","date_gmt":"2025-03-12T17:58:01","guid":{"rendered":"https:\/\/www.ccj.ufpb.br\/pos\/?page_id=102"},"modified":"2025-06-20T11:16:25","modified_gmt":"2025-06-20T14:16:25","slug":"publicacoes","status":"publish","type":"page","link":"https:\/\/www.ccj.ufpb.br\/pos\/publicacoes\/","title":{"rendered":"Publica\u00e7\u00f5es"},"content":{"rendered":"\n<h2 class=\"wp-block-heading\"><div class=\"linha-header\">Revistas<\/div><\/h2>\n\n\n\n<p><a href=\"http:\/\/periodicos.ufpb.br\/ojs2\/index.php\/primafacie\/issue\/current\" target=\"_blank\" rel=\"noreferrer noopener\">\u2666Prima Facie<\/a><\/p>\n\n\n\n<p>\u201cPrima facie\u201d, traduzimos esta express\u00e3o latina para o Portugu\u00eas como \u201cem primeira vista\u201d, mas \u201cprima facie\u201d \u00e9 mais do que isto.<\/p>\n\n\n\n<p>\u2666Verba Juris<\/p>\n\n\n\n<p>A Revista Verba Juris \u00e9 um peri\u00f3dico impresso, ligado ao Programa de P\u00f3s-Gradua\u00e7\u00e3o em Ci\u00eancias Jur\u00eddicas. O n\u00famero 5, ano 5, 2006 encontra-se no prelo. Disponibilizamos aqui a descri\u00e7\u00e3o completa de seu conte\u00fado por meio da capa, do sum\u00e1rio, dos resumos, da table of contents e dos abstracts.<\/p>\n\n\n\n<h2 class=\"wp-block-heading\"><div class=\"linha-header\">E-BOOKS<\/div><\/h2>\n\n\n\n<figure class=\"wp-block-image size-full is-resized\"><img loading=\"lazy\" decoding=\"async\" width=\"308\" height=\"419\" src=\"http:\/\/www.ccj.ufpb.br\/pos\/wp-content\/uploads\/sites\/106\/sites\/268\/2025\/06\/traficopessoaspb-1.png\" alt=\"\" class=\"wp-image-425\" style=\"width:206px;height:auto\" srcset=\"https:\/\/www.ccj.ufpb.br\/pos\/wp-content\/uploads\/sites\/106\/sites\/268\/2025\/06\/traficopessoaspb-1.png 308w, https:\/\/www.ccj.ufpb.br\/pos\/wp-content\/uploads\/sites\/106\/sites\/268\/2025\/06\/traficopessoaspb-1-221x300.png 221w\" sizes=\"auto, (max-width: 308px) 100vw, 308px\" \/><\/figure>\n","protected":false},"excerpt":{"rendered":"<p>Revistas \u2666Prima Facie \u201cPrima facie\u201d, traduzimos esta express\u00e3o latina para o Portugu\u00eas como \u201cem primeira [&hellip;]<\/p>\n","protected":false},"author":54,"featured_media":0,"parent":0,"menu_order":0,"comment_status":"closed","ping_status":"closed","template":"","meta":{"footnotes":""},"class_list":["post-102","page","type-page","status-publish","hentry"],"_links":{"self":[{"href":"https:\/\/www.ccj.ufpb.br\/pos\/wp-json\/wp\/v2\/pages\/102","targetHints":{"allow":["GET"]}}],"collection":[{"href":"https:\/\/www.ccj.ufpb.br\/pos\/wp-json\/wp\/v2\/pages"}],"about":[{"href":"https:\/\/www.ccj.ufpb.br\/pos\/wp-json\/wp\/v2\/types\/page"}],"author":[{"embeddable":true,"href":"https:\/\/www.ccj.ufpb.br\/pos\/wp-json\/wp\/v2\/users\/54"}],"replies":[{"embeddable":true,"href":"https:\/\/www.ccj.ufpb.br\/pos\/wp-json\/wp\/v2\/comments?post=102"}],"version-history":[{"count":4,"href":"https:\/\/www.ccj.ufpb.br\/pos\/wp-json\/wp\/v2\/pages\/102\/revisions"}],"predecessor-version":[{"id":427,"href":"https:\/\/www.ccj.ufpb.br\/pos\/wp-json\/wp\/v2\/pages\/102\/revisions\/427"}],"wp:attachment":[{"href":"https:\/\/www.ccj.ufpb.br\/pos\/wp-json\/wp\/v2\/media?parent=102"}],"curies":[{"name":"wp","href":"https:\/\/api.w.org\/{rel}","templated":true}]}}