{"id":940,"date":"2025-08-21T23:30:54","date_gmt":"2025-08-21T23:30:54","guid":{"rendered":"https:\/\/www.ccj.ufpb.br\/ccjteste\/?page_id=940"},"modified":"2025-09-03T11:53:06","modified_gmt":"2025-09-03T11:53:06","slug":"composicao-curricular-graduacao-em-direito","status":"publish","type":"page","link":"https:\/\/www.ccj.ufpb.br\/joaopessoa\/composicao-curricular-graduacao-em-direito\/","title":{"rendered":"Composi\u00e7\u00e3o Curricular Gradua\u00e7\u00e3o em Direito"},"content":{"rendered":"\n<div class=\"wp-block-file\"><a id=\"wp-block-file--media-037da217-83ca-4a5d-bb92-ae1456426f3f\" href=\"http:\/\/www.ccj.ufpb.br\/joaopessoa\/wp-content\/uploads\/sites\/106\/sites\/108\/2025\/07\/composicao-curricular-com-pre-requesito-62-2011-1.pdf\">Composic\u00e3o Curricular<\/a><a href=\"http:\/\/www.ccj.ufpb.br\/joaopessoa\/wp-content\/uploads\/sites\/106\/sites\/108\/2025\/07\/composicao-curricular-com-pre-requesito-62-2011-1.pdf\" class=\"wp-block-file__button wp-element-button\" download aria-describedby=\"wp-block-file--media-037da217-83ca-4a5d-bb92-ae1456426f3f\">Baixar<\/a><\/div>\n","protected":false},"excerpt":{"rendered":"","protected":false},"author":63,"featured_media":0,"parent":0,"menu_order":0,"comment_status":"closed","ping_status":"closed","template":"","meta":{"footnotes":""},"class_list":["post-940","page","type-page","status-publish","hentry"],"_links":{"self":[{"href":"https:\/\/www.ccj.ufpb.br\/joaopessoa\/wp-json\/wp\/v2\/pages\/940","targetHints":{"allow":["GET"]}}],"collection":[{"href":"https:\/\/www.ccj.ufpb.br\/joaopessoa\/wp-json\/wp\/v2\/pages"}],"about":[{"href":"https:\/\/www.ccj.ufpb.br\/joaopessoa\/wp-json\/wp\/v2\/types\/page"}],"author":[{"embeddable":true,"href":"https:\/\/www.ccj.ufpb.br\/joaopessoa\/wp-json\/wp\/v2\/users\/63"}],"replies":[{"embeddable":true,"href":"https:\/\/www.ccj.ufpb.br\/joaopessoa\/wp-json\/wp\/v2\/comments?post=940"}],"version-history":[{"count":3,"href":"https:\/\/www.ccj.ufpb.br\/joaopessoa\/wp-json\/wp\/v2\/pages\/940\/revisions"}],"predecessor-version":[{"id":1024,"href":"https:\/\/www.ccj.ufpb.br\/joaopessoa\/wp-json\/wp\/v2\/pages\/940\/revisions\/1024"}],"wp:attachment":[{"href":"https:\/\/www.ccj.ufpb.br\/joaopessoa\/wp-json\/wp\/v2\/media?parent=940"}],"curies":[{"name":"wp","href":"https:\/\/api.w.org\/{rel}","templated":true}]}}