{"id":903,"date":"2025-08-21T22:33:29","date_gmt":"2025-08-21T22:33:29","guid":{"rendered":"https:\/\/www.ccj.ufpb.br\/ccjteste\/?page_id=903"},"modified":"2025-09-03T11:28:10","modified_gmt":"2025-09-03T11:28:10","slug":"pro-reitorias-ufpb","status":"publish","type":"page","link":"https:\/\/www.ccj.ufpb.br\/joaopessoa\/pro-reitorias-ufpb\/","title":{"rendered":"Pr\u00f3-Reitorias\/UFPB"},"content":{"rendered":"\n<p><a href=\"https:\/\/www.pra.ufpb.br\/\">PRA &#8211; Pr\u00f3-Reitoria Administrativa<\/a><\/p>\n\n\n\n<p><a href=\"http:\/\/www.progep.ufpb.br\/\" target=\"_blank\" rel=\"noreferrer noopener\">PROGEP &#8211; Pr\u00f3-Reitoria de Gest\u00e3o de Pessoas<\/a><\/p>\n\n\n\n<p><a href=\"http:\/\/www.prg.ufpb.br\/\" target=\"_blank\" rel=\"noreferrer noopener\">PRG &#8211; Pr\u00f3-Reitoria de Gradua\u00e7\u00e3<\/a>o<\/p>\n\n\n\n<p><a href=\"http:\/\/www.prpg.ufpb.br\/\" target=\"_blank\" rel=\"noreferrer noopener\">PRPG &#8211; Pr\u00f3-Reitoria de P\u00f3s-Gradua\u00e7\u00e3o<\/a><\/p>\n\n\n\n<p><a href=\"http:\/\/www.prpg.ufpb.br\/\" target=\"_blank\" rel=\"noreferrer noopener\"><\/a><a href=\"http:\/\/www.proplan.ufpb.br\/\" target=\"_blank\" rel=\"noreferrer noopener\">PROPLAN &#8211; Pr\u00f3-Reitoria de Planejamento e Desenvolvimento<\/a><\/p>\n\n\n\n<p><a href=\"http:\/\/www.proplan.ufpb.br\/\" target=\"_blank\" rel=\"noreferrer noopener\"><\/a><a href=\"http:\/\/www.propesq.ufpb.br\/\" target=\"_blank\" rel=\"noreferrer noopener\">PROPESQ &#8211; Pr\u00f3-Reitoria de Pesquisa<\/a><\/p>\n\n\n\n<p><a href=\"http:\/\/www.propesq.ufpb.br\/\" target=\"_blank\" rel=\"noreferrer noopener\"><\/a><a href=\"http:\/\/www.ufpb.br\/prape\" target=\"_blank\" rel=\"noreferrer noopener\">PRAPE &#8211; Pr\u00f3-Reitoria de Assist\u00eancia e Promo\u00e7\u00e3o ao Estudante<\/a><\/p>\n\n\n\n<p><a href=\"http:\/\/www.ufpb.br\/prape\" target=\"_blank\" rel=\"noreferrer noopener\"><\/a><a href=\"http:\/\/www.proex.ufpb.br\/proex\" target=\"_blank\" rel=\"noreferrer noopener\">PROEX &#8211; Pr\u00f3-reitoria de Extens\u00e3o<\/a><\/p>\n\n\n\n<p><\/p>\n","protected":false},"excerpt":{"rendered":"<p>PRA &#8211; Pr\u00f3-Reitoria Administrativa PROGEP &#8211; Pr\u00f3-Reitoria de Gest\u00e3o de Pessoas PRG &#8211; Pr\u00f3-Reitoria de [&hellip;]<\/p>\n","protected":false},"author":63,"featured_media":0,"parent":0,"menu_order":0,"comment_status":"closed","ping_status":"closed","template":"","meta":{"footnotes":""},"class_list":["post-903","page","type-page","status-publish","hentry"],"_links":{"self":[{"href":"https:\/\/www.ccj.ufpb.br\/joaopessoa\/wp-json\/wp\/v2\/pages\/903","targetHints":{"allow":["GET"]}}],"collection":[{"href":"https:\/\/www.ccj.ufpb.br\/joaopessoa\/wp-json\/wp\/v2\/pages"}],"about":[{"href":"https:\/\/www.ccj.ufpb.br\/joaopessoa\/wp-json\/wp\/v2\/types\/page"}],"author":[{"embeddable":true,"href":"https:\/\/www.ccj.ufpb.br\/joaopessoa\/wp-json\/wp\/v2\/users\/63"}],"replies":[{"embeddable":true,"href":"https:\/\/www.ccj.ufpb.br\/joaopessoa\/wp-json\/wp\/v2\/comments?post=903"}],"version-history":[{"count":3,"href":"https:\/\/www.ccj.ufpb.br\/joaopessoa\/wp-json\/wp\/v2\/pages\/903\/revisions"}],"predecessor-version":[{"id":1015,"href":"https:\/\/www.ccj.ufpb.br\/joaopessoa\/wp-json\/wp\/v2\/pages\/903\/revisions\/1015"}],"wp:attachment":[{"href":"https:\/\/www.ccj.ufpb.br\/joaopessoa\/wp-json\/wp\/v2\/media?parent=903"}],"curies":[{"name":"wp","href":"https:\/\/api.w.org\/{rel}","templated":true}]}}