{"id":874,"date":"2025-08-07T15:59:06","date_gmt":"2025-08-07T15:59:06","guid":{"rendered":"https:\/\/www.ccj.ufpb.br\/ccjteste\/?page_id=874"},"modified":"2025-08-07T16:17:58","modified_gmt":"2025-08-07T16:17:58","slug":"solicitacao-de-plano-de-curso","status":"publish","type":"page","link":"https:\/\/www.ccj.ufpb.br\/joaopessoa\/solicitacao-de-plano-de-curso\/","title":{"rendered":"Solicita\u00e7\u00e3o de Plano de Curso"},"content":{"rendered":"\n<p><a href=\"https:\/\/sigaa.ufpb.br\/sigaa\/public\/departamento\/componentes.jsf?id=1390\">Departamento de Direito P\u00fablico<\/a><\/p>\n\n\n\n<p><a href=\"https:\/\/sigaa.ufpb.br\/sigaa\/public\/departamento\/componentes.jsf?id=1391\">Departamento de Direito Privado<\/a><\/p>\n\n\n\n<p><a href=\"https:\/\/sigaa.ufpb.br\/sigaa\/public\/departamento\/componentes.jsf?id=1566\">Departamento de Direito Processual e Pr\u00e1tica Jur\u00eddica<\/a><\/p>\n\n\n\n<h4 class=\"wp-block-heading\"><strong>Solicite por email:<\/strong><\/h4>\n\n\n\n<p><strong>Departamento de Direito P\u00fablico&nbsp; &#8211;&nbsp;<a href=\"mailto:ddpu@ccj.ufpb.br\">ddpu@ccj.ufpb.br<\/a><\/strong><\/p>\n\n\n\n<p><strong>Departamento de Direito Priva<\/strong><strong>do &#8211;&nbsp;<a href=\"mailto:ccjdireitoprivado@ccj.ufpb.br\">ccjdireitoprivado@ccj.ufpb.br<\/a><\/strong><\/p>\n\n\n\n<p><strong>Departamento de Direito Processual e Pr\u00e1tica Jur\u00eddica&nbsp; &#8211;&nbsp;<\/strong><strong><a href=\"mailto:ddppccjufpb@gmail.com\">ddppjccjufpb@gmail.com<\/a><\/strong><\/p>\n\n\n\n<p class=\" \">Solicite o plano desejado pelo e-mail do respectivo do departamento, conforme a listagem de cada departamento, fundamental que anexe junto a solicita\u00e7\u00e3o o hist\u00f3rico escolar para o atendimento da demanda solicitada.<\/p>\n\n\n\n<p class=\" \"><strong>PASSO A PASSO PARA SOLICITA\u00c7AO DA EMENTA<\/strong><\/p>\n\n\n\n<p class=\" \"><strong>PASSO 01<\/strong><\/p>\n\n\n\n<p class=\" \"><strong>Observa\u00e7\u00e3o:&nbsp;<\/strong>mesmo se seu v\u00ednculo no SIGAA estiver inativo \u00e9 poss\u00edvel gerar o hist\u00f3rico por l\u00e1.<\/p>\n\n\n\n<p><a href=\"https:\/\/www.ccj.ufpb.br\/ccj\/contents\/imagens\/img\/consultarhistorico.jpeg\">Consultar Hist\u00f3rico<\/a><\/p>\n\n\n\n<p class=\" \">&nbsp;<strong>PASSO 02<\/strong><\/p>\n\n\n\n<p class=\" \"><strong>Fa\u00e7a a sua solicita\u00e7\u00e3o via-email para a conta do&nbsp;<\/strong>respectivo do departamento, conforme a lsitagem de ada departamento com seu hist\u00f3rico escolar em anexo.<\/p>\n","protected":false},"excerpt":{"rendered":"<p>Departamento de Direito P\u00fablico Departamento de Direito Privado Departamento de Direito Processual e Pr\u00e1tica Jur\u00eddica [&hellip;]<\/p>\n","protected":false},"author":54,"featured_media":0,"parent":0,"menu_order":0,"comment_status":"closed","ping_status":"closed","template":"","meta":{"footnotes":""},"class_list":["post-874","page","type-page","status-publish","hentry"],"_links":{"self":[{"href":"https:\/\/www.ccj.ufpb.br\/joaopessoa\/wp-json\/wp\/v2\/pages\/874","targetHints":{"allow":["GET"]}}],"collection":[{"href":"https:\/\/www.ccj.ufpb.br\/joaopessoa\/wp-json\/wp\/v2\/pages"}],"about":[{"href":"https:\/\/www.ccj.ufpb.br\/joaopessoa\/wp-json\/wp\/v2\/types\/page"}],"author":[{"embeddable":true,"href":"https:\/\/www.ccj.ufpb.br\/joaopessoa\/wp-json\/wp\/v2\/users\/54"}],"replies":[{"embeddable":true,"href":"https:\/\/www.ccj.ufpb.br\/joaopessoa\/wp-json\/wp\/v2\/comments?post=874"}],"version-history":[{"count":8,"href":"https:\/\/www.ccj.ufpb.br\/joaopessoa\/wp-json\/wp\/v2\/pages\/874\/revisions"}],"predecessor-version":[{"id":883,"href":"https:\/\/www.ccj.ufpb.br\/joaopessoa\/wp-json\/wp\/v2\/pages\/874\/revisions\/883"}],"wp:attachment":[{"href":"https:\/\/www.ccj.ufpb.br\/joaopessoa\/wp-json\/wp\/v2\/media?parent=874"}],"curies":[{"name":"wp","href":"https:\/\/api.w.org\/{rel}","templated":true}]}}