{"id":872,"date":"2025-08-07T15:56:53","date_gmt":"2025-08-07T15:56:53","guid":{"rendered":"https:\/\/www.ccj.ufpb.br\/ccjteste\/?page_id=872"},"modified":"2025-09-04T12:41:25","modified_gmt":"2025-09-04T12:41:25","slug":"formulario-reservas-unidade-santa-rita","status":"publish","type":"page","link":"https:\/\/www.ccj.ufpb.br\/joaopessoa\/formulario-reservas-unidade-santa-rita\/","title":{"rendered":"Formul\u00e1rio Reservas &#8211; Unidade Santa Rita"},"content":{"rendered":"\n<p>Caro(a) Usu\u00e1rio(a):<\/p>\n\n\n\n<p>Na inten\u00e7\u00e3o de melhor servi-los, pedimos que procedam ao preenchimento do formul\u00e1rio abaixo, fornecendo as informa\u00e7\u00f5es necess\u00e1rias para que o CCJ possa atend\u00ea-lo da maneira mais adequada poss\u00edvel. Para que isto ocorra, contamos com a colabora\u00e7\u00e3o de voc\u00eas, no sentido de lerem as informa\u00e7\u00f5es contidas nos Documentos que regulamentam o uso desses ambientes em nosso Centro, seja o Audit\u00f3rio do CCJ, a Sala de Multimeios, ou qualquer outro ambiente pass\u00edvel de empr\u00e9stimo.<\/p>\n\n\n\n<p><strong>ATEN\u00c7\u00c3O<\/strong>: sua solicita\u00e7\u00e3o depende do calend\u00e1rio de reservas desses espa\u00e7os, bem como da autoriza\u00e7\u00e3o da Dire\u00e7\u00e3o do CCJ, lembrando que os espa\u00e7os ser\u00e3o preferencialmente cedidos para as atividades do CCJ.<\/p>\n\n\n\n<p><strong>&nbsp;<\/strong><strong>INFORMA\u00c7\u00d5ES PARA EMISS\u00c3O DA GRU<\/strong><\/p>\n\n\n\n<p><strong>Link:&nbsp;<\/strong><a href=\"https:\/\/consulta.tesouro.fazenda.gov.br\/gru_novosite\/gru_simples.asp\" target=\"_blank\" rel=\"noreferrer noopener\">https:\/\/consulta.tesouro.fazenda.gov.br\/gru_novosite\/gru_simples.asp<\/a><\/p>\n\n\n\n<p><strong>UNIDADE GESTORA<\/strong>: 153065<\/p>\n\n\n\n<p><strong>GEST\u00c3O<\/strong>: 15231<\/p>\n\n\n\n<p><strong>NOME DA UNIDADE<\/strong>: UNIVERSIDADE FEDERAL DA PARAIBA<\/p>\n\n\n\n<p><strong>C\u00d3DIGO DE RECOLHIMENTO<\/strong>: 28802-0 \u2013 ALUGU\u00c9IS<\/p>\n\n\n\n<p>&nbsp;<strong>N\u00daMERO DE REFER\u00caNCIA<\/strong>:&nbsp;15065700000000110057<\/p>\n\n\n\n<p><strong>REGULAMENTOS:<\/strong><\/p>\n\n\n\n<p>RESOLU\u00c7\u00c3O CCJ 002 \u2013 Uso Ve\u00edculos CCJ<\/p>\n\n\n\n<p>RESOLU\u00c7\u00c3O CCJ 003 \u2013 Uso Sala Multim\u00eddia CCJ<\/p>\n\n\n\n<p>PORTARIA CCJ 001 \u2013 Uso do Audit\u00f3rio CCJ<\/p>\n\n\n\n<p>1 &#8211; Fazer o download&nbsp;do arquivo;<\/p>\n\n\n\n<p>2 &#8211; Preencher o formul\u00e1rio;<\/p>\n\n\n\n<p>3 &#8211; Salvar o arquivo;<\/p>\n\n\n\n<p>4 &#8211; Enviar para o seguinte endere\u00e7o de e-mail:&nbsp;<\/p>\n\n\n\n<p>SR &#8211;&nbsp;<a href=\"mailto:reservassantarita@ccj.ufpb.br\" target=\"_blank\" rel=\"noreferrer noopener\">reservassantarita@ccj.ufpb.br<\/a><\/p>\n\n\n\n<div class=\"wp-block-file\"><a id=\"wp-block-file--media-f6a04754-b468-4bae-ae4c-851fea3f401c\" href=\"https:\/\/www.ccj.ufpb.br\/joaopessoa\/wp-content\/uploads\/sites\/106\/sites\/108\/2025\/09\/sr-reservas-de-ambientes-ccj-1.doc\">Formul\u00e1rio Reservas de Ambientes &#8211; Unidade Santa Rita<\/a><a href=\"https:\/\/www.ccj.ufpb.br\/joaopessoa\/wp-content\/uploads\/sites\/106\/sites\/108\/2025\/09\/sr-reservas-de-ambientes-ccj-1.doc\" class=\"wp-block-file__button wp-element-button\" download aria-describedby=\"wp-block-file--media-f6a04754-b468-4bae-ae4c-851fea3f401c\">Baixar<\/a><\/div>\n\n\n\n<div class=\"wp-block-file\"><a id=\"wp-block-file--media-77e3f7d0-aa09-40ec-9622-25f6b1ac6945\" href=\"https:\/\/www.ccj.ufpb.br\/joaopessoa\/wp-content\/uploads\/sites\/106\/sites\/108\/2025\/09\/sr-requisicao-de-veiculos-ccj-2.doc\">Formul\u00e1rio Requisi\u00e7\u00e3o de Ve\u00edculos &#8211; Unidade Santa Rita<\/a><a href=\"https:\/\/www.ccj.ufpb.br\/joaopessoa\/wp-content\/uploads\/sites\/106\/sites\/108\/2025\/09\/sr-requisicao-de-veiculos-ccj-2.doc\" class=\"wp-block-file__button wp-element-button\" download aria-describedby=\"wp-block-file--media-77e3f7d0-aa09-40ec-9622-25f6b1ac6945\">Baixar<\/a><\/div>\n\n\n\n<p><\/p>\n","protected":false},"excerpt":{"rendered":"<p>Caro(a) Usu\u00e1rio(a): Na inten\u00e7\u00e3o de melhor servi-los, pedimos que procedam ao preenchimento do formul\u00e1rio abaixo, [&hellip;]<\/p>\n","protected":false},"author":54,"featured_media":0,"parent":0,"menu_order":0,"comment_status":"closed","ping_status":"closed","template":"","meta":{"footnotes":""},"class_list":["post-872","page","type-page","status-publish","hentry"],"_links":{"self":[{"href":"https:\/\/www.ccj.ufpb.br\/joaopessoa\/wp-json\/wp\/v2\/pages\/872","targetHints":{"allow":["GET"]}}],"collection":[{"href":"https:\/\/www.ccj.ufpb.br\/joaopessoa\/wp-json\/wp\/v2\/pages"}],"about":[{"href":"https:\/\/www.ccj.ufpb.br\/joaopessoa\/wp-json\/wp\/v2\/types\/page"}],"author":[{"embeddable":true,"href":"https:\/\/www.ccj.ufpb.br\/joaopessoa\/wp-json\/wp\/v2\/users\/54"}],"replies":[{"embeddable":true,"href":"https:\/\/www.ccj.ufpb.br\/joaopessoa\/wp-json\/wp\/v2\/comments?post=872"}],"version-history":[{"count":6,"href":"https:\/\/www.ccj.ufpb.br\/joaopessoa\/wp-json\/wp\/v2\/pages\/872\/revisions"}],"predecessor-version":[{"id":1185,"href":"https:\/\/www.ccj.ufpb.br\/joaopessoa\/wp-json\/wp\/v2\/pages\/872\/revisions\/1185"}],"wp:attachment":[{"href":"https:\/\/www.ccj.ufpb.br\/joaopessoa\/wp-json\/wp\/v2\/media?parent=872"}],"curies":[{"name":"wp","href":"https:\/\/api.w.org\/{rel}","templated":true}]}}