{"id":642,"date":"2025-07-31T17:01:45","date_gmt":"2025-07-31T17:01:45","guid":{"rendered":"https:\/\/www.ccj.ufpb.br\/ccjteste\/?page_id=642"},"modified":"2025-07-31T17:16:00","modified_gmt":"2025-07-31T17:16:00","slug":"transparencia-centro-de-ciencias-juridicas","status":"publish","type":"page","link":"https:\/\/www.ccj.ufpb.br\/joaopessoa\/transparencia-centro-de-ciencias-juridicas\/","title":{"rendered":"Transpar\u00eancia Centro de Ci\u00eancias Jur\u00eddicas"},"content":{"rendered":"\n<div class=\"wp-block-file\"><a id=\"wp-block-file--media-88c945cb-e465-4928-b62e-4af0085e1d1a\" href=\"https:\/\/www.ccj.ufpb.br\/ccjteste\/wp-content\/uploads\/sites\/106\/sites\/108\/2025\/07\/Execucao-orcamentaria-ate-Out-2016-7.pdf\">Execu\u00e7\u00e3o or\u00e7ament\u00e1ria at\u00e9 Outubro &#8211; 2016<\/a><a href=\"https:\/\/www.ccj.ufpb.br\/ccjteste\/wp-content\/uploads\/sites\/106\/sites\/108\/2025\/07\/Execucao-orcamentaria-ate-Out-2016-7.pdf\" class=\"wp-block-file__button wp-element-button\" download aria-describedby=\"wp-block-file--media-88c945cb-e465-4928-b62e-4af0085e1d1a\">Baixar<\/a><\/div>\n\n\n\n<div class=\"wp-block-file\"><a id=\"wp-block-file--media-df84b234-183b-4b42-867b-60071e941167\" href=\"https:\/\/www.ccj.ufpb.br\/ccjteste\/wp-content\/uploads\/sites\/106\/sites\/108\/2025\/07\/Execucao-orcamentaria-ate-Set-2016-6.pdf\">Execu\u00e7\u00e3o or\u00e7ament\u00e1ria at\u00e9 Setembro &#8211; 2016 <\/a><a href=\"https:\/\/www.ccj.ufpb.br\/ccjteste\/wp-content\/uploads\/sites\/106\/sites\/108\/2025\/07\/Execucao-orcamentaria-ate-Set-2016-6.pdf\" class=\"wp-block-file__button wp-element-button\" download aria-describedby=\"wp-block-file--media-df84b234-183b-4b42-867b-60071e941167\">Baixar<\/a><\/div>\n\n\n\n<div class=\"wp-block-file\"><a id=\"wp-block-file--media-de645f01-9f57-4a38-a4d5-3ed9ab41cc5f\" href=\"https:\/\/www.ccj.ufpb.br\/ccjteste\/wp-content\/uploads\/sites\/106\/sites\/108\/2025\/07\/orcamento-2015.1.jpeg\">Or\u00e7amento 1 &#8211; CCJ 2015<\/a><a href=\"https:\/\/www.ccj.ufpb.br\/ccjteste\/wp-content\/uploads\/sites\/106\/sites\/108\/2025\/07\/orcamento-2015.1.jpeg\" class=\"wp-block-file__button wp-element-button\" download aria-describedby=\"wp-block-file--media-de645f01-9f57-4a38-a4d5-3ed9ab41cc5f\">Baixar<\/a><\/div>\n\n\n\n<p><\/p>\n","protected":false},"excerpt":{"rendered":"","protected":false},"author":54,"featured_media":0,"parent":0,"menu_order":0,"comment_status":"closed","ping_status":"closed","template":"","meta":{"footnotes":""},"class_list":["post-642","page","type-page","status-publish","hentry"],"_links":{"self":[{"href":"https:\/\/www.ccj.ufpb.br\/joaopessoa\/wp-json\/wp\/v2\/pages\/642","targetHints":{"allow":["GET"]}}],"collection":[{"href":"https:\/\/www.ccj.ufpb.br\/joaopessoa\/wp-json\/wp\/v2\/pages"}],"about":[{"href":"https:\/\/www.ccj.ufpb.br\/joaopessoa\/wp-json\/wp\/v2\/types\/page"}],"author":[{"embeddable":true,"href":"https:\/\/www.ccj.ufpb.br\/joaopessoa\/wp-json\/wp\/v2\/users\/54"}],"replies":[{"embeddable":true,"href":"https:\/\/www.ccj.ufpb.br\/joaopessoa\/wp-json\/wp\/v2\/comments?post=642"}],"version-history":[{"count":2,"href":"https:\/\/www.ccj.ufpb.br\/joaopessoa\/wp-json\/wp\/v2\/pages\/642\/revisions"}],"predecessor-version":[{"id":648,"href":"https:\/\/www.ccj.ufpb.br\/joaopessoa\/wp-json\/wp\/v2\/pages\/642\/revisions\/648"}],"wp:attachment":[{"href":"https:\/\/www.ccj.ufpb.br\/joaopessoa\/wp-json\/wp\/v2\/media?parent=642"}],"curies":[{"name":"wp","href":"https:\/\/api.w.org\/{rel}","templated":true}]}}