{"id":345,"date":"2025-07-25T17:39:53","date_gmt":"2025-07-25T17:39:53","guid":{"rendered":"https:\/\/www.ccj.ufpb.br\/ccjteste\/?page_id=345"},"modified":"2026-03-09T16:40:56","modified_gmt":"2026-03-09T16:40:56","slug":"nucleo-processual-e-pratica-juridica","status":"publish","type":"page","link":"https:\/\/www.ccj.ufpb.br\/joaopessoa\/nucleo-processual-e-pratica-juridica\/","title":{"rendered":"N\u00facleo Processual e Pr\u00e1tica Jur\u00eddica"},"content":{"rendered":"\n<p><strong>Faculdade de Direito &#8211; Centro<\/strong><\/p>\n\n\n\n<p><strong>Coordena\u00e7\u00e3o do N\u00facleo de Pr\u00e1tica Jur\u00eddica<\/strong><br>Prof\u00aa  Ana Fl\u00e1via Lins Souto<\/p>\n\n\n\n<p><strong>Vice-Coordenadora do N\u00facleo de Pr\u00e1tica Jur\u00eddica<\/strong><br>Prof\u00aa Ana Paula Correia de Albuquerque da Costa<\/p>\n\n\n\n<p><strong>T\u00e9cnico Administrativo<\/strong><br>Alisson Gomes da Silva<br>Joana D\u2019arc Pedro da Silva Mendes<br>Luiz Carlos A. Oliveira<br>Jos\u00e9 Iv\u00e2nio AlvesPetr\u00f4nio da Silva <br>Petr\u00f4nio da Silva Brand\u00e3o<br><\/p>\n","protected":false},"excerpt":{"rendered":"<p>Faculdade de Direito &#8211; Centro Coordena\u00e7\u00e3o do N\u00facleo de Pr\u00e1tica Jur\u00eddicaProf\u00aa Ana Fl\u00e1via Lins Souto [&hellip;]<\/p>\n","protected":false},"author":54,"featured_media":0,"parent":0,"menu_order":0,"comment_status":"closed","ping_status":"closed","template":"","meta":{"footnotes":""},"class_list":["post-345","page","type-page","status-publish","hentry"],"_links":{"self":[{"href":"https:\/\/www.ccj.ufpb.br\/joaopessoa\/wp-json\/wp\/v2\/pages\/345","targetHints":{"allow":["GET"]}}],"collection":[{"href":"https:\/\/www.ccj.ufpb.br\/joaopessoa\/wp-json\/wp\/v2\/pages"}],"about":[{"href":"https:\/\/www.ccj.ufpb.br\/joaopessoa\/wp-json\/wp\/v2\/types\/page"}],"author":[{"embeddable":true,"href":"https:\/\/www.ccj.ufpb.br\/joaopessoa\/wp-json\/wp\/v2\/users\/54"}],"replies":[{"embeddable":true,"href":"https:\/\/www.ccj.ufpb.br\/joaopessoa\/wp-json\/wp\/v2\/comments?post=345"}],"version-history":[{"count":5,"href":"https:\/\/www.ccj.ufpb.br\/joaopessoa\/wp-json\/wp\/v2\/pages\/345\/revisions"}],"predecessor-version":[{"id":1812,"href":"https:\/\/www.ccj.ufpb.br\/joaopessoa\/wp-json\/wp\/v2\/pages\/345\/revisions\/1812"}],"wp:attachment":[{"href":"https:\/\/www.ccj.ufpb.br\/joaopessoa\/wp-json\/wp\/v2\/media?parent=345"}],"curies":[{"name":"wp","href":"https:\/\/api.w.org\/{rel}","templated":true}]}}