{"id":237,"date":"2025-07-10T17:02:08","date_gmt":"2025-07-10T17:02:08","guid":{"rendered":"https:\/\/www.ccj.ufpb.br\/ccjteste\/?page_id=237"},"modified":"2025-11-23T18:14:00","modified_gmt":"2025-11-23T18:14:00","slug":"assessoria-de-estagio","status":"publish","type":"page","link":"https:\/\/www.ccj.ufpb.br\/joaopessoa\/assessoria-de-estagio\/","title":{"rendered":"Assessoria de Monitoria"},"content":{"rendered":"\n<p class=\" \"><strong>I \u2013 Otimizar os projetos de est\u00e1gio no \u00e2mbito do Centro de maneira a garantir que as atividades estejam dentro das necessidades essenciais das disciplinas ministradas pelos Cursos oferecidos pelo CCJ;<\/strong><\/p>\n\n\n\n<p class=\" \"><strong>II \u2013 Acompanhar os discentes em est\u00e1gio atrav\u00e9s de acompanhamento dos relat\u00f3rios de est\u00e1gio e monitorias, devendo ser elaborados e apresentados trimestralmente pelos discentes aos seus professores supervisores\/orientadores, visando evitar desvirtuamentos das<\/strong><\/p>\n\n\n\n<p class=\" \"><strong>fun\u00e7\u00f5es do est\u00e1gio e da monitoria;<\/strong><\/p>\n\n\n\n<p class=\" \"><strong>III \u2013 Orientar professores supervisores e monitores visando \u00e0 adequa\u00e7\u00e3o das necessidades acad\u00eamicas do professor-supervisor e dos discentes;<\/strong><\/p>\n\n\n\n<p class=\" \"><strong>IV \u2013 Propor a Dire\u00e7\u00e3o de Centro a celebra\u00e7\u00e3o de conv\u00eanios, e atualiza\u00e7\u00f5es destes, com Institui\u00e7\u00f5es, Empresas, entes da Administra\u00e7\u00e3o e demais \u00f3rg\u00e3os p\u00fablicos, bem como Escrit\u00f3rios de Advocacia, para facilita\u00e7\u00e3o do acesso dos discentes aos est\u00e1gios, nos termos<\/strong><\/p>\n\n\n\n<p class=\" \"><strong>definidos pela legisla\u00e7\u00e3o pertinente a mat\u00e9ria.<\/strong><\/p>\n\n\n\n<p class=\" \"><strong>V \u2013 Verificar e acompanhar os est\u00e1gios celebrados com os Escrit\u00f3rios de Advocacia conveniados, atrav\u00e9s de relat\u00f3rios do(s) respons\u00e1vel(eis) pelo escrit\u00f3rio e o estagi\u00e1rio, anualmente, ou enquanto durar o per\u00edodo de est\u00e1gio estabelecido.<\/strong><\/p>\n\n\n\n<p class=\" \"><strong>Assessoria de Monitoria <\/strong><\/p>\n\n\n\n<p class=\" \"><strong>Fernando Joaquim Ferreira Maia<\/strong><\/p>\n\n\n\n<p class=\" \"><strong>assessoriademonitoria@ccj.ufpb.br<\/strong><\/p>\n\n\n\n<p class=\" \"><\/p>\n\n\n\n<p class=\" \"><\/p>\n\n\n\n<p class=\" \"><\/p>\n\n\n\n<p><\/p>\n","protected":false},"excerpt":{"rendered":"<p>I \u2013 Otimizar os projetos de est\u00e1gio no \u00e2mbito do Centro de maneira a garantir [&hellip;]<\/p>\n","protected":false},"author":54,"featured_media":0,"parent":0,"menu_order":0,"comment_status":"closed","ping_status":"closed","template":"","meta":{"footnotes":""},"class_list":["post-237","page","type-page","status-publish","hentry"],"_links":{"self":[{"href":"https:\/\/www.ccj.ufpb.br\/joaopessoa\/wp-json\/wp\/v2\/pages\/237","targetHints":{"allow":["GET"]}}],"collection":[{"href":"https:\/\/www.ccj.ufpb.br\/joaopessoa\/wp-json\/wp\/v2\/pages"}],"about":[{"href":"https:\/\/www.ccj.ufpb.br\/joaopessoa\/wp-json\/wp\/v2\/types\/page"}],"author":[{"embeddable":true,"href":"https:\/\/www.ccj.ufpb.br\/joaopessoa\/wp-json\/wp\/v2\/users\/54"}],"replies":[{"embeddable":true,"href":"https:\/\/www.ccj.ufpb.br\/joaopessoa\/wp-json\/wp\/v2\/comments?post=237"}],"version-history":[{"count":8,"href":"https:\/\/www.ccj.ufpb.br\/joaopessoa\/wp-json\/wp\/v2\/pages\/237\/revisions"}],"predecessor-version":[{"id":1563,"href":"https:\/\/www.ccj.ufpb.br\/joaopessoa\/wp-json\/wp\/v2\/pages\/237\/revisions\/1563"}],"wp:attachment":[{"href":"https:\/\/www.ccj.ufpb.br\/joaopessoa\/wp-json\/wp\/v2\/media?parent=237"}],"curies":[{"name":"wp","href":"https:\/\/api.w.org\/{rel}","templated":true}]}}