{"id":1762,"date":"2026-03-02T14:16:56","date_gmt":"2026-03-02T14:16:56","guid":{"rendered":"https:\/\/www.ccj.ufpb.br\/joaopessoa\/?page_id=1762"},"modified":"2026-03-03T13:22:42","modified_gmt":"2026-03-03T13:22:42","slug":"relatorio-de-gestao-extensao","status":"publish","type":"page","link":"https:\/\/www.ccj.ufpb.br\/joaopessoa\/relatorio-de-gestao-extensao\/","title":{"rendered":"Anexos ao Relat\u00f3rio 2025 &#8211; Assessoria de Extens\u00e3o"},"content":{"rendered":"\n<div class=\"wp-block-file\"><a id=\"wp-block-file--media-2aa69070-e2f2-4a04-af75-3888c10ffec2\" href=\"https:\/\/www.ccj.ufpb.br\/joaopessoa\/wp-content\/uploads\/sites\/106\/sites\/108\/2026\/03\/Apresentacao-Assessoria-de-Extensao-Mostra-2025-atualizado.pdf\">Apresenta\u00e7\u00e3o Assessoria de Extens\u00e3o &#8211; 2025 <\/a><a href=\"https:\/\/www.ccj.ufpb.br\/joaopessoa\/wp-content\/uploads\/sites\/106\/sites\/108\/2026\/03\/Apresentacao-Assessoria-de-Extensao-Mostra-2025-atualizado.pdf\" class=\"wp-block-file__button wp-element-button\" download aria-describedby=\"wp-block-file--media-2aa69070-e2f2-4a04-af75-3888c10ffec2\">Baixar<\/a><\/div>\n\n\n\n<div class=\"wp-block-file\"><a id=\"wp-block-file--media-95ee75a7-e5f8-42a6-be91-9bb060b75405\" href=\"https:\/\/www.ccj.ufpb.br\/joaopessoa\/wp-content\/uploads\/sites\/106\/sites\/108\/2026\/03\/Carta-da-Extensao-do-CCJ-para-a-Comunidade-Academica-2025.pdf\">Carta da Extens\u00e3o do CCJ para a Comunidade Acad\u00eamica 2025<\/a><a href=\"https:\/\/www.ccj.ufpb.br\/joaopessoa\/wp-content\/uploads\/sites\/106\/sites\/108\/2026\/03\/Carta-da-Extensao-do-CCJ-para-a-Comunidade-Academica-2025.pdf\" class=\"wp-block-file__button wp-element-button\" download aria-describedby=\"wp-block-file--media-95ee75a7-e5f8-42a6-be91-9bb060b75405\">Baixar<\/a><\/div>\n\n\n\n<div class=\"wp-block-file\"><a id=\"wp-block-file--media-badd0926-6f9a-4767-8104-c4a728c6c493\" href=\"https:\/\/www.ccj.ufpb.br\/joaopessoa\/wp-content\/uploads\/sites\/106\/sites\/108\/2026\/03\/Informacoes_para_Relatorio_de_Gestao_-_EXTENSAO_Assessoria_CCJ_assinado.pdf\">Informa\u00e7\u00f5es para Relat\u00f3rio de Gest\u00e3o &#8211; Assessoria de Extens\u00e3o<\/a><a href=\"https:\/\/www.ccj.ufpb.br\/joaopessoa\/wp-content\/uploads\/sites\/106\/sites\/108\/2026\/03\/Informacoes_para_Relatorio_de_Gestao_-_EXTENSAO_Assessoria_CCJ_assinado.pdf\" class=\"wp-block-file__button wp-element-button\" download aria-describedby=\"wp-block-file--media-badd0926-6f9a-4767-8104-c4a728c6c493\">Baixar<\/a><\/div>\n\n\n\n<div class=\"wp-block-file\"><a id=\"wp-block-file--media-e8c32d1b-2b66-40a4-b1db-8abf40b48df1\" href=\"https:\/\/www.ccj.ufpb.br\/joaopessoa\/wp-content\/uploads\/sites\/106\/sites\/108\/2026\/03\/Projetos_de_extensao_do_CCJ_2025-_ATUALIZADA_FINAL_04_fev_2026_assinado.pdf\">Projetos de Extens\u00e3o do CCJ 2025 &#8211; Atualizada final 04\/02\/2026<\/a><a href=\"https:\/\/www.ccj.ufpb.br\/joaopessoa\/wp-content\/uploads\/sites\/106\/sites\/108\/2026\/03\/Projetos_de_extensao_do_CCJ_2025-_ATUALIZADA_FINAL_04_fev_2026_assinado.pdf\" class=\"wp-block-file__button wp-element-button\" download aria-describedby=\"wp-block-file--media-e8c32d1b-2b66-40a4-b1db-8abf40b48df1\">Baixar<\/a><\/div>\n\n\n\n<p><\/p>\n\n\n\n<p><\/p>\n","protected":false},"excerpt":{"rendered":"","protected":false},"author":54,"featured_media":0,"parent":0,"menu_order":0,"comment_status":"closed","ping_status":"closed","template":"","meta":{"footnotes":""},"class_list":["post-1762","page","type-page","status-publish","hentry"],"_links":{"self":[{"href":"https:\/\/www.ccj.ufpb.br\/joaopessoa\/wp-json\/wp\/v2\/pages\/1762","targetHints":{"allow":["GET"]}}],"collection":[{"href":"https:\/\/www.ccj.ufpb.br\/joaopessoa\/wp-json\/wp\/v2\/pages"}],"about":[{"href":"https:\/\/www.ccj.ufpb.br\/joaopessoa\/wp-json\/wp\/v2\/types\/page"}],"author":[{"embeddable":true,"href":"https:\/\/www.ccj.ufpb.br\/joaopessoa\/wp-json\/wp\/v2\/users\/54"}],"replies":[{"embeddable":true,"href":"https:\/\/www.ccj.ufpb.br\/joaopessoa\/wp-json\/wp\/v2\/comments?post=1762"}],"version-history":[{"count":6,"href":"https:\/\/www.ccj.ufpb.br\/joaopessoa\/wp-json\/wp\/v2\/pages\/1762\/revisions"}],"predecessor-version":[{"id":1790,"href":"https:\/\/www.ccj.ufpb.br\/joaopessoa\/wp-json\/wp\/v2\/pages\/1762\/revisions\/1790"}],"wp:attachment":[{"href":"https:\/\/www.ccj.ufpb.br\/joaopessoa\/wp-json\/wp\/v2\/media?parent=1762"}],"curies":[{"name":"wp","href":"https:\/\/api.w.org\/{rel}","templated":true}]}}