{"id":1483,"date":"2025-10-01T19:17:02","date_gmt":"2025-10-01T19:17:02","guid":{"rendered":"https:\/\/www.ccj.ufpb.br\/joaopessoa\/?page_id=1483"},"modified":"2025-10-01T19:33:09","modified_gmt":"2025-10-01T19:33:09","slug":"atendimento-ao-suporte-e-informatica-administrativo","status":"publish","type":"page","link":"https:\/\/www.ccj.ufpb.br\/joaopessoa\/atendimento-ao-suporte-e-informatica-administrativo\/","title":{"rendered":"Atendimento ao Suporte e Inform\u00e1tica &#8211; Administrativo"},"content":{"rendered":"\n<p>O Setor de Suporte e Inform\u00e1tica do Centro de Ci\u00eancias Jur\u00eddicas (CCJ) \u00e9 respons\u00e1vel por garantir o pleno funcionamento dos recursos tecnol\u00f3gicos da unidade. Suas atribui\u00e7\u00f5es incluem a execu\u00e7\u00e3o de manuten\u00e7\u00f5es preventivas e corretivas em equipamentos de inform\u00e1tica, bem como a an\u00e1lise e identifica\u00e7\u00e3o de arquiteturas de rede, dispositivos de comunica\u00e7\u00e3o e meios f\u00edsicos.<\/p>\n\n\n\n<p>Tamb\u00e9m cabe ao setor a avalia\u00e7\u00e3o da necessidade de atualiza\u00e7\u00e3o tecnol\u00f3gica dos componentes de rede, instala\u00e7\u00e3o de softwares e aplicativos, desenvolvimento de sistemas e scripts em linguagens espec\u00edficas, al\u00e9m da gest\u00e3o de bancos de dados e da manuten\u00e7\u00e3o da p\u00e1gina institucional do CCJ.<\/p>\n\n\n\n<p>O atendimento \u00e9 realizado mediante solicita\u00e7\u00e3o via sistema OTRS <a href=\"http:\/\/otrs.ccj.ufpb.br\/suporte\/\">Sistema de Suporte em Chamado CCJ \u2013 Setores Administrativos<\/a> ou pelo E-mail Eletr\u00f4nico: <strong><a>linjursuporteccj@gmail.com<\/a><\/strong>, abrangendo as unidades do CCJ em Jo\u00e3o Pessoa e Santa Rita.<\/p>\n\n\n\n<p>= &gt; <a href=\"http:\/\/otrs.ccj.ufpb.br\/suporte\/\">Sistema de Suporte em Chamado CCJ \u2013 Setores Administrativos<\/a><\/p>\n","protected":false},"excerpt":{"rendered":"<p>O Setor de Suporte e Inform\u00e1tica do Centro de Ci\u00eancias Jur\u00eddicas (CCJ) \u00e9 respons\u00e1vel por [&hellip;]<\/p>\n","protected":false},"author":54,"featured_media":0,"parent":0,"menu_order":0,"comment_status":"closed","ping_status":"closed","template":"","meta":{"footnotes":""},"class_list":["post-1483","page","type-page","status-publish","hentry"],"_links":{"self":[{"href":"https:\/\/www.ccj.ufpb.br\/joaopessoa\/wp-json\/wp\/v2\/pages\/1483","targetHints":{"allow":["GET"]}}],"collection":[{"href":"https:\/\/www.ccj.ufpb.br\/joaopessoa\/wp-json\/wp\/v2\/pages"}],"about":[{"href":"https:\/\/www.ccj.ufpb.br\/joaopessoa\/wp-json\/wp\/v2\/types\/page"}],"author":[{"embeddable":true,"href":"https:\/\/www.ccj.ufpb.br\/joaopessoa\/wp-json\/wp\/v2\/users\/54"}],"replies":[{"embeddable":true,"href":"https:\/\/www.ccj.ufpb.br\/joaopessoa\/wp-json\/wp\/v2\/comments?post=1483"}],"version-history":[{"count":6,"href":"https:\/\/www.ccj.ufpb.br\/joaopessoa\/wp-json\/wp\/v2\/pages\/1483\/revisions"}],"predecessor-version":[{"id":1496,"href":"https:\/\/www.ccj.ufpb.br\/joaopessoa\/wp-json\/wp\/v2\/pages\/1483\/revisions\/1496"}],"wp:attachment":[{"href":"https:\/\/www.ccj.ufpb.br\/joaopessoa\/wp-json\/wp\/v2\/media?parent=1483"}],"curies":[{"name":"wp","href":"https:\/\/api.w.org\/{rel}","templated":true}]}}