{"id":1257,"date":"2025-09-08T13:58:27","date_gmt":"2025-09-08T13:58:27","guid":{"rendered":"https:\/\/www.ccj.ufpb.br\/joaopessoa\/?page_id=1257"},"modified":"2025-09-09T17:57:20","modified_gmt":"2025-09-09T17:57:20","slug":"processos-seletivos-2","status":"publish","type":"page","link":"https:\/\/www.ccj.ufpb.br\/joaopessoa\/processos-seletivos-2\/","title":{"rendered":"Processos Seletivos"},"content":{"rendered":"\n<p><a href=\"https:\/\/www.ccj.ufpb.br\/joaopessoa\/processo-seletivo-simplificado-para-contratacao-de-professor-substituto-2025\/\" data-type=\"page\" data-id=\"1266\">Processo Seletivo Simplificado para Contrata\u00e7\u00e3o de Professor Substituto &#8211; 2025<\/a><\/p>\n\n\n\n<p><a href=\"https:\/\/www.ccj.ufpb.br\/joaopessoa\/2025\/09\/02\/chamada-publica-para-selecao-de-estagiarios-para-bolsa-estagio-nao-curricular\/\" data-type=\"post\" data-id=\"975\">Processo Seletivo para Estagi\u00e1rios da Procuradoria Jur\u00eddica da UFPB<\/a><\/p>\n\n\n\n<p><\/p>\n","protected":false},"excerpt":{"rendered":"<p>Processo Seletivo Simplificado para Contrata\u00e7\u00e3o de Professor Substituto &#8211; 2025 Processo Seletivo para Estagi\u00e1rios da [&hellip;]<\/p>\n","protected":false},"author":54,"featured_media":0,"parent":0,"menu_order":0,"comment_status":"closed","ping_status":"closed","template":"","meta":{"footnotes":""},"class_list":["post-1257","page","type-page","status-publish","hentry"],"_links":{"self":[{"href":"https:\/\/www.ccj.ufpb.br\/joaopessoa\/wp-json\/wp\/v2\/pages\/1257","targetHints":{"allow":["GET"]}}],"collection":[{"href":"https:\/\/www.ccj.ufpb.br\/joaopessoa\/wp-json\/wp\/v2\/pages"}],"about":[{"href":"https:\/\/www.ccj.ufpb.br\/joaopessoa\/wp-json\/wp\/v2\/types\/page"}],"author":[{"embeddable":true,"href":"https:\/\/www.ccj.ufpb.br\/joaopessoa\/wp-json\/wp\/v2\/users\/54"}],"replies":[{"embeddable":true,"href":"https:\/\/www.ccj.ufpb.br\/joaopessoa\/wp-json\/wp\/v2\/comments?post=1257"}],"version-history":[{"count":3,"href":"https:\/\/www.ccj.ufpb.br\/joaopessoa\/wp-json\/wp\/v2\/pages\/1257\/revisions"}],"predecessor-version":[{"id":1372,"href":"https:\/\/www.ccj.ufpb.br\/joaopessoa\/wp-json\/wp\/v2\/pages\/1257\/revisions\/1372"}],"wp:attachment":[{"href":"https:\/\/www.ccj.ufpb.br\/joaopessoa\/wp-json\/wp\/v2\/media?parent=1257"}],"curies":[{"name":"wp","href":"https:\/\/api.w.org\/{rel}","templated":true}]}}