{"id":76,"date":"2024-11-29T20:04:55","date_gmt":"2024-11-29T20:04:55","guid":{"rendered":"https:\/\/www.ccj.ufpb.br\/cdjp\/?page_id=76"},"modified":"2024-12-18T10:34:54","modified_gmt":"2024-12-18T13:34:54","slug":"trabalho-de-conclusao-de-curso","status":"publish","type":"page","link":"https:\/\/www.ccj.ufpb.br\/cdjp\/area-discente\/trabalho-de-conclusao-de-curso\/","title":{"rendered":"Trabalho de Conclus\u00e3o de Curso"},"content":{"rendered":"\n<p class=\" \">A monografia (Trabalho de Conclus\u00e3o de Curso) \u00e9 uma&nbsp;<strong>atividade obrigat\u00f3ria<\/strong>, que n\u00e3o pode ser aproveitada nem dispensada, conforme a resolu\u00e7\u00e3o n\u00ba 29\/2020 do CONSEPE\/UFPB.&nbsp;No bacharelado em Direito, ao final do&nbsp;&nbsp;9\u00ba e 10\u00ba per\u00edodos,&nbsp;os&nbsp;alunos dever\u00e3o apresentar, respectivamente, o Projeto de Pesquisa e a monografia, esta \u00faltima&nbsp;na disciplina Trabalho de Conclus\u00e3o de Curso.&nbsp; &nbsp;<\/p>\n\n\n\n<p class=\" \">Ademais, ambos dever\u00e3o seguir as normas da ABNT, assim como o Manual para Normaliza\u00e7\u00e3o de Trabalhos Acad\u00eamicos, elaborado pela Biblioteca Setorial do CCJ\/UFPB (a ser publicado e disponibilizado em breve).&nbsp;<\/p>\n\n\n\n<p class=\" \">A Coordena\u00e7\u00e3o de Monografia \u00e9 a unidade respons\u00e1vel pela orienta\u00e7\u00e3o e controle destes trabalhos.<\/p>\n\n\n\n<p><\/p>\n\n\n\n<figure class=\"wp-block-image size-full is-resized\"><a href=\"https:\/\/www.ccj.ufpb.br\/cdjp\/a-coordenacao-de-monografia-tcc-e-a-unidade-do-ccj-responsavel-pela-orientacao-e-controle-dos-trabalhos-ofertando-aos-estudantes-os-seguintes-servicos\/\"><img loading=\"lazy\" decoding=\"async\" width=\"567\" height=\"96\" src=\"https:\/\/www.ccj.ufpb.br\/cdjp\/wp-content\/uploads\/sites\/106\/sites\/242\/2024\/12\/COORDMONOGRAFIA-LOGO-1.jpg\" alt=\"\" class=\"wp-image-333\" style=\"width:711px;height:auto\" srcset=\"https:\/\/www.ccj.ufpb.br\/cdjp\/wp-content\/uploads\/sites\/106\/sites\/242\/2024\/12\/COORDMONOGRAFIA-LOGO-1.jpg 567w, https:\/\/www.ccj.ufpb.br\/cdjp\/wp-content\/uploads\/sites\/106\/sites\/242\/2024\/12\/COORDMONOGRAFIA-LOGO-1-300x51.jpg 300w\" sizes=\"auto, (max-width: 567px) 100vw, 567px\" \/><\/a><\/figure>\n","protected":false},"excerpt":{"rendered":"<p>A monografia (Trabalho de Conclus\u00e3o de Curso) \u00e9 uma&nbsp;atividade obrigat\u00f3ria, que n\u00e3o pode ser aproveitada [&hellip;]<\/p>\n","protected":false},"author":47,"featured_media":0,"parent":49,"menu_order":0,"comment_status":"closed","ping_status":"closed","template":"","meta":{"footnotes":""},"class_list":["post-76","page","type-page","status-publish","hentry"],"_links":{"self":[{"href":"https:\/\/www.ccj.ufpb.br\/cdjp\/wp-json\/wp\/v2\/pages\/76","targetHints":{"allow":["GET"]}}],"collection":[{"href":"https:\/\/www.ccj.ufpb.br\/cdjp\/wp-json\/wp\/v2\/pages"}],"about":[{"href":"https:\/\/www.ccj.ufpb.br\/cdjp\/wp-json\/wp\/v2\/types\/page"}],"author":[{"embeddable":true,"href":"https:\/\/www.ccj.ufpb.br\/cdjp\/wp-json\/wp\/v2\/users\/47"}],"replies":[{"embeddable":true,"href":"https:\/\/www.ccj.ufpb.br\/cdjp\/wp-json\/wp\/v2\/comments?post=76"}],"version-history":[{"count":6,"href":"https:\/\/www.ccj.ufpb.br\/cdjp\/wp-json\/wp\/v2\/pages\/76\/revisions"}],"predecessor-version":[{"id":521,"href":"https:\/\/www.ccj.ufpb.br\/cdjp\/wp-json\/wp\/v2\/pages\/76\/revisions\/521"}],"up":[{"embeddable":true,"href":"https:\/\/www.ccj.ufpb.br\/cdjp\/wp-json\/wp\/v2\/pages\/49"}],"wp:attachment":[{"href":"https:\/\/www.ccj.ufpb.br\/cdjp\/wp-json\/wp\/v2\/media?parent=76"}],"curies":[{"name":"wp","href":"https:\/\/api.w.org\/{rel}","templated":true}]}}