{"id":72,"date":"2024-11-29T20:04:10","date_gmt":"2024-11-29T20:04:10","guid":{"rendered":"https:\/\/www.ccj.ufpb.br\/cdjp\/?page_id=72"},"modified":"2024-12-05T16:30:10","modified_gmt":"2024-12-05T19:30:10","slug":"projetos-de-pesquisa","status":"publish","type":"page","link":"https:\/\/www.ccj.ufpb.br\/cdjp\/area-discente\/projetos-de-pesquisa\/","title":{"rendered":"Projetos de Pesquisa"},"content":{"rendered":"\n<figure class=\"wp-block-table\"><table class=\"has-fixed-layout\"><tbody><tr><td><strong>CONEX\u00d5ES ENTRE O DIREITO INTERNACIONAL E A EDUCA\u00c7\u00c3O SUPERIOR\u2013 Coordenador: ALESSANDRA CORREIA LIMA MACEDO FRANCA<\/strong><\/td><\/tr><tr><td><strong>ALIENA\u00c7\u00c3O PARENTAL E A (IN)CONSTITUCIONALIDADE DO PRINC\u00cdPIO DA CULPABILIDADE PRESUMIDA NAS ACUSA\u00c7\u00d5ES DE ABUSO SEXUAL\u2013 Coordenador:FABIO BEZERRA DOS SANTOS<\/strong><\/td><\/tr><tr><td><strong>AN\u00c1LISE DAS HIP\u00d3TESES DE FEMINIC\u00cdDIO LEVADAS AO TRIBUNAL DO J\u00daRI NA COMARCA DE JO\u00c3O PESSOA: UM ESTUDO DE CASO DA ATUA\u00c7\u00c3O DA DEFENSORIA P\u00daBLICA DA PARA\u00cdBA EM CASOS DE FEMINIC\u00cdDIO PERPETRADOS EM JO\u00c3O PESSOA \u2013PB\u2013 Coordenador:GUSTAVO BARBOSA DE MESQUITA BATISTA<\/strong><\/td><\/tr><tr><td><strong>REFORMA DOS DIREITOS SOCIOLABORAIS: IMPACTOS, RETROCESSOS E DESAFIOS PARA O MUNDO DO TRABALHO \u2013 Coordenador: JAILTON MACENA DE ARA\u00daJO<\/strong><\/td><\/tr><tr><td><strong>PROTE\u00c7\u00c3O E PROMO\u00c7\u00c3O DOS DIREITOS HUMANOS NO BRASIL \u00c0 LUZ DE CASOS EMBLEM\u00c1TICOS DA CORTE REGIONAL INTERAMERICANA: CONTROLE DE CONVENCIONALIDADE E DESAFIOS DE INTEGRA\u00c7\u00c3O NORMATIVA \u2013 Coordenador: LUIS CARLOS DOS SANTOS LIMA SOBRINHO<\/strong><\/td><\/tr><tr><td><strong>OS DESAFIOS DA JUSTI\u00c7A ELEITORAL EM JULGAR O IL\u00cdCITOS DE CAIXA DOIS E OS CRIMES CONEXOS: O IMPACTO MATERIAL, ESTRUTURAL E PROCESSUAL DA DECIS\u00c3O DO SUPREMO TRIBUNAL FEDERAL NO INQU\u00c9RITO 4435 \u2013 Coordenador: MARCELO WEICK POGLIESE<\/strong><\/td><\/tr><tr><td><strong>ASPECTOS JUR\u00cdDICOS DO MUNDO DA ARTE \u2013 Coordenador: MARCILIO TOSCANO FRANCA FILHO<\/strong><\/td><\/tr><tr><td><strong>DIREITO HUMANO \u00c0 ALIMENTA\u00c7\u00c3O ADEQUADA E REGULA\u00c7\u00c3O ESTATAL DE ALIMENTOS NO BRASIL: DO CAMPO E DA IND\u00daSTRIA PARA A MESA, UM OLHAR SOBRE A QUALIDADE DO QUE SE CONSOME \u2013 Coordenadora: MARIA GORETTI DAL BOSCO<\/strong><\/td><\/tr><tr><td><strong>BOAS PR\u00c1TICAS PARA INVESTIGAR O CRIME DO TR\u00c1FICO DE PESSOAS \u2013 Coordenador: SVEN PETERKE<\/strong><\/td><\/tr><\/tbody><\/table><\/figure>\n","protected":false},"excerpt":{"rendered":"<p>CONEX\u00d5ES ENTRE O DIREITO INTERNACIONAL E A EDUCA\u00c7\u00c3O SUPERIOR\u2013 Coordenador: ALESSANDRA CORREIA LIMA MACEDO FRANCA [&hellip;]<\/p>\n","protected":false},"author":47,"featured_media":0,"parent":49,"menu_order":0,"comment_status":"closed","ping_status":"closed","template":"","meta":{"footnotes":""},"class_list":["post-72","page","type-page","status-publish","hentry"],"_links":{"self":[{"href":"https:\/\/www.ccj.ufpb.br\/cdjp\/wp-json\/wp\/v2\/pages\/72","targetHints":{"allow":["GET"]}}],"collection":[{"href":"https:\/\/www.ccj.ufpb.br\/cdjp\/wp-json\/wp\/v2\/pages"}],"about":[{"href":"https:\/\/www.ccj.ufpb.br\/cdjp\/wp-json\/wp\/v2\/types\/page"}],"author":[{"embeddable":true,"href":"https:\/\/www.ccj.ufpb.br\/cdjp\/wp-json\/wp\/v2\/users\/47"}],"replies":[{"embeddable":true,"href":"https:\/\/www.ccj.ufpb.br\/cdjp\/wp-json\/wp\/v2\/comments?post=72"}],"version-history":[{"count":1,"href":"https:\/\/www.ccj.ufpb.br\/cdjp\/wp-json\/wp\/v2\/pages\/72\/revisions"}],"predecessor-version":[{"id":73,"href":"https:\/\/www.ccj.ufpb.br\/cdjp\/wp-json\/wp\/v2\/pages\/72\/revisions\/73"}],"up":[{"embeddable":true,"href":"https:\/\/www.ccj.ufpb.br\/cdjp\/wp-json\/wp\/v2\/pages\/49"}],"wp:attachment":[{"href":"https:\/\/www.ccj.ufpb.br\/cdjp\/wp-json\/wp\/v2\/media?parent=72"}],"curies":[{"name":"wp","href":"https:\/\/api.w.org\/{rel}","templated":true}]}}