{"id":60,"date":"2024-11-29T20:00:12","date_gmt":"2024-11-29T20:00:12","guid":{"rendered":"https:\/\/www.ccj.ufpb.br\/cdjp\/?page_id=60"},"modified":"2024-12-05T16:30:10","modified_gmt":"2024-12-05T19:30:10","slug":"estagio","status":"publish","type":"page","link":"https:\/\/www.ccj.ufpb.br\/cdjp\/area-discente\/estagio\/","title":{"rendered":"Est\u00e1gio"},"content":{"rendered":"\n<p>O est\u00e1gio \u00e9 viv\u00eancia pr\u00e1tica dos conhecimentos adquiridos na sua forma\u00e7\u00e3o acad\u00eamica. A carga hor\u00e1ria do est\u00e1gio ser\u00e1 aproveitada nas Atividades Complementares nas Horas Extracurriculares de acordo com a Resolu\u00e7\u00e3o vigente. Regido pela&nbsp;<strong>Lei n. 11.788\/2008<\/strong>, o est\u00e1gio n\u00e3o obrigat\u00f3rio deve ter carga hor\u00e1ria m\u00e1xima de&nbsp;<strong>6h di\u00e1rias ou 30 horas semanais<\/strong>, ter\u00e1 remunera\u00e7\u00e3o mensal de bolsa est\u00e1gio e f\u00e9rias remuneradas.<\/p>\n\n\n\n<p>H\u00e1 duas modalidades de est\u00e1gio:<\/p>\n\n\n\n<p><strong>Est\u00e1gio Curricular Obrigat\u00f3rio<\/strong>&nbsp;(volunt\u00e1rio) que \u00e9 de responsabilidade da Institui\u00e7\u00e3o de Ensino.<\/p>\n\n\n\n<p><strong>Est\u00e1gio Curricular N\u00e3o-Obrigat\u00f3rio<\/strong>&nbsp;(remunerado) que \u00e9 escolhido livremente pelo discente e s\u00f3 ter\u00e1 validade quando for cadastrado no Sigaa.<\/p>\n\n\n\n<p><strong>COMO CADASTRAR EST\u00c1GIO NO SIGAA:<\/strong><\/p>\n\n\n\n<p><strong>PASSO A PASSO DO DISCENTE PARA CADASTRO DE EST\u00c1GIO N\u00c3O OBRIGAT\u00d3RIO:<\/strong><\/p>\n\n\n\n<p><em>(Regido pela&nbsp;Lei n. 11.788\/2008, o est\u00e1gio n\u00e3o obrigat\u00f3rio deve ter carga hor\u00e1ria m\u00e1xima de&nbsp;6h di\u00e1rias ou 30 horas semanais, ter\u00e1 remunera\u00e7\u00e3o mensal de bolsa est\u00e1gio e f\u00e9rias remuneradas).<\/em><\/p>\n\n\n\n<p><strong>PASSO 1:&nbsp;O Discente dever\u00e1 cadastrar o est\u00e1gio no Sigaa. As instru\u00e7\u00f5es para o cadastro podem ser consultadas em:<\/strong>(<a href=\"http:\/\/www.prg.ufpb.br\/prg\/cem\/estagio\/documentos\/passo-a-passo_discente-04-09-17.pdf\" target=\"_blank\" rel=\"noreferrer noopener\">http:\/\/www.prg.ufpb.br\/prg\/cem\/estagio\/documentos\/passo-a-passo_discente-04-09-17.pdf<\/a>)<\/p>\n\n\n\n<p><strong>PASSO 2:&nbsp;<\/strong>Ap\u00f3s preencher o cadastro no Sigaa, o status do cadastro ficar\u00e1&nbsp;<strong>EM AN\u00c1LISE<\/strong>.<\/p>\n\n\n\n<p>Isso significa que o Discente deve encaminhar para Coordena\u00e7\u00e3o de Gradua\u00e7\u00e3o o TCE \u2013 Termo de Compromisso de Est\u00e1gio para confer\u00eancia das informa\u00e7\u00f5es no Sigaa e assinatura e carimbo da Coordenadora. Caso o Local do Est\u00e1gio n\u00e3o tenha um TCE pr\u00f3prio, o discente deve encaminhar o pedido de assinatura do TCE para a Coordena\u00e7\u00e3o, informando pessoalmente ou por meio de email (<a href=\"mailto:direito.ccj.ufpb@gmail.com\">direito.ccj.ufpb@gmail.com<\/a>). Este procedimento pode ser feito por email direcionado \u00e0 Coordena\u00e7\u00e3o, s\u00f3 ser\u00e3o assinados os TCEs com o devido cadastro no Sigaa.<\/p>\n\n\n\n<p><strong>ATEN\u00c7\u00c3O: N\u00c3O SER\u00c1 ANALISADO O EST\u00c1GIO QUE N\u00c3O FOR SOLICITADO PELO DISCENTE \u00c0 COORDENA\u00c7\u00c3O.<\/strong><\/p>\n\n\n\n<p>Os Est\u00e1gios ser\u00e3o analisados a cada 2 dias \u00fateis em hor\u00e1rio espec\u00edfico determinado pela Coordena\u00e7\u00e3o.<\/p>\n\n\n\n<p><strong>PASSO 3:&nbsp;<\/strong>O Coordenador do Curso ou o Coordenador de Est\u00e1gio (quando houver) assina e carimba o TCE e entrega&nbsp; ao Discente.&nbsp;<\/p>\n\n\n\n<p>O TCE ser\u00e1 analisado, assinado e carimbado caso seja compat\u00edvel com o programa de est\u00e1gio da UFPB.<\/p>\n\n\n\n<p>No Sigaa ser\u00e1 verificado o cadastro de est\u00e1gio. Havendo compatibilidade ele ser\u00e1 aprovado.<\/p>\n\n\n\n<p>O status no Sigaa mudar\u00e1 para&nbsp;<strong>AGUARDANDO ASSINATURA<\/strong><\/p>\n\n\n\n<p><strong>PASSO 4:&nbsp;ATEN\u00c7\u00c3O:&nbsp;<\/strong>Ap\u00f3s colher todas as assinaturas do TCE, o Discente entregar\u00e1 1(uma) via no Local de Est\u00e1gio e ficar\u00e1 com 1(uma) via para ser enviada (via&nbsp;<strong>upload<\/strong>) no Sigaa e guardar\u00e1 esta via para futuras consultas.<\/p>\n\n\n\n<p><strong>Nenhuma via impressa ficar\u00e1 na Coordena\u00e7\u00e3o.<\/strong><\/p>\n\n\n\n<p><strong>ATEN\u00c7\u00c3O: SOMENTE AP\u00d3S REALIZAR O UPLOAD DO TERMO DE COMPROMISSO DE EST\u00c1GIO ASSINADO NO SIGAA O SEU EST\u00c1GIO TORNA-SE-\u00c1 ATIVO. Fique atento, h\u00e1 prazo para realizar o upload no Sigaa.<\/strong><\/p>\n\n\n\n<p><strong>SOMENTE COM O EST\u00c1GIO ATIVO O DISCENTE PODER\u00c1 REALIZAR OS RELAT\u00d3RIOS NO SIGAA E POSTERIORMENTE SOLICITAR PRORROGA\u00c7\u00c3O DO EST\u00c1GIO OU O CERTIFICADO DE CONCLUS\u00c3O AP\u00d3S O SEU T\u00c9RMINO.<\/strong><\/p>\n\n\n\n<p>O professor orientador de est\u00e1gio deve ser o Coordenador de Curso ou de Est\u00e1gio .<\/p>\n\n\n\n<p>&nbsp;<strong>PRORROGA\u00c7\u00c3O DE EST\u00c1GIO:<\/strong><\/p>\n\n\n\n<p>Para prorrogar o Est\u00e1gio o discente deve solicitar \u00e0 Coordena\u00e7\u00e3o a Prorroga\u00e7\u00e3o no Sigaa, mas, aten\u00e7\u00e3o, esta prorroga\u00e7\u00e3o s\u00f3 pode ocorrer no per\u00edodo que o est\u00e1gio estiver ativo. Fique atento ao prazo final de seu Est\u00e1gio.<\/p>\n\n\n\n<p><strong>RELAT\u00d3RIO FINAL E&nbsp;<\/strong><strong>CERTIFICADO DE EST\u00c1GIO:<\/strong><\/p>\n\n\n\n<p>Ap\u00f3s o t\u00e9rmino do est\u00e1gio, o discente deve preencher o relat\u00f3rio final. Ap\u00f3s a aprova\u00e7\u00e3o do relat\u00f3rio final pelo professor orientador, o est\u00e1gio ter\u00e1 liberado o seu respectivo Certificado.<\/p>\n\n\n\n<p>Para fins de Atividades Complementares ser\u00e1 exigido o Certificado de Est\u00e1gio emitido pelo Sigaa.&nbsp;<\/p>\n\n\n\n<p><strong>CANCELAMENTO DE EST\u00c1GIO:<\/strong><\/p>\n\n\n\n<p>Antes do prazo final do est\u00e1gio, o discente pode solicitar o cancelamento do est\u00e1gio. O cancelamento p\u00f5e fim ao est\u00e1gio. Para que o cancelamento seja efetuado \u00e9 necess\u00e1rio a valida\u00e7\u00e3o do Coordenador que ir\u00e1 confirmar o cancelamento com o upload do Termo de Cancelamento (expedido pelo concedente do est\u00e1gio ou pelo Sigaa).<\/p>\n\n\n\n<p>Para Cancelar o Est\u00e1gio, entre em contato com a Coordena\u00e7\u00e3o de Curso (direito.ccj.ufpb@gmail.com)<\/p>\n\n\n\n<p>Ap\u00f3s a confirma\u00e7\u00e3o do cancelamento, o discente deve preencher o relat\u00f3rio final para ter acesso ao certificado de est\u00e1gio.&nbsp;<\/p>\n","protected":false},"excerpt":{"rendered":"<p>O est\u00e1gio \u00e9 viv\u00eancia pr\u00e1tica dos conhecimentos adquiridos na sua forma\u00e7\u00e3o acad\u00eamica. A carga hor\u00e1ria [&hellip;]<\/p>\n","protected":false},"author":47,"featured_media":0,"parent":49,"menu_order":0,"comment_status":"closed","ping_status":"closed","template":"","meta":{"footnotes":""},"class_list":["post-60","page","type-page","status-publish","hentry"],"_links":{"self":[{"href":"https:\/\/www.ccj.ufpb.br\/cdjp\/wp-json\/wp\/v2\/pages\/60","targetHints":{"allow":["GET"]}}],"collection":[{"href":"https:\/\/www.ccj.ufpb.br\/cdjp\/wp-json\/wp\/v2\/pages"}],"about":[{"href":"https:\/\/www.ccj.ufpb.br\/cdjp\/wp-json\/wp\/v2\/types\/page"}],"author":[{"embeddable":true,"href":"https:\/\/www.ccj.ufpb.br\/cdjp\/wp-json\/wp\/v2\/users\/47"}],"replies":[{"embeddable":true,"href":"https:\/\/www.ccj.ufpb.br\/cdjp\/wp-json\/wp\/v2\/comments?post=60"}],"version-history":[{"count":1,"href":"https:\/\/www.ccj.ufpb.br\/cdjp\/wp-json\/wp\/v2\/pages\/60\/revisions"}],"predecessor-version":[{"id":61,"href":"https:\/\/www.ccj.ufpb.br\/cdjp\/wp-json\/wp\/v2\/pages\/60\/revisions\/61"}],"up":[{"embeddable":true,"href":"https:\/\/www.ccj.ufpb.br\/cdjp\/wp-json\/wp\/v2\/pages\/49"}],"wp:attachment":[{"href":"https:\/\/www.ccj.ufpb.br\/cdjp\/wp-json\/wp\/v2\/media?parent=60"}],"curies":[{"name":"wp","href":"https:\/\/api.w.org\/{rel}","templated":true}]}}