{"id":51,"date":"2024-11-29T19:54:32","date_gmt":"2024-11-29T19:54:32","guid":{"rendered":"https:\/\/www.ccj.ufpb.br\/cdjp\/?page_id=51"},"modified":"2024-12-05T16:30:10","modified_gmt":"2024-12-05T19:30:10","slug":"assessorias","status":"publish","type":"page","link":"https:\/\/www.ccj.ufpb.br\/cdjp\/assessorias\/","title":{"rendered":"Assessorias\u00a0"},"content":{"rendered":"\n<p>EST\u00c1GIO &#8211; MONITORIA &#8211; CONV\u00caNIO<\/p>\n\n\n\n<p><strong>1- ASSESSORIA DE EST\u00c1GIO<\/strong><\/p>\n\n\n\n<p class=\" \"><strong>Assessora \u00e0 Dire\u00e7\u00e3o do Centro em assuntos relacionados \u00e0 &nbsp;est\u00e1gio em todos os seus aspectos. O assessor de est\u00e1gio coordena as a\u00e7\u00f5es do centro relacionadas a estes dois temas, entendendo&nbsp;monitoria&nbsp;como&nbsp; atividade endodisciplinar que n\u00e3o extrapola o n\u00facleo essencial da disciplina, otimizando a rela\u00e7\u00e3o do corpo discente com o professor-supervisor e&nbsp;est\u00e1gio&nbsp;como atividade exodisciplinar, em regra, desenvolvida fora do ambiente escolar, mantendo sempre o car\u00e1ter pedag\u00f3gico no preparo para o mercado de trabalho.<\/strong><\/p>\n\n\n\n<p class=\" \">\u00a0<strong>Assessoria de Est\u00e1gio<\/strong><\/p>\n\n\n\n<p class=\" \"><strong>Fernanda Vasconcelos<\/strong><\/p>\n\n\n\n<p class=\" \"><strong>fernandahvbpb@hotmail.com<\/strong><\/p>\n\n\n\n<p><strong>&nbsp;2- ASSESSORIA DE MONITORIA<\/strong><\/p>\n\n\n\n<p class=\" \"><strong>I \u2013 Otimizar os projetos de est\u00e1gio no \u00e2mbito do Centro de maneira a garantir que as atividades estejam dentro das necessidades essenciais das disciplinas ministradas pelos Cursos oferecidos pelo CCJ;<\/strong><\/p>\n\n\n\n<p class=\" \"><strong>II \u2013 Acompanhar os discentes em est\u00e1gio atrav\u00e9s de acompanhamento dos relat\u00f3rios de est\u00e1gio e monitorias, devendo ser elaborados e apresentados trimestralmente pelos discentes aos seus professores supervisores\/orientadores, visando evitar desvirtuamentos das<\/strong><\/p>\n\n\n\n<p class=\" \"><strong>fun\u00e7\u00f5es do est\u00e1gio e da monitoria;<\/strong><\/p>\n\n\n\n<p class=\" \"><strong>III \u2013 Orientar professores supervisores e monitores visando \u00e0 adequa\u00e7\u00e3o das necessidades acad\u00eamicas do professor-supervisor e dos discentes;<\/strong><\/p>\n\n\n\n<p class=\" \"><strong>IV \u2013 Propor a Dire\u00e7\u00e3o de Centro a celebra\u00e7\u00e3o de conv\u00eanios, e atualiza\u00e7\u00f5es destes, com Institui\u00e7\u00f5es, Empresas, entes da Administra\u00e7\u00e3o e demais \u00f3rg\u00e3os p\u00fablicos, bem como Escrit\u00f3rios de Advocacia, para facilita\u00e7\u00e3o do acesso dos discentes aos est\u00e1gios, nos termos<\/strong><\/p>\n\n\n\n<p class=\" \"><strong>definidos pela legisla\u00e7\u00e3o pertinente a mat\u00e9ria.<\/strong><\/p>\n\n\n\n<p class=\" \"><strong>V \u2013 Verificar e acompanhar os est\u00e1gios celebrados com os Escrit\u00f3rios de Advocacia conveniados, atrav\u00e9s de relat\u00f3rios do(s) respons\u00e1vel(eis) pelo escrit\u00f3rio e o estagi\u00e1rio, anualmente, ou enquanto durar o per\u00edodo de est\u00e1gio estabelecido.<\/strong><\/p>\n\n\n\n<p class=\" \"><strong>Assessoria Monitoria&nbsp;<\/strong><\/p>\n\n\n\n<p class=\" \"><strong>Fernando Joaquim Ferreira Maia<\/strong><\/p>\n\n\n\n<p><strong>assessoriademonitoria@ccj.ufpb.br<\/strong><\/p>\n\n\n\n<p><strong>3 &#8211; ASSESSORIA DE CONV\u00caNIO<\/strong><\/p>\n\n\n\n<p><strong>I \u2013 Elaborar e acompanhar a execu\u00e7\u00e3o dos conv\u00eanios, acordos, contratos e termos de coopera\u00e7\u00e3o firmados pelo Centro de Ci\u00eancias Jur\u00eddicas;<\/strong><\/p>\n\n\n\n<p><strong>III \u2013 Informar a Dire\u00e7\u00e3o do Centro o cumprimento, descumprimento ou desvirtuamentos na execu\u00e7\u00e3o de conv\u00eanios, acordos, contratos e termos de coopera\u00e7\u00e3o firmados pelo Centro de Ci\u00eancias Jur\u00eddicas;<\/strong><\/p>\n\n\n\n<p><strong>IV \u2013 Manter contato com os setores da UFPB respons\u00e1veis por Acordos e Conv\u00eanios para fins de obter informa\u00e7\u00f5es e orientar os membros do Centro de Ci\u00eancias Jur\u00eddicas em rela\u00e7\u00e3o aos encaminhamentos a ser dados na formaliza\u00e7\u00e3o, execu\u00e7\u00e3o e cumprimento dos&nbsp;conv\u00eanios, acordos, contratos e termos de coopera\u00e7\u00e3o firmados pelo CCJ\/UFPB.<\/strong><\/p>\n\n\n\n<p><strong>&nbsp;Assessoria de Conv\u00eanios<\/strong><\/p>\n\n\n\n<p class=\" \"><strong>Cl\u00f3vis Marinho de Barros Falc\u00e3o<\/strong><\/p>\n\n\n\n<p class=\" \"><strong>assconvenios@ccj.ufpb.br<\/strong><\/p>\n","protected":false},"excerpt":{"rendered":"<p>EST\u00c1GIO &#8211; MONITORIA &#8211; CONV\u00caNIO 1- ASSESSORIA DE EST\u00c1GIO Assessora \u00e0 Dire\u00e7\u00e3o do Centro em [&hellip;]<\/p>\n","protected":false},"author":47,"featured_media":0,"parent":0,"menu_order":0,"comment_status":"closed","ping_status":"closed","template":"","meta":{"footnotes":""},"class_list":["post-51","page","type-page","status-publish","hentry"],"_links":{"self":[{"href":"https:\/\/www.ccj.ufpb.br\/cdjp\/wp-json\/wp\/v2\/pages\/51","targetHints":{"allow":["GET"]}}],"collection":[{"href":"https:\/\/www.ccj.ufpb.br\/cdjp\/wp-json\/wp\/v2\/pages"}],"about":[{"href":"https:\/\/www.ccj.ufpb.br\/cdjp\/wp-json\/wp\/v2\/types\/page"}],"author":[{"embeddable":true,"href":"https:\/\/www.ccj.ufpb.br\/cdjp\/wp-json\/wp\/v2\/users\/47"}],"replies":[{"embeddable":true,"href":"https:\/\/www.ccj.ufpb.br\/cdjp\/wp-json\/wp\/v2\/comments?post=51"}],"version-history":[{"count":2,"href":"https:\/\/www.ccj.ufpb.br\/cdjp\/wp-json\/wp\/v2\/pages\/51\/revisions"}],"predecessor-version":[{"id":131,"href":"https:\/\/www.ccj.ufpb.br\/cdjp\/wp-json\/wp\/v2\/pages\/51\/revisions\/131"}],"wp:attachment":[{"href":"https:\/\/www.ccj.ufpb.br\/cdjp\/wp-json\/wp\/v2\/media?parent=51"}],"curies":[{"name":"wp","href":"https:\/\/api.w.org\/{rel}","templated":true}]}}