{"id":49,"date":"2024-11-29T19:53:48","date_gmt":"2024-11-29T19:53:48","guid":{"rendered":"https:\/\/www.ccj.ufpb.br\/cdjp\/?page_id=49"},"modified":"2025-10-29T12:37:15","modified_gmt":"2025-10-29T15:37:15","slug":"area-discente","status":"publish","type":"page","link":"https:\/\/www.ccj.ufpb.br\/cdjp\/area-discente\/","title":{"rendered":"\u00c1rea Discente"},"content":{"rendered":"\n<div class=\"wp-block-file\"><a id=\"wp-block-file--media-947f4d5d-a134-4099-a5d1-26adca018947\" href=\"https:\/\/www.ccj.ufpb.br\/cdjp\/wp-content\/uploads\/sites\/106\/sites\/242\/2024\/12\/ABONO-DE-FALTA.pdf\">Abono de Faltas<\/a><a href=\"https:\/\/www.ccj.ufpb.br\/cdjp\/wp-content\/uploads\/sites\/106\/sites\/242\/2024\/12\/ABONO-DE-FALTA.pdf\" class=\"wp-block-file__button wp-element-button\" download aria-describedby=\"wp-block-file--media-947f4d5d-a134-4099-a5d1-26adca018947\">Baixar<\/a><\/div>\n\n\n\n<div class=\"wp-block-file\"><a id=\"wp-block-file--media-d3c0c283-b272-428f-9841-889d6667cd08\" href=\"https:\/\/www.ccj.ufpb.br\/cdjp\/wp-content\/uploads\/sites\/106\/sites\/242\/2024\/12\/ALUNO-ESPECIAL.pdf\">Aluno Especial<\/a><a href=\"https:\/\/www.ccj.ufpb.br\/cdjp\/wp-content\/uploads\/sites\/106\/sites\/242\/2024\/12\/ALUNO-ESPECIAL.pdf\" class=\"wp-block-file__button wp-element-button\" download aria-describedby=\"wp-block-file--media-d3c0c283-b272-428f-9841-889d6667cd08\">Baixar<\/a><\/div>\n\n\n\n<div class=\"wp-block-file\"><a id=\"wp-block-file--media-2f53c34d-4480-4293-b19a-92ac1708f427\" href=\"https:\/\/www.ccj.ufpb.br\/cdjp\/wp-content\/uploads\/sites\/106\/sites\/242\/2024\/12\/APROVEITAMENTO-DE-ESTUDOS.pdf\">Aproveitamento de Estudos\/Disciplinas<\/a><a href=\"https:\/\/www.ccj.ufpb.br\/cdjp\/wp-content\/uploads\/sites\/106\/sites\/242\/2024\/12\/APROVEITAMENTO-DE-ESTUDOS.pdf\" class=\"wp-block-file__button wp-element-button\" download aria-describedby=\"wp-block-file--media-2f53c34d-4480-4293-b19a-92ac1708f427\">Baixar<\/a><\/div>\n\n\n\n<div class=\"wp-block-file\"><a id=\"wp-block-file--media-39019a4a-041c-4245-8ff9-a52975a757a6\" href=\"https:\/\/www.ccj.ufpb.br\/cdjp\/wp-content\/uploads\/sites\/106\/sites\/242\/2024\/12\/APROVEITAMENTO-DE-ATIVIDADES-COMPLEMENTARES.pdf\"><strong>Aproveitamento de Atividades Complementares\/ Componentes Curriculares Flex\u00edveis<\/strong>S<\/a><a href=\"https:\/\/www.ccj.ufpb.br\/cdjp\/wp-content\/uploads\/sites\/106\/sites\/242\/2024\/12\/APROVEITAMENTO-DE-ATIVIDADES-COMPLEMENTARES.pdf\" class=\"wp-block-file__button wp-element-button\" download aria-describedby=\"wp-block-file--media-39019a4a-041c-4245-8ff9-a52975a757a6\">Baixar<\/a><\/div>\n\n\n\n<div class=\"wp-block-file\"><a id=\"wp-block-file--media-4be0fb13-8041-48bf-8401-1375e28f1c00\" href=\"https:\/\/www.ccj.ufpb.br\/cdjp\/wp-content\/uploads\/sites\/106\/sites\/242\/2024\/12\/Calendario-Academico-2024.2.pdf\">Calend\u00e1rio Acad\u00eamico 2024.2<\/a><a href=\"https:\/\/www.ccj.ufpb.br\/cdjp\/wp-content\/uploads\/sites\/106\/sites\/242\/2024\/12\/Calendario-Academico-2024.2.pdf\" class=\"wp-block-file__button wp-element-button\" download aria-describedby=\"wp-block-file--media-4be0fb13-8041-48bf-8401-1375e28f1c00\">Baixar<\/a><\/div>\n\n\n\n<div class=\"wp-block-file\"><a id=\"wp-block-file--media-f58a549c-c283-49c0-be83-7cc67c1e2486\" href=\"https:\/\/www.ccj.ufpb.br\/cdjp\/wp-content\/uploads\/sites\/106\/sites\/242\/2024\/12\/calendario-administrativo-presencial-2024-2-atualizado-em-10-07-2024-4.pdf\">Calend\u00e1rio Administrativo 2024.2<\/a><a href=\"https:\/\/www.ccj.ufpb.br\/cdjp\/wp-content\/uploads\/sites\/106\/sites\/242\/2024\/12\/calendario-administrativo-presencial-2024-2-atualizado-em-10-07-2024-4.pdf\" class=\"wp-block-file__button wp-element-button\" download aria-describedby=\"wp-block-file--media-f58a549c-c283-49c0-be83-7cc67c1e2486\">Baixar<\/a><\/div>\n\n\n\n<div class=\"wp-block-file\"><a id=\"wp-block-file--media-8ae3b7b8-1981-486f-bea7-9798eacad644\" href=\"https:\/\/www.ccj.ufpb.br\/cdjp\/wp-content\/uploads\/sites\/106\/sites\/242\/2024\/12\/Colacao-de-Grau.pdf\">Cola\u00e7\u00e3o de Grau<\/a><a href=\"https:\/\/www.ccj.ufpb.br\/cdjp\/wp-content\/uploads\/sites\/106\/sites\/242\/2024\/12\/Colacao-de-Grau.pdf\" class=\"wp-block-file__button wp-element-button\" download aria-describedby=\"wp-block-file--media-8ae3b7b8-1981-486f-bea7-9798eacad644\">Baixar<\/a><\/div>\n\n\n\n<div class=\"wp-block-file\"><a id=\"wp-block-file--media-256c7e44-50ee-4bd4-8fb8-055a70cc089d\" href=\"https:\/\/www.ccj.ufpb.br\/cdjp\/wp-content\/uploads\/sites\/106\/sites\/242\/2024\/12\/DISPENSA-DE-ESTUDOS_DISCIPLINAS-CURSADAS-UFPB.pdf\">Dispensa de Estudos Disciplinas Cursadas UFPB<\/a><a href=\"https:\/\/www.ccj.ufpb.br\/cdjp\/wp-content\/uploads\/sites\/106\/sites\/242\/2024\/12\/DISPENSA-DE-ESTUDOS_DISCIPLINAS-CURSADAS-UFPB.pdf\" class=\"wp-block-file__button wp-element-button\" download aria-describedby=\"wp-block-file--media-256c7e44-50ee-4bd4-8fb8-055a70cc089d\">Baixar<\/a><\/div>\n\n\n\n<div class=\"wp-block-file\"><a id=\"wp-block-file--media-9c1f6516-62c8-4491-b116-ce2d55e5f7c3\" href=\"https:\/\/www.ccj.ufpb.br\/cdjp\/wp-content\/uploads\/sites\/106\/sites\/242\/2024\/12\/APROVEITAMENTO-DE-ESTUDOS1.pdf\">Aproveitamento de Estudos\/Disciplinas<\/a><a href=\"https:\/\/www.ccj.ufpb.br\/cdjp\/wp-content\/uploads\/sites\/106\/sites\/242\/2024\/12\/APROVEITAMENTO-DE-ESTUDOS1.pdf\" class=\"wp-block-file__button wp-element-button\" download aria-describedby=\"wp-block-file--media-9c1f6516-62c8-4491-b116-ce2d55e5f7c3\">Baixar<\/a><\/div>\n\n\n\n<div class=\"wp-block-file\"><a id=\"wp-block-file--media-59e9afc0-71f8-4cd4-abb4-78e2bd33f7e3\" href=\"https:\/\/www.ccj.ufpb.br\/cdjp\/wp-content\/uploads\/sites\/106\/sites\/242\/2024\/12\/EmaiInstitucional.pdf\">Email Institucional<\/a><a href=\"https:\/\/www.ccj.ufpb.br\/cdjp\/wp-content\/uploads\/sites\/106\/sites\/242\/2024\/12\/EmaiInstitucional.pdf\" class=\"wp-block-file__button wp-element-button\" download aria-describedby=\"wp-block-file--media-59e9afc0-71f8-4cd4-abb4-78e2bd33f7e3\">Baixar<\/a><\/div>\n\n\n\n<div class=\"wp-block-file\"><a id=\"wp-block-file--media-c9390b7b-295e-4ea8-a7d8-8641a7513061\" href=\"https:\/\/www.ccj.ufpb.br\/cdjp\/wp-content\/uploads\/sites\/106\/sites\/242\/2024\/12\/Estagio.pdf\">Est\u00e1gio<\/a><a href=\"https:\/\/www.ccj.ufpb.br\/cdjp\/wp-content\/uploads\/sites\/106\/sites\/242\/2024\/12\/Estagio.pdf\" class=\"wp-block-file__button wp-element-button\" download aria-describedby=\"wp-block-file--media-c9390b7b-295e-4ea8-a7d8-8641a7513061\">Baixar<\/a><\/div>\n\n\n\n<div class=\"wp-block-file\"><a id=\"wp-block-file--media-bf3abc55-3cc1-4341-bb50-cac2e2300d52\" href=\"https:\/\/www.ccj.ufpb.br\/cdjp\/wp-content\/uploads\/sites\/106\/sites\/242\/2024\/12\/requerimento-de-1a-via-de-diploma.pdf\">Requerimento de Diploma<\/a><a href=\"https:\/\/www.ccj.ufpb.br\/cdjp\/wp-content\/uploads\/sites\/106\/sites\/242\/2024\/12\/requerimento-de-1a-via-de-diploma.pdf\" class=\"wp-block-file__button wp-element-button\" download aria-describedby=\"wp-block-file--media-bf3abc55-3cc1-4341-bb50-cac2e2300d52\">Baixar<\/a><\/div>\n\n\n\n<div class=\"wp-block-file\"><a id=\"wp-block-file--media-5739b932-62d2-4366-8d63-5a1b3513f84f\" href=\"https:\/\/www.ccj.ufpb.br\/cdjp\/wp-content\/uploads\/sites\/106\/sites\/242\/2024\/12\/relatorio-laurea-academica-2024-1-1.pdf\">Relat\u00f3rio L\u00e1urea Acad\u00eamica 2024.1<\/a><a href=\"https:\/\/www.ccj.ufpb.br\/cdjp\/wp-content\/uploads\/sites\/106\/sites\/242\/2024\/12\/relatorio-laurea-academica-2024-1-1.pdf\" class=\"wp-block-file__button wp-element-button\" download aria-describedby=\"wp-block-file--media-5739b932-62d2-4366-8d63-5a1b3513f84f\">Baixar<\/a><\/div>\n\n\n\n<div class=\"wp-block-file\"><a id=\"wp-block-file--media-c8dab118-24c6-42a9-8c57-a8097aaff9f8\" href=\"https:\/\/www.ccj.ufpb.br\/cdjp\/wp-content\/uploads\/sites\/106\/sites\/242\/2025\/10\/Laurea-2025.1-1.pdf\">Relat\u00f3rio L\u00e1urea Acad\u00eamica 2025.1 <\/a><a href=\"https:\/\/www.ccj.ufpb.br\/cdjp\/wp-content\/uploads\/sites\/106\/sites\/242\/2025\/10\/Laurea-2025.1-1.pdf\" class=\"wp-block-file__button wp-element-button\" download aria-describedby=\"wp-block-file--media-c8dab118-24c6-42a9-8c57-a8097aaff9f8\">Baixar<\/a><\/div>\n\n\n\n<div class=\"wp-block-file\"><a id=\"wp-block-file--media-cafbaaf1-2023-49e1-ae77-24b7b9afca3b\" href=\"https:\/\/www.ccj.ufpb.br\/cdjp\/wp-content\/uploads\/sites\/106\/sites\/242\/2024\/12\/Mobilidade-Academica-Internacional.pdf\">Mobilidade Acad\u00eamica Internacional<\/a><a href=\"https:\/\/www.ccj.ufpb.br\/cdjp\/wp-content\/uploads\/sites\/106\/sites\/242\/2024\/12\/Mobilidade-Academica-Internacional.pdf\" class=\"wp-block-file__button wp-element-button\" download aria-describedby=\"wp-block-file--media-cafbaaf1-2023-49e1-ae77-24b7b9afca3b\">Baixar<\/a><\/div>\n\n\n\n<div class=\"wp-block-file\"><a id=\"wp-block-file--media-a9bba80b-6f0d-43dd-8eaa-f539618078fc\" href=\"https:\/\/www.ccj.ufpb.br\/cdjp\/wp-content\/uploads\/sites\/106\/sites\/242\/2024\/12\/RELACAO-DE-PERIODICOS-ON-LINE.pdf\">Rela\u00e7\u00e3o de Per\u00edodicos on line<\/a><a href=\"https:\/\/www.ccj.ufpb.br\/cdjp\/wp-content\/uploads\/sites\/106\/sites\/242\/2024\/12\/RELACAO-DE-PERIODICOS-ON-LINE.pdf\" class=\"wp-block-file__button wp-element-button\" download aria-describedby=\"wp-block-file--media-a9bba80b-6f0d-43dd-8eaa-f539618078fc\">Baixar<\/a><\/div>\n\n\n\n<p><strong><a href=\"http:\/\/ufpb.br\/prape\" data-type=\"link\" data-id=\"ufpb.br\/prape\">Aux\u00edlios Estudantis<\/a><\/strong><\/p>\n\n\n\n<p><strong><a href=\"http:\/\/prg.ufpb.br\/prg\/codesc\" data-type=\"link\" data-id=\"prg.ufpb.br\/prg\/codesc\">Ingresso de Graduados<\/a><\/strong><\/p>\n\n\n\n<p><strong><a href=\"https:\/\/www.ccj.ufpb.br\/cdjp\/area-discente\/horarios\/\" data-type=\"page\" data-id=\"62\">Matr\u00edcula<\/a><\/strong><\/p>\n\n\n\n<p><strong><a href=\"http:\/\/www.prg.ufpb.br\/prg\/codesc\/processos-seletivos\/noticias\/processo-seletivo-para-transferencia-voluntaria-pstv-2013-2020.1\" target=\"_blank\" rel=\"noreferrer noopener\">Transfer\u00eancia Volunt\u00e1ria<\/a><\/strong><\/p>\n\n\n\n<p><strong>Mobilidade Acad\u00eamica Nacional<\/strong><\/p>\n\n\n\n<p><strong>Matr\u00edcula Extraordin\u00e1ria<\/strong><\/p>\n\n\n\n<p><strong>Nome Social<\/strong><\/p>\n\n\n\n<p><strong>Prazo de Conclus\u00e3o<\/strong><\/p>\n\n\n\n<p><strong>Reigresso<\/strong><\/p>\n\n\n\n<p><strong>Regime de Exerc\u00edcios Domiciliares<\/strong><\/p>\n\n\n\n<p><strong>Rematr\u00edcula<\/strong><\/p>\n\n\n\n<p><strong>Reposi\u00e7\u00e3o de Atividades Acad\u00eamica<\/strong><\/p>\n\n\n\n<p><strong>Revis\u00e3o de Notas Atribu\u00eddas<\/strong><\/p>\n\n\n\n<p><strong>SISU<\/strong><\/p>\n\n\n\n<p><strong>Trabalho de Conclus\u00e3o de Curso<\/strong><\/p>\n\n\n\n<p><strong>Trancamento<\/strong><\/p>\n\n\n\n<p><\/p>\n","protected":false},"excerpt":{"rendered":"<p>Aux\u00edlios Estudantis Ingresso de Graduados Matr\u00edcula Transfer\u00eancia Volunt\u00e1ria Mobilidade Acad\u00eamica Nacional Matr\u00edcula Extraordin\u00e1ria Nome Social [&hellip;]<\/p>\n","protected":false},"author":47,"featured_media":0,"parent":0,"menu_order":0,"comment_status":"closed","ping_status":"closed","template":"","meta":{"footnotes":""},"class_list":["post-49","page","type-page","status-publish","hentry"],"_links":{"self":[{"href":"https:\/\/www.ccj.ufpb.br\/cdjp\/wp-json\/wp\/v2\/pages\/49","targetHints":{"allow":["GET"]}}],"collection":[{"href":"https:\/\/www.ccj.ufpb.br\/cdjp\/wp-json\/wp\/v2\/pages"}],"about":[{"href":"https:\/\/www.ccj.ufpb.br\/cdjp\/wp-json\/wp\/v2\/types\/page"}],"author":[{"embeddable":true,"href":"https:\/\/www.ccj.ufpb.br\/cdjp\/wp-json\/wp\/v2\/users\/47"}],"replies":[{"embeddable":true,"href":"https:\/\/www.ccj.ufpb.br\/cdjp\/wp-json\/wp\/v2\/comments?post=49"}],"version-history":[{"count":20,"href":"https:\/\/www.ccj.ufpb.br\/cdjp\/wp-json\/wp\/v2\/pages\/49\/revisions"}],"predecessor-version":[{"id":746,"href":"https:\/\/www.ccj.ufpb.br\/cdjp\/wp-json\/wp\/v2\/pages\/49\/revisions\/746"}],"wp:attachment":[{"href":"https:\/\/www.ccj.ufpb.br\/cdjp\/wp-json\/wp\/v2\/media?parent=49"}],"curies":[{"name":"wp","href":"https:\/\/api.w.org\/{rel}","templated":true}]}}