{"id":311,"date":"2024-12-05T10:13:04","date_gmt":"2024-12-05T13:13:04","guid":{"rendered":"https:\/\/www.ccj.ufpb.br\/cdjp\/?page_id=311"},"modified":"2024-12-05T10:13:04","modified_gmt":"2024-12-05T13:13:04","slug":"expediente","status":"publish","type":"page","link":"https:\/\/www.ccj.ufpb.br\/cdjp\/expediente\/","title":{"rendered":"Expediente"},"content":{"rendered":"\n<p><strong>Coordenadora<\/strong><br>Giorggia Petrucce e Silva Abrantes<a href=\"http:\/\/buscatextual.cnpq.br\/buscatextual\/visualizacv.do?id=K4239714Y7\" target=\"_blank\" rel=\"noreferrer noopener\"><\/a><\/p>\n\n\n\n<p><strong>Vice-coordenador\u00a0<\/strong><br>Lu\u00eds Carlos dos Santos Lima Sobrinho<\/p>\n\n\n\n<p><strong>Endere\u00e7os Eletr\u00f4nicos:\u00a0<\/strong><br><a href=\"mailto:direito.ccj.ufpb@gmail.com\" target=\"_blank\" rel=\"noreferrer noopener\">direito.ccj.ufpb@gmail.com<br>direito@ccj.ufpb.br<\/a>\u00a0<\/p>\n\n\n\n<p><strong>Servidores T\u00e9cnico-Administrativos:<\/strong><br>Caroline Pereira Sit\u00f4nio Anschau<br>Jos\u00e9 Carlos de Brito<br>Kelma Rita Eloi Ramalho<br>Thiago Fernandes L\u00facio<\/p>\n\n\n\n<p>Contato: 3216-7626&nbsp;<\/p>\n","protected":false},"excerpt":{"rendered":"<p>CoordenadoraGiorggia Petrucce e Silva Abrantes Vice-coordenador\u00a0Lu\u00eds Carlos dos Santos Lima Sobrinho Endere\u00e7os Eletr\u00f4nicos:\u00a0direito.ccj.ufpb@gmail.comdireito@ccj.ufpb.br\u00a0 Servidores T\u00e9cnico-Administrativos:Caroline [&hellip;]<\/p>\n","protected":false},"author":54,"featured_media":0,"parent":0,"menu_order":0,"comment_status":"closed","ping_status":"closed","template":"","meta":{"footnotes":""},"class_list":["post-311","page","type-page","status-publish","hentry"],"_links":{"self":[{"href":"https:\/\/www.ccj.ufpb.br\/cdjp\/wp-json\/wp\/v2\/pages\/311","targetHints":{"allow":["GET"]}}],"collection":[{"href":"https:\/\/www.ccj.ufpb.br\/cdjp\/wp-json\/wp\/v2\/pages"}],"about":[{"href":"https:\/\/www.ccj.ufpb.br\/cdjp\/wp-json\/wp\/v2\/types\/page"}],"author":[{"embeddable":true,"href":"https:\/\/www.ccj.ufpb.br\/cdjp\/wp-json\/wp\/v2\/users\/54"}],"replies":[{"embeddable":true,"href":"https:\/\/www.ccj.ufpb.br\/cdjp\/wp-json\/wp\/v2\/comments?post=311"}],"version-history":[{"count":1,"href":"https:\/\/www.ccj.ufpb.br\/cdjp\/wp-json\/wp\/v2\/pages\/311\/revisions"}],"predecessor-version":[{"id":312,"href":"https:\/\/www.ccj.ufpb.br\/cdjp\/wp-json\/wp\/v2\/pages\/311\/revisions\/312"}],"wp:attachment":[{"href":"https:\/\/www.ccj.ufpb.br\/cdjp\/wp-json\/wp\/v2\/media?parent=311"}],"curies":[{"name":"wp","href":"https:\/\/api.w.org\/{rel}","templated":true}]}}