{"id":15,"date":"2024-11-29T18:08:54","date_gmt":"2024-11-29T18:08:54","guid":{"rendered":"https:\/\/www.ccj.ufpb.br\/cdjp\/?page_id=15"},"modified":"2024-12-05T16:30:09","modified_gmt":"2024-12-05T19:30:09","slug":"apresentacao","status":"publish","type":"page","link":"https:\/\/www.ccj.ufpb.br\/cdjp\/apresentacao\/","title":{"rendered":"Apresenta\u00e7\u00e3o"},"content":{"rendered":"\n<p class=\"has-medium-font-size\"><strong>Hist\u00f3rico<\/strong><\/p>\n\n\n\n<p><strong>A faculdade de Direito de Jo\u00e3o Pessoa<\/strong>&nbsp;foi criada h\u00e1 70 anos, em 11 de agosto de 1949, uma hist\u00f3ria de lutas e conquistas que implantou o Curso de Bacharelado em Ci\u00eancias Jur\u00eddicas na Para\u00edba.<br>O curso de Direito de Jo\u00e3o Pessoa est\u00e1 vinculado ao Centro de Ci\u00eancias Jur\u00eddicas \u2013 CCJ (que tamb\u00e9m conta com o curso de Direito de Santa Rita).<br>A Coordena\u00e7\u00e3o da Gradua\u00e7\u00e3o em Direito de Jo\u00e3o Pessoa tem a colabora\u00e7\u00e3o do Departamento de Direito P\u00fablico, Departamento de Direito Privado e Departamento de Direito Processual e Pr\u00e1tica Jur\u00eddica, que ofertam disciplinas para o nosso curso.<\/p>\n\n\n\n<p>Nosso curso est\u00e1 dividido em 10 per\u00edodos letivos. O hor\u00e1rio das aulas \u00e9 matutino ou noturno, de acordo com a op\u00e7\u00e3o de ingresso, com a oferta de disciplinas de Pr\u00e1tica Jur\u00eddica no turno vespertino.<br>Possu\u00edmos consolidados projetos de monitoria, pesquisa e extens\u00e3o que complementam o trip\u00e9 universit\u00e1rio do Ensino-Pesquisa-Extens\u00e3o. Orientamos, portanto, que todos os discentes participem de algum desses projetos ao longo do curso.<\/p>\n\n\n\n<p><\/p>\n","protected":false},"excerpt":{"rendered":"<p>O curso de Direito de Jo\u00e3o Pessoa est\u00e1 dividido em 10 per\u00edodos letivos. O hor\u00e1rio das aulas \u00e9 matutino ou noturno, de acordo com a op\u00e7\u00e3o de ingresso, com a oferta de disciplinas de Pr\u00e1tica Jur\u00eddica no turno vespertino.<br \/>\nPossu\u00edmos consolidados projetos de monitoria, pesquisa e extens\u00e3o que complementam o trip\u00e9 universit\u00e1rio do Ensino-Pesquisa-Extens\u00e3o. Orientamos, portanto, que todos os discentes participem de algum desses projetos ao longo do curso.<\/p>\n","protected":false},"author":47,"featured_media":26,"parent":0,"menu_order":0,"comment_status":"closed","ping_status":"closed","template":"","meta":{"footnotes":""},"class_list":["post-15","page","type-page","status-publish","has-post-thumbnail","hentry"],"_links":{"self":[{"href":"https:\/\/www.ccj.ufpb.br\/cdjp\/wp-json\/wp\/v2\/pages\/15","targetHints":{"allow":["GET"]}}],"collection":[{"href":"https:\/\/www.ccj.ufpb.br\/cdjp\/wp-json\/wp\/v2\/pages"}],"about":[{"href":"https:\/\/www.ccj.ufpb.br\/cdjp\/wp-json\/wp\/v2\/types\/page"}],"author":[{"embeddable":true,"href":"https:\/\/www.ccj.ufpb.br\/cdjp\/wp-json\/wp\/v2\/users\/47"}],"replies":[{"embeddable":true,"href":"https:\/\/www.ccj.ufpb.br\/cdjp\/wp-json\/wp\/v2\/comments?post=15"}],"version-history":[{"count":4,"href":"https:\/\/www.ccj.ufpb.br\/cdjp\/wp-json\/wp\/v2\/pages\/15\/revisions"}],"predecessor-version":[{"id":48,"href":"https:\/\/www.ccj.ufpb.br\/cdjp\/wp-json\/wp\/v2\/pages\/15\/revisions\/48"}],"wp:featuredmedia":[{"embeddable":true,"href":"https:\/\/www.ccj.ufpb.br\/cdjp\/wp-json\/wp\/v2\/media\/26"}],"wp:attachment":[{"href":"https:\/\/www.ccj.ufpb.br\/cdjp\/wp-json\/wp\/v2\/media?parent=15"}],"curies":[{"name":"wp","href":"https:\/\/api.w.org\/{rel}","templated":true}]}}